{"id":8236,"date":"2023-05-31T21:43:30","date_gmt":"2023-05-31T19:43:30","guid":{"rendered":"https:\/\/www.vermeister.com\/sito\/a-propos-de-nous\/mission-et-vision\/"},"modified":"2023-11-19T21:00:29","modified_gmt":"2023-11-19T20:00:29","slug":"mission-et-vision","status":"publish","type":"page","link":"https:\/\/www.vermeister.com\/fr\/a-propos-de-nous\/mission-et-vision\/","title":{"rendered":"Mission et Vision"},"content":{"rendered":"\t\t<div data-elementor-type=\"wp-page\" data-elementor-id=\"8236\" class=\"elementor elementor-8236 elementor-1685\">\n\t\t\t\t\t\t<section class=\"elementor-section elementor-top-section elementor-element elementor-element-56e7f84 elementor-section-stretched elementor-section-boxed elementor-section-height-default elementor-section-height-default\" data-id=\"56e7f84\" data-element_type=\"section\" data-settings=\"{&quot;jet_parallax_layout_list&quot;:[],&quot;stretch_section&quot;:&quot;section-stretched&quot;,&quot;background_background&quot;:&quot;classic&quot;}\">\n\t\t\t\t\t\t<div class=\"elementor-container elementor-column-gap-default\">\n\t\t\t\t\t<div class=\"elementor-column elementor-col-100 elementor-top-column elementor-element elementor-element-5868d4f\" data-id=\"5868d4f\" data-element_type=\"column\">\n\t\t\t<div class=\"elementor-widget-wrap elementor-element-populated\">\n\t\t\t\t\t\t<div class=\"elementor-element elementor-element-b452707 elementor-widget elementor-widget-heading\" data-id=\"b452707\" data-element_type=\"widget\" data-widget_type=\"heading.default\">\n\t\t\t\t<div class=\"elementor-widget-container\">\n\t\t\t<style>\/*! elementor - v3.23.0 - 05-08-2024 *\/\n.elementor-heading-title{padding:0;margin:0;line-height:1}.elementor-widget-heading .elementor-heading-title[class*=elementor-size-]>a{color:inherit;font-size:inherit;line-height:inherit}.elementor-widget-heading .elementor-heading-title.elementor-size-small{font-size:15px}.elementor-widget-heading .elementor-heading-title.elementor-size-medium{font-size:19px}.elementor-widget-heading .elementor-heading-title.elementor-size-large{font-size:29px}.elementor-widget-heading .elementor-heading-title.elementor-size-xl{font-size:39px}.elementor-widget-heading .elementor-heading-title.elementor-size-xxl{font-size:59px}<\/style><h2 class=\"elementor-heading-title elementor-size-default\">Mission et Vision<\/h2>\t\t<\/div>\n\t\t\t\t<\/div>\n\t\t\t\t\t<\/div>\n\t\t<\/div>\n\t\t\t\t\t<\/div>\n\t\t<\/section>\n\t\t\t\t<section class=\"elementor-section elementor-top-section elementor-element elementor-element-f1b7f30 elementor-section-stretched elementor-section-boxed elementor-section-height-default elementor-section-height-default\" data-id=\"f1b7f30\" data-element_type=\"section\" data-settings=\"{&quot;jet_parallax_layout_list&quot;:[],&quot;stretch_section&quot;:&quot;section-stretched&quot;,&quot;background_background&quot;:&quot;slideshow&quot;,&quot;background_slideshow_gallery&quot;:[{&quot;id&quot;:7470,&quot;url&quot;:&quot;https:\\\/\\\/www.vermeister.com\\\/sito\\\/wp-content\\\/uploads\\\/2023\\\/11\\\/bgMissionVision.jpg&quot;}],&quot;background_slideshow_loop&quot;:&quot;yes&quot;,&quot;background_slideshow_slide_duration&quot;:5000,&quot;background_slideshow_slide_transition&quot;:&quot;fade&quot;,&quot;background_slideshow_transition_duration&quot;:500}\">\n\t\t\t\t\t\t<div class=\"elementor-container elementor-column-gap-default\">\n\t\t\t\t\t<div class=\"elementor-column elementor-col-100 elementor-top-column elementor-element elementor-element-2125534\" data-id=\"2125534\" data-element_type=\"column\">\n\t\t\t<div class=\"elementor-widget-wrap elementor-element-populated\">\n\t\t\t\t\t\t<section class=\"elementor-section elementor-inner-section elementor-element elementor-element-9a0725b elementor-section-boxed elementor-section-height-default elementor-section-height-default\" data-id=\"9a0725b\" data-element_type=\"section\" data-settings=\"{&quot;jet_parallax_layout_list&quot;:[],&quot;background_background&quot;:&quot;classic&quot;}\">\n\t\t\t\t\t\t<div class=\"elementor-container elementor-column-gap-wider\">\n\t\t\t\t\t<div class=\"elementor-column elementor-col-100 elementor-inner-column elementor-element elementor-element-c2e32e3\" data-id=\"c2e32e3\" data-element_type=\"column\" data-settings=\"{&quot;background_background&quot;:&quot;classic&quot;}\">\n\t\t\t<div class=\"elementor-widget-wrap elementor-element-populated\">\n\t\t\t\t\t\t<div class=\"elementor-element elementor-element-800e31a elementor-position-top elementor-widget elementor-widget-image-box\" data-id=\"800e31a\" data-element_type=\"widget\" data-widget_type=\"image-box.default\">\n\t\t\t\t<div class=\"elementor-widget-container\">\n\t\t\t<style>\/*! elementor - v3.23.0 - 05-08-2024 *\/\n.elementor-widget-image-box .elementor-image-box-content{width:100%}@media (min-width:768px){.elementor-widget-image-box.elementor-position-left .elementor-image-box-wrapper,.elementor-widget-image-box.elementor-position-right .elementor-image-box-wrapper{display:flex}.elementor-widget-image-box.elementor-position-right .elementor-image-box-wrapper{text-align:end;flex-direction:row-reverse}.elementor-widget-image-box.elementor-position-left .elementor-image-box-wrapper{text-align:start;flex-direction:row}.elementor-widget-image-box.elementor-position-top .elementor-image-box-img{margin:auto}.elementor-widget-image-box.elementor-vertical-align-top .elementor-image-box-wrapper{align-items:flex-start}.elementor-widget-image-box.elementor-vertical-align-middle .elementor-image-box-wrapper{align-items:center}.elementor-widget-image-box.elementor-vertical-align-bottom .elementor-image-box-wrapper{align-items:flex-end}}@media (max-width:767px){.elementor-widget-image-box .elementor-image-box-img{margin-left:auto!important;margin-right:auto!important;margin-bottom:15px}}.elementor-widget-image-box .elementor-image-box-img{display:inline-block}.elementor-widget-image-box .elementor-image-box-title a{color:inherit}.elementor-widget-image-box .elementor-image-box-wrapper{text-align:center}.elementor-widget-image-box .elementor-image-box-description{margin:0}<\/style><div class=\"elementor-image-box-wrapper\"><figure class=\"elementor-image-box-img\"><img decoding=\"async\" width=\"200\" height=\"200\" src=\"https:\/\/www.vermeister.com\/sito\/wp-content\/uploads\/2023\/11\/ico_vision.webp\" class=\"attachment-full size-full wp-image-7517\" alt=\"\" srcset=\"https:\/\/www.vermeister.com\/sito\/wp-content\/uploads\/2023\/11\/ico_vision.webp 200w, https:\/\/www.vermeister.com\/sito\/wp-content\/uploads\/2023\/11\/ico_vision-150x150.webp 150w, https:\/\/www.vermeister.com\/sito\/wp-content\/uploads\/2023\/11\/ico_vision-100x100.webp 100w\" sizes=\"(max-width: 200px) 100vw, 200px\" \/><\/figure><div class=\"elementor-image-box-content\"><h3 class=\"elementor-image-box-title\">Vision<\/h3><p class=\"elementor-image-box-description\">\u00catre reconnu dans le monde entier comme entreprise hautement innovante et producteur d'excellence absolue dans la pose, le traitement et l'entretien des sols en bois.\n\n \n <\/p><\/div><\/div>\t\t<\/div>\n\t\t\t\t<\/div>\n\t\t\t\t<div class=\"elementor-element elementor-element-5ab4bde elementor-position-top elementor-widget elementor-widget-image-box\" data-id=\"5ab4bde\" data-element_type=\"widget\" data-widget_type=\"image-box.default\">\n\t\t\t\t<div class=\"elementor-widget-container\">\n\t\t\t<div class=\"elementor-image-box-wrapper\"><figure class=\"elementor-image-box-img\"><img decoding=\"async\" width=\"200\" height=\"200\" src=\"https:\/\/www.vermeister.com\/sito\/wp-content\/uploads\/2023\/11\/ico_mission.webp\" class=\"attachment-full size-full wp-image-7523\" alt=\"\" srcset=\"https:\/\/www.vermeister.com\/sito\/wp-content\/uploads\/2023\/11\/ico_mission.webp 200w, https:\/\/www.vermeister.com\/sito\/wp-content\/uploads\/2023\/11\/ico_mission-150x150.webp 150w, https:\/\/www.vermeister.com\/sito\/wp-content\/uploads\/2023\/11\/ico_mission-100x100.webp 100w\" sizes=\"(max-width: 200px) 100vw, 200px\" \/><\/figure><div class=\"elementor-image-box-content\"><h3 class=\"elementor-image-box-title\">Mission<\/h3><p class=\"elementor-image-box-description\">Notre entreprise est constamment engag\u00e9e \u00e0 mettre en place les normes les plus \u00e9lev\u00e9es en mati\u00e8re de performance des produits, sans jamais n\u00e9gliger la durabilit\u00e9 dans le sens du respect envers l'homme et l'environnement. Le respect est l'une des valeurs fondamentales qui caract\u00e9risent les relations de Vermeister avec chaque membre de l'entreprise, chacun de ses clients et chaque utilisateur final. Notre volont\u00e9 est de continuer \u00e0 pr\u00e9server jalousement l'identit\u00e9 de notre entreprise, qui s'est d\u00e9finie au fil des ans par la poursuite de l'excellence absolue. \n\n<\/p><\/div><\/div>\t\t<\/div>\n\t\t\t\t<\/div>\n\t\t\t\t\t<\/div>\n\t\t<\/div>\n\t\t\t\t\t<\/div>\n\t\t<\/section>\n\t\t\t\t\t<\/div>\n\t\t<\/div>\n\t\t\t\t\t<\/div>\n\t\t<\/section>\n\t\t\t\t<\/div>\n\t\t","protected":false},"excerpt":{"rendered":"<p>Vision \u00catre reconnu dans le monde entier comme entreprise hautement innovante et producteur d&rsquo;excellence absolue dans la pose, le traitement et l&rsquo;entretien des sols en bois. Mission Notre entreprise est constamment engag\u00e9e \u00e0 mettre en place les normes les plus \u00e9lev\u00e9es en mati\u00e8re de performance des produits, sans jamais n\u00e9gliger la durabilit\u00e9 dans le sens [&hellip;]<\/p>\n","protected":false},"author":1,"featured_media":0,"parent":8223,"menu_order":0,"comment_status":"closed","ping_status":"closed","template":"","meta":{"_acf_changed":false,"footnotes":""},"class_list":["post-8236","page","type-page","status-publish","hentry"],"acf":[],"yoast_head":"<!-- This site is optimized with the Yoast SEO plugin v27.1.1 - https:\/\/yoast.com\/product\/yoast-seo-wordpress\/ -->\n<title>Mission et Vision - Vermeister Spa<\/title>\n<meta name=\"robots\" content=\"index, follow, max-snippet:-1, max-image-preview:large, max-video-preview:-1\" \/>\n<link rel=\"canonical\" href=\"https:\/\/www.vermeister.com\/en\/about-us\/mission-vision\/\" \/>\n<meta property=\"og:locale\" content=\"fr_FR\" \/>\n<meta property=\"og:type\" content=\"article\" \/>\n<meta property=\"og:title\" content=\"Mission et Vision - Vermeister Spa\" \/>\n<meta property=\"og:description\" content=\"Vision \u00catre reconnu dans le monde entier comme entreprise hautement innovante et producteur d&rsquo;excellence absolue dans la pose, le traitement et l&rsquo;entretien des sols en bois. Mission Notre entreprise est constamment engag\u00e9e \u00e0 mettre en place les normes les plus \u00e9lev\u00e9es en mati\u00e8re de performance des produits, sans jamais n\u00e9gliger la durabilit\u00e9 dans le sens [&hellip;]\" \/>\n<meta property=\"og:url\" content=\"https:\/\/www.vermeister.com\/en\/about-us\/mission-vision\/\" \/>\n<meta property=\"og:site_name\" content=\"Vermeister Spa\" \/>\n<meta property=\"article:publisher\" content=\"https:\/\/www.facebook.com\/vermeister.spa\/\" \/>\n<meta property=\"article:modified_time\" content=\"2023-11-19T20:00:29+00:00\" \/>\n<meta property=\"og:image\" content=\"https:\/\/www.vermeister.com\/sito\/wp-content\/uploads\/2023\/11\/ico_vision.webp\" \/>\n<meta name=\"twitter:card\" content=\"summary_large_image\" \/>\n<meta name=\"twitter:label1\" content=\"Dur\u00e9e de lecture estim\u00e9e\" \/>\n\t<meta name=\"twitter:data1\" content=\"1 minute\" \/>\n<script type=\"application\/ld+json\" class=\"yoast-schema-graph\">{\"@context\":\"https:\/\/schema.org\",\"@graph\":[{\"@type\":\"WebPage\",\"@id\":\"https:\/\/www.vermeister.com\/en\/about-us\/mission-vision\/\",\"url\":\"https:\/\/www.vermeister.com\/en\/about-us\/mission-vision\/\",\"name\":\"Mission et Vision - Vermeister Spa\",\"isPartOf\":{\"@id\":\"https:\/\/www.vermeister.com\/#website\"},\"primaryImageOfPage\":{\"@id\":\"https:\/\/www.vermeister.com\/en\/about-us\/mission-vision\/#primaryimage\"},\"image\":{\"@id\":\"https:\/\/www.vermeister.com\/en\/about-us\/mission-vision\/#primaryimage\"},\"thumbnailUrl\":\"https:\/\/www.vermeister.com\/sito\/wp-content\/uploads\/2023\/11\/ico_vision.webp\",\"datePublished\":\"2023-05-31T19:43:30+00:00\",\"dateModified\":\"2023-11-19T20:00:29+00:00\",\"breadcrumb\":{\"@id\":\"https:\/\/www.vermeister.com\/en\/about-us\/mission-vision\/#breadcrumb\"},\"inLanguage\":\"fr-FR\",\"potentialAction\":[{\"@type\":\"ReadAction\",\"target\":[\"https:\/\/www.vermeister.com\/en\/about-us\/mission-vision\/\"]}]},{\"@type\":\"ImageObject\",\"inLanguage\":\"fr-FR\",\"@id\":\"https:\/\/www.vermeister.com\/en\/about-us\/mission-vision\/#primaryimage\",\"url\":\"https:\/\/www.vermeister.com\/sito\/wp-content\/uploads\/2023\/11\/ico_vision.webp\",\"contentUrl\":\"https:\/\/www.vermeister.com\/sito\/wp-content\/uploads\/2023\/11\/ico_vision.webp\"},{\"@type\":\"BreadcrumbList\",\"@id\":\"https:\/\/www.vermeister.com\/en\/about-us\/mission-vision\/#breadcrumb\",\"itemListElement\":[{\"@type\":\"ListItem\",\"position\":1,\"name\":\"Home\",\"item\":\"https:\/\/www.vermeister.com\/\"},{\"@type\":\"ListItem\",\"position\":2,\"name\":\"\u00c0 propos de nous\",\"item\":\"https:\/\/www.vermeister.com\/en\/about-us\/\"},{\"@type\":\"ListItem\",\"position\":3,\"name\":\"Mission et Vision\"}]},{\"@type\":\"WebSite\",\"@id\":\"https:\/\/www.vermeister.com\/#website\",\"url\":\"https:\/\/www.vermeister.com\/\",\"name\":\"Vermeister Spa\",\"description\":\"Solutions for wood floors\",\"publisher\":{\"@id\":\"https:\/\/www.vermeister.com\/#organization\"},\"potentialAction\":[{\"@type\":\"SearchAction\",\"target\":{\"@type\":\"EntryPoint\",\"urlTemplate\":\"https:\/\/www.vermeister.com\/?s={search_term_string}\"},\"query-input\":{\"@type\":\"PropertyValueSpecification\",\"valueRequired\":true,\"valueName\":\"search_term_string\"}}],\"inLanguage\":\"fr-FR\"},{\"@type\":\"Organization\",\"@id\":\"https:\/\/www.vermeister.com\/#organization\",\"name\":\"Vermeister Spa\",\"url\":\"https:\/\/www.vermeister.com\/\",\"logo\":{\"@type\":\"ImageObject\",\"inLanguage\":\"fr-FR\",\"@id\":\"https:\/\/www.vermeister.com\/#\/schema\/logo\/image\/\",\"url\":\"https:\/\/www.vermeister.com\/sito\/wp-content\/uploads\/2023\/03\/logo.png\",\"contentUrl\":\"https:\/\/www.vermeister.com\/sito\/wp-content\/uploads\/2023\/03\/logo.png\",\"width\":400,\"height\":107,\"caption\":\"Vermeister Spa\"},\"image\":{\"@id\":\"https:\/\/www.vermeister.com\/#\/schema\/logo\/image\/\"},\"sameAs\":[\"https:\/\/www.facebook.com\/vermeister.spa\/\",\"https:\/\/www.instagram.com\/vermeisterspa\/\",\"https:\/\/www.linkedin.com\/company\/vermeister-spa\/\",\"https:\/\/www.youtube.com\/@VERMEISTERSPA\"]}]}<\/script>\n<!-- \/ Yoast SEO plugin. -->","yoast_head_json":{"title":"Mission et Vision - Vermeister Spa","robots":{"index":"index","follow":"follow","max-snippet":"max-snippet:-1","max-image-preview":"max-image-preview:large","max-video-preview":"max-video-preview:-1"},"canonical":"https:\/\/www.vermeister.com\/en\/about-us\/mission-vision\/","og_locale":"fr_FR","og_type":"article","og_title":"Mission et Vision - Vermeister Spa","og_description":"Vision \u00catre reconnu dans le monde entier comme entreprise hautement innovante et producteur d&rsquo;excellence absolue dans la pose, le traitement et l&rsquo;entretien des sols en bois. Mission Notre entreprise est constamment engag\u00e9e \u00e0 mettre en place les normes les plus \u00e9lev\u00e9es en mati\u00e8re de performance des produits, sans jamais n\u00e9gliger la durabilit\u00e9 dans le sens [&hellip;]","og_url":"https:\/\/www.vermeister.com\/en\/about-us\/mission-vision\/","og_site_name":"Vermeister Spa","article_publisher":"https:\/\/www.facebook.com\/vermeister.spa\/","article_modified_time":"2023-11-19T20:00:29+00:00","og_image":[{"url":"https:\/\/www.vermeister.com\/sito\/wp-content\/uploads\/2023\/11\/ico_vision.webp","type":"","width":"","height":""}],"twitter_card":"summary_large_image","twitter_misc":{"Dur\u00e9e de lecture estim\u00e9e":"1 minute"},"schema":{"@context":"https:\/\/schema.org","@graph":[{"@type":"WebPage","@id":"https:\/\/www.vermeister.com\/en\/about-us\/mission-vision\/","url":"https:\/\/www.vermeister.com\/en\/about-us\/mission-vision\/","name":"Mission et Vision - Vermeister Spa","isPartOf":{"@id":"https:\/\/www.vermeister.com\/#website"},"primaryImageOfPage":{"@id":"https:\/\/www.vermeister.com\/en\/about-us\/mission-vision\/#primaryimage"},"image":{"@id":"https:\/\/www.vermeister.com\/en\/about-us\/mission-vision\/#primaryimage"},"thumbnailUrl":"https:\/\/www.vermeister.com\/sito\/wp-content\/uploads\/2023\/11\/ico_vision.webp","datePublished":"2023-05-31T19:43:30+00:00","dateModified":"2023-11-19T20:00:29+00:00","breadcrumb":{"@id":"https:\/\/www.vermeister.com\/en\/about-us\/mission-vision\/#breadcrumb"},"inLanguage":"fr-FR","potentialAction":[{"@type":"ReadAction","target":["https:\/\/www.vermeister.com\/en\/about-us\/mission-vision\/"]}]},{"@type":"ImageObject","inLanguage":"fr-FR","@id":"https:\/\/www.vermeister.com\/en\/about-us\/mission-vision\/#primaryimage","url":"https:\/\/www.vermeister.com\/sito\/wp-content\/uploads\/2023\/11\/ico_vision.webp","contentUrl":"https:\/\/www.vermeister.com\/sito\/wp-content\/uploads\/2023\/11\/ico_vision.webp"},{"@type":"BreadcrumbList","@id":"https:\/\/www.vermeister.com\/en\/about-us\/mission-vision\/#breadcrumb","itemListElement":[{"@type":"ListItem","position":1,"name":"Home","item":"https:\/\/www.vermeister.com\/"},{"@type":"ListItem","position":2,"name":"\u00c0 propos de nous","item":"https:\/\/www.vermeister.com\/en\/about-us\/"},{"@type":"ListItem","position":3,"name":"Mission et Vision"}]},{"@type":"WebSite","@id":"https:\/\/www.vermeister.com\/#website","url":"https:\/\/www.vermeister.com\/","name":"Vermeister Spa","description":"Solutions for wood floors","publisher":{"@id":"https:\/\/www.vermeister.com\/#organization"},"potentialAction":[{"@type":"SearchAction","target":{"@type":"EntryPoint","urlTemplate":"https:\/\/www.vermeister.com\/?s={search_term_string}"},"query-input":{"@type":"PropertyValueSpecification","valueRequired":true,"valueName":"search_term_string"}}],"inLanguage":"fr-FR"},{"@type":"Organization","@id":"https:\/\/www.vermeister.com\/#organization","name":"Vermeister Spa","url":"https:\/\/www.vermeister.com\/","logo":{"@type":"ImageObject","inLanguage":"fr-FR","@id":"https:\/\/www.vermeister.com\/#\/schema\/logo\/image\/","url":"https:\/\/www.vermeister.com\/sito\/wp-content\/uploads\/2023\/03\/logo.png","contentUrl":"https:\/\/www.vermeister.com\/sito\/wp-content\/uploads\/2023\/03\/logo.png","width":400,"height":107,"caption":"Vermeister Spa"},"image":{"@id":"https:\/\/www.vermeister.com\/#\/schema\/logo\/image\/"},"sameAs":["https:\/\/www.facebook.com\/vermeister.spa\/","https:\/\/www.instagram.com\/vermeisterspa\/","https:\/\/www.linkedin.com\/company\/vermeister-spa\/","https:\/\/www.youtube.com\/@VERMEISTERSPA"]}]}},"_links":{"self":[{"href":"https:\/\/www.vermeister.com\/fr\/wp-json\/wp\/v2\/pages\/8236","targetHints":{"allow":["GET"]}}],"collection":[{"href":"https:\/\/www.vermeister.com\/fr\/wp-json\/wp\/v2\/pages"}],"about":[{"href":"https:\/\/www.vermeister.com\/fr\/wp-json\/wp\/v2\/types\/page"}],"author":[{"embeddable":true,"href":"https:\/\/www.vermeister.com\/fr\/wp-json\/wp\/v2\/users\/1"}],"replies":[{"embeddable":true,"href":"https:\/\/www.vermeister.com\/fr\/wp-json\/wp\/v2\/comments?post=8236"}],"version-history":[{"count":0,"href":"https:\/\/www.vermeister.com\/fr\/wp-json\/wp\/v2\/pages\/8236\/revisions"}],"up":[{"embeddable":true,"href":"https:\/\/www.vermeister.com\/fr\/wp-json\/wp\/v2\/pages\/8223"}],"wp:attachment":[{"href":"https:\/\/www.vermeister.com\/fr\/wp-json\/wp\/v2\/media?parent=8236"}],"curies":[{"name":"wp","href":"https:\/\/api.w.org\/{rel}","templated":true}]}}