{"id":7054,"date":"2023-06-13T23:35:22","date_gmt":"2023-06-13T21:35:22","guid":{"rendered":"https:\/\/www.vermeister.com\/sito\/professionisti\/experience\/safe-wood\/"},"modified":"2024-04-27T19:17:56","modified_gmt":"2024-04-27T17:17:56","slug":"safe-wood","status":"publish","type":"page","link":"https:\/\/www.vermeister.com\/fr\/produits-pour-professionels\/experience\/safe-wood\/","title":{"rendered":"Safe Wood"},"content":{"rendered":"\t\t<div data-elementor-type=\"wp-page\" data-elementor-id=\"7054\" class=\"elementor elementor-7054 elementor-2233\">\n\t\t\t\t\t\t<section class=\"elementor-section elementor-top-section elementor-element elementor-element-ed4753d elementor-section-boxed elementor-section-height-default elementor-section-height-default\" data-id=\"ed4753d\" data-element_type=\"section\" data-settings=\"{&quot;jet_parallax_layout_list&quot;:[]}\">\n\t\t\t\t\t\t<div class=\"elementor-container elementor-column-gap-default\">\n\t\t\t\t\t<div class=\"elementor-column elementor-col-50 elementor-top-column elementor-element elementor-element-06afd22\" data-id=\"06afd22\" data-element_type=\"column\">\n\t\t\t<div class=\"elementor-widget-wrap elementor-element-populated\">\n\t\t\t\t\t\t<div class=\"elementor-element elementor-element-77e6286 elementor-widget elementor-widget-heading\" data-id=\"77e6286\" data-element_type=\"widget\" data-widget_type=\"heading.default\">\n\t\t\t\t<div class=\"elementor-widget-container\">\n\t\t\t<style>\/*! elementor - v3.23.0 - 05-08-2024 *\/\n.elementor-heading-title{padding:0;margin:0;line-height:1}.elementor-widget-heading .elementor-heading-title[class*=elementor-size-]>a{color:inherit;font-size:inherit;line-height:inherit}.elementor-widget-heading .elementor-heading-title.elementor-size-small{font-size:15px}.elementor-widget-heading .elementor-heading-title.elementor-size-medium{font-size:19px}.elementor-widget-heading .elementor-heading-title.elementor-size-large{font-size:29px}.elementor-widget-heading .elementor-heading-title.elementor-size-xl{font-size:39px}.elementor-widget-heading .elementor-heading-title.elementor-size-xxl{font-size:59px}<\/style><h1 class=\"elementor-heading-title elementor-size-default\">Safe Wood<\/h1>\t\t<\/div>\n\t\t\t\t<\/div>\n\t\t\t\t<div class=\"elementor-element elementor-element-ed67bbc elementor-widget elementor-widget-heading\" data-id=\"ed67bbc\" data-element_type=\"widget\" data-widget_type=\"heading.default\">\n\t\t\t\t<div class=\"elementor-widget-container\">\n\t\t\t<h2 class=\"elementor-heading-title elementor-size-default\">Solution protectrice<\/h2>\t\t<\/div>\n\t\t\t\t<\/div>\n\t\t\t\t<div class=\"elementor-element elementor-element-a9706c9 elementor-widget-divider--view-line elementor-widget elementor-widget-divider\" data-id=\"a9706c9\" data-element_type=\"widget\" data-widget_type=\"divider.default\">\n\t\t\t\t<div class=\"elementor-widget-container\">\n\t\t\t<style>\/*! elementor - v3.23.0 - 05-08-2024 *\/\n.elementor-widget-divider{--divider-border-style:none;--divider-border-width:1px;--divider-color:#0c0d0e;--divider-icon-size:20px;--divider-element-spacing:10px;--divider-pattern-height:24px;--divider-pattern-size:20px;--divider-pattern-url:none;--divider-pattern-repeat:repeat-x}.elementor-widget-divider .elementor-divider{display:flex}.elementor-widget-divider .elementor-divider__text{font-size:15px;line-height:1;max-width:95%}.elementor-widget-divider .elementor-divider__element{margin:0 var(--divider-element-spacing);flex-shrink:0}.elementor-widget-divider .elementor-icon{font-size:var(--divider-icon-size)}.elementor-widget-divider .elementor-divider-separator{display:flex;margin:0;direction:ltr}.elementor-widget-divider--view-line_icon .elementor-divider-separator,.elementor-widget-divider--view-line_text .elementor-divider-separator{align-items:center}.elementor-widget-divider--view-line_icon .elementor-divider-separator:after,.elementor-widget-divider--view-line_icon .elementor-divider-separator:before,.elementor-widget-divider--view-line_text .elementor-divider-separator:after,.elementor-widget-divider--view-line_text .elementor-divider-separator:before{display:block;content:\"\";border-block-end:0;flex-grow:1;border-block-start:var(--divider-border-width) var(--divider-border-style) var(--divider-color)}.elementor-widget-divider--element-align-left .elementor-divider .elementor-divider-separator>.elementor-divider__svg:first-of-type{flex-grow:0;flex-shrink:100}.elementor-widget-divider--element-align-left .elementor-divider-separator:before{content:none}.elementor-widget-divider--element-align-left .elementor-divider__element{margin-left:0}.elementor-widget-divider--element-align-right .elementor-divider .elementor-divider-separator>.elementor-divider__svg:last-of-type{flex-grow:0;flex-shrink:100}.elementor-widget-divider--element-align-right .elementor-divider-separator:after{content:none}.elementor-widget-divider--element-align-right .elementor-divider__element{margin-right:0}.elementor-widget-divider--element-align-start .elementor-divider .elementor-divider-separator>.elementor-divider__svg:first-of-type{flex-grow:0;flex-shrink:100}.elementor-widget-divider--element-align-start .elementor-divider-separator:before{content:none}.elementor-widget-divider--element-align-start .elementor-divider__element{margin-inline-start:0}.elementor-widget-divider--element-align-end .elementor-divider .elementor-divider-separator>.elementor-divider__svg:last-of-type{flex-grow:0;flex-shrink:100}.elementor-widget-divider--element-align-end .elementor-divider-separator:after{content:none}.elementor-widget-divider--element-align-end .elementor-divider__element{margin-inline-end:0}.elementor-widget-divider:not(.elementor-widget-divider--view-line_text):not(.elementor-widget-divider--view-line_icon) .elementor-divider-separator{border-block-start:var(--divider-border-width) var(--divider-border-style) var(--divider-color)}.elementor-widget-divider--separator-type-pattern{--divider-border-style:none}.elementor-widget-divider--separator-type-pattern.elementor-widget-divider--view-line .elementor-divider-separator,.elementor-widget-divider--separator-type-pattern:not(.elementor-widget-divider--view-line) .elementor-divider-separator:after,.elementor-widget-divider--separator-type-pattern:not(.elementor-widget-divider--view-line) .elementor-divider-separator:before,.elementor-widget-divider--separator-type-pattern:not([class*=elementor-widget-divider--view]) .elementor-divider-separator{width:100%;min-height:var(--divider-pattern-height);-webkit-mask-size:var(--divider-pattern-size) 100%;mask-size:var(--divider-pattern-size) 100%;-webkit-mask-repeat:var(--divider-pattern-repeat);mask-repeat:var(--divider-pattern-repeat);background-color:var(--divider-color);-webkit-mask-image:var(--divider-pattern-url);mask-image:var(--divider-pattern-url)}.elementor-widget-divider--no-spacing{--divider-pattern-size:auto}.elementor-widget-divider--bg-round{--divider-pattern-repeat:round}.rtl .elementor-widget-divider .elementor-divider__text{direction:rtl}.e-con-inner>.elementor-widget-divider,.e-con>.elementor-widget-divider{width:var(--container-widget-width,100%);--flex-grow:var(--container-widget-flex-grow)}<\/style>\t\t<div class=\"elementor-divider\">\n\t\t\t<span class=\"elementor-divider-separator\">\n\t\t\t\t\t\t<\/span>\n\t\t<\/div>\n\t\t\t\t<\/div>\n\t\t\t\t<\/div>\n\t\t\t\t<div class=\"elementor-element elementor-element-de62644 elementor-widget elementor-widget-text-editor\" data-id=\"de62644\" data-element_type=\"widget\" data-widget_type=\"text-editor.default\">\n\t\t\t\t<div class=\"elementor-widget-container\">\n\t\t\t<style>\/*! elementor - v3.23.0 - 05-08-2024 *\/\n.elementor-widget-text-editor.elementor-drop-cap-view-stacked .elementor-drop-cap{background-color:#69727d;color:#fff}.elementor-widget-text-editor.elementor-drop-cap-view-framed .elementor-drop-cap{color:#69727d;border:3px solid;background-color:transparent}.elementor-widget-text-editor:not(.elementor-drop-cap-view-default) .elementor-drop-cap{margin-top:8px}.elementor-widget-text-editor:not(.elementor-drop-cap-view-default) .elementor-drop-cap-letter{width:1em;height:1em}.elementor-widget-text-editor .elementor-drop-cap{float:left;text-align:center;line-height:1;font-size:50px}.elementor-widget-text-editor .elementor-drop-cap-letter{display:inline-block}<\/style>\t\t\t\t<p>Solution de substances chimiques en mesure de prot\u00e9ger l\u2019\u00e9l\u00e9ment en bois dans le temps. SAFE WOOD garantit une grande long\u00e9vit\u00e9 c\u2019est pourquoi il est recommand\u00e9 lorsque l\u2019on utilise des <br \/>essences peu r\u00e9sistantes, des choix avec aubier et dans tous les cas o\u00f9 les probl\u00e8mes de vieillissement sont plus probables.<\/p>\n\t\t\t\t\t\t<\/div>\n\t\t\t\t<\/div>\n\t\t\t\t<div class=\"elementor-element elementor-element-5cbc7d1 elementor-widget elementor-widget-jet-table\" data-id=\"5cbc7d1\" data-element_type=\"widget\" data-widget_type=\"jet-table.default\">\n\t\t\t\t<div class=\"elementor-widget-container\">\n\t\t\t<div class=\"elementor-jet-table jet-elements\">\n\t\t<div class=\"jet-table-wrapper\">\n\t\t\t<table class=\"jet-table jet-table--fa5-compat\">\n\t\t\t\t<thead class=\"jet-table__head\"><tr class=\"jet-table__head-row\"><th class=\"jet-table__cell elementor-repeater-item-da78fec jet-table__head-cell\" colspan=\"2\" scope=\"col\"><div class=\"jet-table__cell-inner\"><div class=\"jet-table__cell-content\"><div class=\"jet-table__cell-text\">INFORMATIONS TECHNIQUES<\/div><\/div><\/div><\/th><\/tr><\/thead>\n\t\t\t\t\t\t\t\t<tbody class=\"jet-table__body\"><tr class=\"jet-table__body-row elementor-repeater-item-f43088c\"><td class=\"jet-table__cell elementor-repeater-item-36f4ee4 jet-table__body-cell\"><div class=\"jet-table__cell-inner\"><div class=\"jet-table__cell-content\"><div class=\"jet-table__cell-text\">Revernissage (heures)<\/div><\/div><\/div><\/td><td class=\"jet-table__cell elementor-repeater-item-83e3930 jet-table__body-cell\"><div class=\"jet-table__cell-inner\"><div class=\"jet-table__cell-content\"><div class=\"jet-table__cell-text\">15<\/div><\/div><\/div><\/td><\/tr><tr class=\"jet-table__body-row elementor-repeater-item-ef04091\"><td class=\"jet-table__cell elementor-repeater-item-8445a1d jet-table__body-cell\"><div class=\"jet-table__cell-inner\"><div class=\"jet-table__cell-content\"><div class=\"jet-table__cell-text\">M\u00e9thode d\u2019application<\/div><\/div><\/div><\/td><td class=\"jet-table__cell elementor-repeater-item-2641489 jet-table__body-cell\"><div class=\"jet-table__cell-inner\"><div class=\"jet-table__cell-content\"><div class=\"jet-table__cell-text\">Rouleau, Pinceau<\/div><\/div><\/div><\/td><\/tr><tr class=\"jet-table__body-row elementor-repeater-item-6da201e\"><td class=\"jet-table__cell elementor-repeater-item-3aa2344 jet-table__body-cell\"><div class=\"jet-table__cell-inner\"><div class=\"jet-table__cell-content\"><div class=\"jet-table__cell-text\">Consommation moyenne par couche (g\/m2)<\/div><\/div><\/div><\/td><td class=\"jet-table__cell elementor-repeater-item-2e61d6f jet-table__body-cell\"><div class=\"jet-table__cell-inner\"><div class=\"jet-table__cell-content\"><div class=\"jet-table__cell-text\">80<\/div><\/div><\/div><\/td><\/tr><\/tbody>\n\t\t\t<\/table>\n\t\t<\/div>\n\n\t\t<\/div>\t\t<\/div>\n\t\t\t\t<\/div>\n\t\t\t\t\t<\/div>\n\t\t<\/div>\n\t\t\t\t<div class=\"elementor-column elementor-col-50 elementor-top-column elementor-element elementor-element-fc892a9\" data-id=\"fc892a9\" data-element_type=\"column\">\n\t\t\t<div class=\"elementor-widget-wrap elementor-element-populated\">\n\t\t\t\t\t\t\t<\/div>\n\t\t<\/div>\n\t\t\t\t\t<\/div>\n\t\t<\/section>\n\t\t\t\t<section class=\"elementor-section elementor-top-section elementor-element elementor-element-0f74cbf elementor-section-stretched elementor-section-content-top elementor-section-boxed elementor-section-height-default elementor-section-height-default\" data-id=\"0f74cbf\" data-element_type=\"section\" data-settings=\"{&quot;stretch_section&quot;:&quot;section-stretched&quot;,&quot;background_background&quot;:&quot;classic&quot;,&quot;jet_parallax_layout_list&quot;:[]}\">\n\t\t\t\t\t\t<div class=\"elementor-container elementor-column-gap-custom\">\n\t\t\t\t\t<div class=\"elementor-column elementor-col-50 elementor-top-column elementor-element elementor-element-ab2a232\" data-id=\"ab2a232\" data-element_type=\"column\">\n\t\t\t<div class=\"elementor-widget-wrap elementor-element-populated\">\n\t\t\t\t\t\t<div class=\"elementor-element elementor-element-9c4f301 elementor-widget elementor-widget-jet-table\" data-id=\"9c4f301\" data-element_type=\"widget\" data-widget_type=\"jet-table.default\">\n\t\t\t\t<div class=\"elementor-widget-container\">\n\t\t\t<div class=\"elementor-jet-table jet-elements\">\n\t\t<div class=\"jet-table-wrapper\">\n\t\t\t<table class=\"jet-table jet-table--fa5-compat\">\n\t\t\t\t<thead class=\"jet-table__head\"><tr class=\"jet-table__head-row\"><th class=\"jet-table__cell elementor-repeater-item-da78fec jet-table__head-cell\" scope=\"col\"><div class=\"jet-table__cell-inner\"><div class=\"jet-table__cell-content\"><div class=\"jet-table__cell-text\">CARACT\u00c9RISTIQUES<\/div><\/div><\/div><\/th><\/tr><\/thead>\n\t\t\t\t\t\t\t\t<tbody class=\"jet-table__body\"><tr class=\"jet-table__body-row elementor-repeater-item-f43088c\"><td class=\"jet-table__cell elementor-repeater-item-36f4ee4 jet-table__body-cell\"><div class=\"jet-table__cell-inner\"><div class=\"jet-table__cell-content\"><div class=\"jet-table__cell-text\">Convient pour des essences peu r\u00e9sistantes, choix avec aubier et des bois sensibles aux probl\u00e8mes de vieillissement.\n<\/div><\/div><\/div><\/td><\/tr><\/tbody>\n\t\t\t<\/table>\n\t\t<\/div>\n\n\t\t<\/div>\t\t<\/div>\n\t\t\t\t<\/div>\n\t\t\t\t\t<\/div>\n\t\t<\/div>\n\t\t\t\t<div class=\"elementor-column elementor-col-50 elementor-top-column elementor-element elementor-element-cfd198d\" data-id=\"cfd198d\" data-element_type=\"column\">\n\t\t\t<div class=\"elementor-widget-wrap elementor-element-populated\">\n\t\t\t\t\t\t<div class=\"elementor-element elementor-element-8573681 elementor-widget elementor-widget-jet-table\" data-id=\"8573681\" data-element_type=\"widget\" data-widget_type=\"jet-table.default\">\n\t\t\t\t<div class=\"elementor-widget-container\">\n\t\t\t<div class=\"elementor-jet-table jet-elements\">\n\t\t<div class=\"jet-table-wrapper\">\n\t\t\t<table class=\"jet-table jet-table--fa5-compat\">\n\t\t\t\t<thead class=\"jet-table__head\"><tr class=\"jet-table__head-row\"><th class=\"jet-table__cell elementor-repeater-item-da78fec jet-table__head-cell\" scope=\"col\"><div class=\"jet-table__cell-inner\"><div class=\"jet-table__cell-content\"><div class=\"jet-table__cell-text\">DOWNLOAD<\/div><\/div><\/div><\/th><\/tr><\/thead>\n\t\t\t\t\t\t\t\t<tbody class=\"jet-table__body\"><tr class=\"jet-table__body-row elementor-repeater-item-f43088c\"><td class=\"jet-table__cell elementor-repeater-item-36f4ee4 jet-table__body-cell\"><a class=\"jet-table__cell-inner jet-table__cell-link\" href=\"\/doc\/schede_tecniche\/experience\/safe_wood_fr.pdf\" target=\"_blank\"><div class=\"jet-table__cell-content\"><span class=\"jet-elements-icon jet-table__cell-icon jet-table__cell-icon--before\"><i aria-hidden=\"true\" class=\"far fa-file-pdf\"><\/i><\/span><div class=\"jet-table__cell-text\">Fiche Technique<\/div><\/div><\/a><\/td><\/tr><tr class=\"jet-table__body-row elementor-repeater-item-c07e86b\"><td class=\"jet-table__cell elementor-repeater-item-e067fed jet-table__body-cell\"><a class=\"jet-table__cell-inner jet-table__cell-link\" href=\"mailto:msds@vermeister.com?subject=Scheda%20sicurezza%20Safe%20Wood\" target=\"_blank\"><div class=\"jet-table__cell-content\"><span class=\"jet-elements-icon jet-table__cell-icon jet-table__cell-icon--before\"><i aria-hidden=\"true\" class=\"far fa-envelope\"><\/i><\/span><div class=\"jet-table__cell-text\">Fiche de S\u00e9curit\u00e9<\/div><\/div><\/a><\/td><\/tr><\/tbody>\n\t\t\t<\/table>\n\t\t<\/div>\n\n\t\t<\/div>\t\t<\/div>\n\t\t\t\t<\/div>\n\t\t\t\t\t<\/div>\n\t\t<\/div>\n\t\t\t\t\t<\/div>\n\t\t<\/section>\n\t\t\t\t<\/div>\n\t\t","protected":false},"excerpt":{"rendered":"<p>Solution protectrice Solution de substances chimiques en mesure de prot\u00e9ger l\u2019\u00e9l\u00e9ment en bois dans le temps. SAFE WOOD garantit une grande long\u00e9vit\u00e9 c\u2019est pourquoi il est recommand\u00e9 lorsque l\u2019on utilise des essences peu r\u00e9sistantes, des choix avec aubier et dans tous les cas o\u00f9 les probl\u00e8mes de vieillissement sont plus probables. INFORMATIONS TECHNIQUES Revernissage (heures) [&hellip;]<\/p>\n","protected":false},"author":1,"featured_media":0,"parent":7030,"menu_order":0,"comment_status":"closed","ping_status":"closed","template":"","meta":{"_acf_changed":false,"footnotes":""},"class_list":["post-7054","page","type-page","status-publish","hentry"],"acf":[],"yoast_head":"<!-- This site is optimized with the Yoast SEO plugin v27.1.1 - https:\/\/yoast.com\/product\/yoast-seo-wordpress\/ -->\n<title>Safe Wood Solution protectrice Vermeister Spa<\/title>\n<meta name=\"description\" content=\"Safe Wood Solution de substances chimiques en mesure de prot\u00e9ger l\u2019\u00e9l\u00e9ment en bois dans le temps.\" \/>\n<meta name=\"robots\" content=\"index, follow, max-snippet:-1, max-image-preview:large, max-video-preview:-1\" \/>\n<link rel=\"canonical\" href=\"https:\/\/www.vermeister.com\/professionisti\/experience\/safe-wood\/\" \/>\n<meta property=\"og:locale\" content=\"fr_FR\" \/>\n<meta property=\"og:type\" content=\"article\" \/>\n<meta property=\"og:title\" content=\"Safe Wood Solution protectrice Vermeister Spa\" \/>\n<meta property=\"og:description\" content=\"Safe Wood Solution de substances chimiques en mesure de prot\u00e9ger l\u2019\u00e9l\u00e9ment en bois dans le temps.\" \/>\n<meta property=\"og:url\" content=\"https:\/\/www.vermeister.com\/professionisti\/experience\/safe-wood\/\" \/>\n<meta property=\"og:site_name\" content=\"Vermeister Spa\" \/>\n<meta property=\"article:publisher\" content=\"https:\/\/www.facebook.com\/vermeister.spa\/\" \/>\n<meta property=\"article:modified_time\" content=\"2024-04-27T17:17:56+00:00\" \/>\n<meta property=\"og:image\" content=\"https:\/\/www.vermeister.com\/sito\/wp-content\/uploads\/2023\/03\/logo.png\" \/>\n\t<meta property=\"og:image:width\" content=\"400\" \/>\n\t<meta property=\"og:image:height\" content=\"107\" \/>\n\t<meta property=\"og:image:type\" content=\"image\/png\" \/>\n<meta name=\"twitter:card\" content=\"summary_large_image\" \/>\n<meta name=\"twitter:label1\" content=\"Dur\u00e9e de lecture estim\u00e9e\" \/>\n\t<meta name=\"twitter:data1\" content=\"1 minute\" \/>\n<script type=\"application\/ld+json\" class=\"yoast-schema-graph\">{\"@context\":\"https:\/\/schema.org\",\"@graph\":[{\"@type\":\"WebPage\",\"@id\":\"https:\/\/www.vermeister.com\/professionisti\/experience\/safe-wood\/\",\"url\":\"https:\/\/www.vermeister.com\/professionisti\/experience\/safe-wood\/\",\"name\":\"Safe Wood Solution protectrice Vermeister Spa\",\"isPartOf\":{\"@id\":\"https:\/\/www.vermeister.com\/#website\"},\"datePublished\":\"2023-06-13T21:35:22+00:00\",\"dateModified\":\"2024-04-27T17:17:56+00:00\",\"description\":\"Safe Wood Solution de substances chimiques en mesure de prot\u00e9ger l\u2019\u00e9l\u00e9ment en bois dans le temps.\",\"breadcrumb\":{\"@id\":\"https:\/\/www.vermeister.com\/professionisti\/experience\/safe-wood\/#breadcrumb\"},\"inLanguage\":\"fr-FR\",\"potentialAction\":[{\"@type\":\"ReadAction\",\"target\":[\"https:\/\/www.vermeister.com\/professionisti\/experience\/safe-wood\/\"]}]},{\"@type\":\"BreadcrumbList\",\"@id\":\"https:\/\/www.vermeister.com\/professionisti\/experience\/safe-wood\/#breadcrumb\",\"itemListElement\":[{\"@type\":\"ListItem\",\"position\":1,\"name\":\"Home\",\"item\":\"https:\/\/www.vermeister.com\/\"},{\"@type\":\"ListItem\",\"position\":2,\"name\":\"Produits pour professionels\",\"item\":\"https:\/\/www.vermeister.com\/professionisti\/\"},{\"@type\":\"ListItem\",\"position\":3,\"name\":\"Experience\",\"item\":\"https:\/\/www.vermeister.com\/professionisti\/experience\/\"},{\"@type\":\"ListItem\",\"position\":4,\"name\":\"Safe Wood\"}]},{\"@type\":\"WebSite\",\"@id\":\"https:\/\/www.vermeister.com\/#website\",\"url\":\"https:\/\/www.vermeister.com\/\",\"name\":\"Vermeister Spa\",\"description\":\"Solutions for wood floors\",\"publisher\":{\"@id\":\"https:\/\/www.vermeister.com\/#organization\"},\"potentialAction\":[{\"@type\":\"SearchAction\",\"target\":{\"@type\":\"EntryPoint\",\"urlTemplate\":\"https:\/\/www.vermeister.com\/?s={search_term_string}\"},\"query-input\":{\"@type\":\"PropertyValueSpecification\",\"valueRequired\":true,\"valueName\":\"search_term_string\"}}],\"inLanguage\":\"fr-FR\"},{\"@type\":\"Organization\",\"@id\":\"https:\/\/www.vermeister.com\/#organization\",\"name\":\"Vermeister Spa\",\"url\":\"https:\/\/www.vermeister.com\/\",\"logo\":{\"@type\":\"ImageObject\",\"inLanguage\":\"fr-FR\",\"@id\":\"https:\/\/www.vermeister.com\/#\/schema\/logo\/image\/\",\"url\":\"https:\/\/www.vermeister.com\/sito\/wp-content\/uploads\/2023\/03\/logo.png\",\"contentUrl\":\"https:\/\/www.vermeister.com\/sito\/wp-content\/uploads\/2023\/03\/logo.png\",\"width\":400,\"height\":107,\"caption\":\"Vermeister Spa\"},\"image\":{\"@id\":\"https:\/\/www.vermeister.com\/#\/schema\/logo\/image\/\"},\"sameAs\":[\"https:\/\/www.facebook.com\/vermeister.spa\/\",\"https:\/\/www.instagram.com\/vermeisterspa\/\",\"https:\/\/www.linkedin.com\/company\/vermeister-spa\/\",\"https:\/\/www.youtube.com\/@VERMEISTERSPA\"]}]}<\/script>\n<!-- \/ Yoast SEO plugin. -->","yoast_head_json":{"title":"Safe Wood Solution protectrice Vermeister Spa","description":"Safe Wood Solution de substances chimiques en mesure de prot\u00e9ger l\u2019\u00e9l\u00e9ment en bois dans le temps.","robots":{"index":"index","follow":"follow","max-snippet":"max-snippet:-1","max-image-preview":"max-image-preview:large","max-video-preview":"max-video-preview:-1"},"canonical":"https:\/\/www.vermeister.com\/professionisti\/experience\/safe-wood\/","og_locale":"fr_FR","og_type":"article","og_title":"Safe Wood Solution protectrice Vermeister Spa","og_description":"Safe Wood Solution de substances chimiques en mesure de prot\u00e9ger l\u2019\u00e9l\u00e9ment en bois dans le temps.","og_url":"https:\/\/www.vermeister.com\/professionisti\/experience\/safe-wood\/","og_site_name":"Vermeister Spa","article_publisher":"https:\/\/www.facebook.com\/vermeister.spa\/","article_modified_time":"2024-04-27T17:17:56+00:00","og_image":[{"width":400,"height":107,"url":"https:\/\/www.vermeister.com\/sito\/wp-content\/uploads\/2023\/03\/logo.png","type":"image\/png"}],"twitter_card":"summary_large_image","twitter_misc":{"Dur\u00e9e de lecture estim\u00e9e":"1 minute"},"schema":{"@context":"https:\/\/schema.org","@graph":[{"@type":"WebPage","@id":"https:\/\/www.vermeister.com\/professionisti\/experience\/safe-wood\/","url":"https:\/\/www.vermeister.com\/professionisti\/experience\/safe-wood\/","name":"Safe Wood Solution protectrice Vermeister Spa","isPartOf":{"@id":"https:\/\/www.vermeister.com\/#website"},"datePublished":"2023-06-13T21:35:22+00:00","dateModified":"2024-04-27T17:17:56+00:00","description":"Safe Wood Solution de substances chimiques en mesure de prot\u00e9ger l\u2019\u00e9l\u00e9ment en bois dans le temps.","breadcrumb":{"@id":"https:\/\/www.vermeister.com\/professionisti\/experience\/safe-wood\/#breadcrumb"},"inLanguage":"fr-FR","potentialAction":[{"@type":"ReadAction","target":["https:\/\/www.vermeister.com\/professionisti\/experience\/safe-wood\/"]}]},{"@type":"BreadcrumbList","@id":"https:\/\/www.vermeister.com\/professionisti\/experience\/safe-wood\/#breadcrumb","itemListElement":[{"@type":"ListItem","position":1,"name":"Home","item":"https:\/\/www.vermeister.com\/"},{"@type":"ListItem","position":2,"name":"Produits pour professionels","item":"https:\/\/www.vermeister.com\/professionisti\/"},{"@type":"ListItem","position":3,"name":"Experience","item":"https:\/\/www.vermeister.com\/professionisti\/experience\/"},{"@type":"ListItem","position":4,"name":"Safe Wood"}]},{"@type":"WebSite","@id":"https:\/\/www.vermeister.com\/#website","url":"https:\/\/www.vermeister.com\/","name":"Vermeister Spa","description":"Solutions for wood floors","publisher":{"@id":"https:\/\/www.vermeister.com\/#organization"},"potentialAction":[{"@type":"SearchAction","target":{"@type":"EntryPoint","urlTemplate":"https:\/\/www.vermeister.com\/?s={search_term_string}"},"query-input":{"@type":"PropertyValueSpecification","valueRequired":true,"valueName":"search_term_string"}}],"inLanguage":"fr-FR"},{"@type":"Organization","@id":"https:\/\/www.vermeister.com\/#organization","name":"Vermeister Spa","url":"https:\/\/www.vermeister.com\/","logo":{"@type":"ImageObject","inLanguage":"fr-FR","@id":"https:\/\/www.vermeister.com\/#\/schema\/logo\/image\/","url":"https:\/\/www.vermeister.com\/sito\/wp-content\/uploads\/2023\/03\/logo.png","contentUrl":"https:\/\/www.vermeister.com\/sito\/wp-content\/uploads\/2023\/03\/logo.png","width":400,"height":107,"caption":"Vermeister Spa"},"image":{"@id":"https:\/\/www.vermeister.com\/#\/schema\/logo\/image\/"},"sameAs":["https:\/\/www.facebook.com\/vermeister.spa\/","https:\/\/www.instagram.com\/vermeisterspa\/","https:\/\/www.linkedin.com\/company\/vermeister-spa\/","https:\/\/www.youtube.com\/@VERMEISTERSPA"]}]}},"_links":{"self":[{"href":"https:\/\/www.vermeister.com\/fr\/wp-json\/wp\/v2\/pages\/7054","targetHints":{"allow":["GET"]}}],"collection":[{"href":"https:\/\/www.vermeister.com\/fr\/wp-json\/wp\/v2\/pages"}],"about":[{"href":"https:\/\/www.vermeister.com\/fr\/wp-json\/wp\/v2\/types\/page"}],"author":[{"embeddable":true,"href":"https:\/\/www.vermeister.com\/fr\/wp-json\/wp\/v2\/users\/1"}],"replies":[{"embeddable":true,"href":"https:\/\/www.vermeister.com\/fr\/wp-json\/wp\/v2\/comments?post=7054"}],"version-history":[{"count":0,"href":"https:\/\/www.vermeister.com\/fr\/wp-json\/wp\/v2\/pages\/7054\/revisions"}],"up":[{"embeddable":true,"href":"https:\/\/www.vermeister.com\/fr\/wp-json\/wp\/v2\/pages\/7030"}],"wp:attachment":[{"href":"https:\/\/www.vermeister.com\/fr\/wp-json\/wp\/v2\/media?parent=7054"}],"curies":[{"name":"wp","href":"https:\/\/api.w.org\/{rel}","templated":true}]}}