{"id":6872,"date":"2023-05-15T23:06:55","date_gmt":"2023-05-15T21:06:55","guid":{"rendered":"https:\/\/www.vermeister.com\/sito\/zeroil\/"},"modified":"2023-05-15T23:06:55","modified_gmt":"2023-05-15T21:06:55","slug":"zeroil","status":"publish","type":"page","link":"https:\/\/www.vermeister.com\/fr\/zeroil\/","title":{"rendered":"Zeroil"},"content":{"rendered":"<h2>Zeroil &#8211; Huile naturel pour la protection des parquets<\/h2>\n<p>Constitu\u00e9 d\u2019un \u00ab blend \u00bb d\u2019huiles v\u00e9g\u00e9tales particuli\u00e8res, ZEROIL a pour but d\u2019offrir douceur et chaleur au rev\u00eatement de sol en bois. La composition sp\u00e9ciale de ZEROIL exalte l\u2019aspect naturel de l\u2019\u00e9l\u00e9ment bois en mettant en \u00e9vidence les veines et en le prot\u00e9geant jusqu\u2019\u00e0 l\u2019int\u00e9rieur. Le contenu \u00e9lev\u00e9 en compos\u00e9s naturels et l\u2019absence de substances organiques volatiles (VOC) unis au faible impact environnemental font de ZEROIL un produit id\u00e9al pour l\u2019\u00e9co-construction. ZEROIL donne un degr\u00e9 \u00e9lev\u00e9 d\u2019imperm\u00e9abilit\u00e9 et une grande r\u00e9sistance aux surfaces trait\u00e9es, avec une seule couche.   <\/p>\n<table>\n<thead>\n<tr>\n<th colspan=\"2\" scope=\"col\">NOTES TECHNIQUES<\/th>\n<\/tr>\n<\/thead>\n<tbody>\n<tr>\n<td>M\u00e9thode d\u2019application<\/td>\n<td>Rouleau, Pinceau,<br \/>\n Tampon<\/td>\n<\/tr>\n<tr>\n<td>Consommation moyenne par couche (g\/m2)<\/td>\n<td>30\/50<\/td>\n<\/tr>\n<tr>\n<td>Temps d\u2019attente max pour lustrage (minutes)<\/td>\n<td>10\/15<\/td>\n<\/tr>\n<\/tbody>\n<\/table>\n<p><img decoding=\"async\" src=\"\/images\/certificazioni\/ico_cert_solvent-free.webp\"><br \/>\n<img decoding=\"async\" src=\"\/images\/certificazioni\/ico_cert__RENEWABLE.webp\"><br \/>\n<img decoding=\"async\" src=\"\/images\/certificazioni\/ico_cert_cobalt-and-ketoximes-free.webp\"><br \/>\n<img decoding=\"async\" src=\"\/images\/certificazioni\/ico_cert_indoor_air_emission.webp\"><\/p>\n<h3>DOWNLOAD<\/h3>\n<ul>\n<li>\n\t\t\t\t\t\t\t\t\t\t\t<a href=\"\/doc\/schede_tecniche\/zero_concept\/zeroil_it.pdf\" target=\"_blank\" rel=\"noopener\"><br \/>\n Fiche Technique<br \/>\n\t\t\t\t\t\t\t\t\t\t\t<\/a>\n\t\t\t\t\t\t\t\t\t<\/li>\n<li>\n\t\t\t\t\t\t\t\t\t\t\t<a href=\"\/doc\/flyer\/zero_concept\/zeroil_it.pdf\" target=\"_blank\" rel=\"noopener\"><br \/>\n Flyer<br \/>\n\t\t\t\t\t\t\t\t\t\t\t<\/a>\n\t\t\t\t\t\t\t\t\t<\/li>\n<li>\n\t\t\t\t\t\t\t\t\t\t\t<a href=\"mailto:msds@vermeister.com?subject=Scheda%20sicurezza%20Zeroil\" target=\"_blank\" rel=\"noopener\"><br \/>\n Fiche de S\u00e9curit\u00e9<br \/>\n\t\t\t\t\t\t\t\t\t\t\t<\/a>\n\t\t\t\t\t\t\t\t\t<\/li>\n<\/ul>\n","protected":false},"excerpt":{"rendered":"<p>Zeroil &#8211; Huile naturel pour la protection des parquets Constitu\u00e9 d\u2019un \u00ab blend \u00bb d\u2019huiles v\u00e9g\u00e9tales particuli\u00e8res, ZEROIL a pour but d\u2019offrir douceur et chaleur au rev\u00eatement de sol en bois. La composition sp\u00e9ciale de ZEROIL exalte l\u2019aspect naturel de l\u2019\u00e9l\u00e9ment bois en mettant en \u00e9vidence les veines et en le prot\u00e9geant jusqu\u2019\u00e0 l\u2019int\u00e9rieur. Le [&hellip;]<\/p>\n","protected":false},"author":1,"featured_media":0,"parent":0,"menu_order":0,"comment_status":"closed","ping_status":"closed","template":"","meta":{"_acf_changed":false,"footnotes":""},"class_list":["post-6872","page","type-page","status-publish","hentry"],"acf":[],"yoast_head":"<!-- This site is optimized with the Yoast SEO plugin v27.1.1 - https:\/\/yoast.com\/product\/yoast-seo-wordpress\/ -->\n<title>Zeroil - Huile naturel pour la protection des parquets<\/title>\n<meta name=\"description\" content=\"Zeroil, Constitu\u00e9 d\u2019un \u00ab blend \u00bb d\u2019huiles v\u00e9g\u00e9tales particuli\u00e8res, ZEROIL a pour but d\u2019offrir douceur et chaleur au rev\u00eatement de sol en bois.\" \/>\n<meta name=\"robots\" content=\"index, follow, max-snippet:-1, max-image-preview:large, max-video-preview:-1\" \/>\n<link rel=\"canonical\" href=\"https:\/\/www.vermeister.com\/zeroil\/\" \/>\n<meta property=\"og:locale\" content=\"fr_FR\" \/>\n<meta property=\"og:type\" content=\"article\" \/>\n<meta property=\"og:title\" content=\"Zeroil - Huile naturel pour la protection des parquets\" \/>\n<meta property=\"og:description\" content=\"Zeroil, Constitu\u00e9 d\u2019un \u00ab blend \u00bb d\u2019huiles v\u00e9g\u00e9tales particuli\u00e8res, ZEROIL a pour but d\u2019offrir douceur et chaleur au rev\u00eatement de sol en bois.\" \/>\n<meta property=\"og:url\" content=\"https:\/\/www.vermeister.com\/zeroil\/\" \/>\n<meta property=\"og:site_name\" content=\"Vermeister Spa\" \/>\n<meta property=\"article:publisher\" content=\"https:\/\/www.facebook.com\/vermeister.spa\/\" \/>\n<meta property=\"og:image\" content=\"https:\/\/www.vermeister.com\/sito\/wp-content\/uploads\/2023\/03\/logo.png\" \/>\n\t<meta property=\"og:image:width\" content=\"400\" \/>\n\t<meta property=\"og:image:height\" content=\"107\" \/>\n\t<meta property=\"og:image:type\" content=\"image\/png\" \/>\n<meta name=\"twitter:card\" content=\"summary_large_image\" \/>\n<meta name=\"twitter:label1\" content=\"Dur\u00e9e de lecture estim\u00e9e\" \/>\n\t<meta name=\"twitter:data1\" content=\"1 minute\" \/>\n<script type=\"application\/ld+json\" class=\"yoast-schema-graph\">{\"@context\":\"https:\/\/schema.org\",\"@graph\":[{\"@type\":\"WebPage\",\"@id\":\"https:\/\/www.vermeister.com\/zeroil\/\",\"url\":\"https:\/\/www.vermeister.com\/zeroil\/\",\"name\":\"Zeroil - Huile naturel pour la protection des parquets\",\"isPartOf\":{\"@id\":\"https:\/\/www.vermeister.com\/#website\"},\"datePublished\":\"2023-05-15T21:06:55+00:00\",\"description\":\"Zeroil, Constitu\u00e9 d\u2019un \u00ab blend \u00bb d\u2019huiles v\u00e9g\u00e9tales particuli\u00e8res, ZEROIL a pour but d\u2019offrir douceur et chaleur au rev\u00eatement de sol en bois.\",\"breadcrumb\":{\"@id\":\"https:\/\/www.vermeister.com\/zeroil\/#breadcrumb\"},\"inLanguage\":\"fr-FR\",\"potentialAction\":[{\"@type\":\"ReadAction\",\"target\":[\"https:\/\/www.vermeister.com\/zeroil\/\"]}]},{\"@type\":\"BreadcrumbList\",\"@id\":\"https:\/\/www.vermeister.com\/zeroil\/#breadcrumb\",\"itemListElement\":[{\"@type\":\"ListItem\",\"position\":1,\"name\":\"Home\",\"item\":\"https:\/\/www.vermeister.com\/\"},{\"@type\":\"ListItem\",\"position\":2,\"name\":\"Zeroil\"}]},{\"@type\":\"WebSite\",\"@id\":\"https:\/\/www.vermeister.com\/#website\",\"url\":\"https:\/\/www.vermeister.com\/\",\"name\":\"Vermeister Spa\",\"description\":\"Solutions for wood floors\",\"publisher\":{\"@id\":\"https:\/\/www.vermeister.com\/#organization\"},\"potentialAction\":[{\"@type\":\"SearchAction\",\"target\":{\"@type\":\"EntryPoint\",\"urlTemplate\":\"https:\/\/www.vermeister.com\/?s={search_term_string}\"},\"query-input\":{\"@type\":\"PropertyValueSpecification\",\"valueRequired\":true,\"valueName\":\"search_term_string\"}}],\"inLanguage\":\"fr-FR\"},{\"@type\":\"Organization\",\"@id\":\"https:\/\/www.vermeister.com\/#organization\",\"name\":\"Vermeister Spa\",\"url\":\"https:\/\/www.vermeister.com\/\",\"logo\":{\"@type\":\"ImageObject\",\"inLanguage\":\"fr-FR\",\"@id\":\"https:\/\/www.vermeister.com\/#\/schema\/logo\/image\/\",\"url\":\"https:\/\/www.vermeister.com\/sito\/wp-content\/uploads\/2023\/03\/logo.png\",\"contentUrl\":\"https:\/\/www.vermeister.com\/sito\/wp-content\/uploads\/2023\/03\/logo.png\",\"width\":400,\"height\":107,\"caption\":\"Vermeister Spa\"},\"image\":{\"@id\":\"https:\/\/www.vermeister.com\/#\/schema\/logo\/image\/\"},\"sameAs\":[\"https:\/\/www.facebook.com\/vermeister.spa\/\",\"https:\/\/www.instagram.com\/vermeisterspa\/\",\"https:\/\/www.linkedin.com\/company\/vermeister-spa\/\",\"https:\/\/www.youtube.com\/@VERMEISTERSPA\"]}]}<\/script>\n<!-- \/ Yoast SEO plugin. -->","yoast_head_json":{"title":"Zeroil - Huile naturel pour la protection des parquets","description":"Zeroil, Constitu\u00e9 d\u2019un \u00ab blend \u00bb d\u2019huiles v\u00e9g\u00e9tales particuli\u00e8res, ZEROIL a pour but d\u2019offrir douceur et chaleur au rev\u00eatement de sol en bois.","robots":{"index":"index","follow":"follow","max-snippet":"max-snippet:-1","max-image-preview":"max-image-preview:large","max-video-preview":"max-video-preview:-1"},"canonical":"https:\/\/www.vermeister.com\/zeroil\/","og_locale":"fr_FR","og_type":"article","og_title":"Zeroil - Huile naturel pour la protection des parquets","og_description":"Zeroil, Constitu\u00e9 d\u2019un \u00ab blend \u00bb d\u2019huiles v\u00e9g\u00e9tales particuli\u00e8res, ZEROIL a pour but d\u2019offrir douceur et chaleur au rev\u00eatement de sol en bois.","og_url":"https:\/\/www.vermeister.com\/zeroil\/","og_site_name":"Vermeister Spa","article_publisher":"https:\/\/www.facebook.com\/vermeister.spa\/","og_image":[{"width":400,"height":107,"url":"https:\/\/www.vermeister.com\/sito\/wp-content\/uploads\/2023\/03\/logo.png","type":"image\/png"}],"twitter_card":"summary_large_image","twitter_misc":{"Dur\u00e9e de lecture estim\u00e9e":"1 minute"},"schema":{"@context":"https:\/\/schema.org","@graph":[{"@type":"WebPage","@id":"https:\/\/www.vermeister.com\/zeroil\/","url":"https:\/\/www.vermeister.com\/zeroil\/","name":"Zeroil - Huile naturel pour la protection des parquets","isPartOf":{"@id":"https:\/\/www.vermeister.com\/#website"},"datePublished":"2023-05-15T21:06:55+00:00","description":"Zeroil, Constitu\u00e9 d\u2019un \u00ab blend \u00bb d\u2019huiles v\u00e9g\u00e9tales particuli\u00e8res, ZEROIL a pour but d\u2019offrir douceur et chaleur au rev\u00eatement de sol en bois.","breadcrumb":{"@id":"https:\/\/www.vermeister.com\/zeroil\/#breadcrumb"},"inLanguage":"fr-FR","potentialAction":[{"@type":"ReadAction","target":["https:\/\/www.vermeister.com\/zeroil\/"]}]},{"@type":"BreadcrumbList","@id":"https:\/\/www.vermeister.com\/zeroil\/#breadcrumb","itemListElement":[{"@type":"ListItem","position":1,"name":"Home","item":"https:\/\/www.vermeister.com\/"},{"@type":"ListItem","position":2,"name":"Zeroil"}]},{"@type":"WebSite","@id":"https:\/\/www.vermeister.com\/#website","url":"https:\/\/www.vermeister.com\/","name":"Vermeister Spa","description":"Solutions for wood floors","publisher":{"@id":"https:\/\/www.vermeister.com\/#organization"},"potentialAction":[{"@type":"SearchAction","target":{"@type":"EntryPoint","urlTemplate":"https:\/\/www.vermeister.com\/?s={search_term_string}"},"query-input":{"@type":"PropertyValueSpecification","valueRequired":true,"valueName":"search_term_string"}}],"inLanguage":"fr-FR"},{"@type":"Organization","@id":"https:\/\/www.vermeister.com\/#organization","name":"Vermeister Spa","url":"https:\/\/www.vermeister.com\/","logo":{"@type":"ImageObject","inLanguage":"fr-FR","@id":"https:\/\/www.vermeister.com\/#\/schema\/logo\/image\/","url":"https:\/\/www.vermeister.com\/sito\/wp-content\/uploads\/2023\/03\/logo.png","contentUrl":"https:\/\/www.vermeister.com\/sito\/wp-content\/uploads\/2023\/03\/logo.png","width":400,"height":107,"caption":"Vermeister Spa"},"image":{"@id":"https:\/\/www.vermeister.com\/#\/schema\/logo\/image\/"},"sameAs":["https:\/\/www.facebook.com\/vermeister.spa\/","https:\/\/www.instagram.com\/vermeisterspa\/","https:\/\/www.linkedin.com\/company\/vermeister-spa\/","https:\/\/www.youtube.com\/@VERMEISTERSPA"]}]}},"_links":{"self":[{"href":"https:\/\/www.vermeister.com\/fr\/wp-json\/wp\/v2\/pages\/6872","targetHints":{"allow":["GET"]}}],"collection":[{"href":"https:\/\/www.vermeister.com\/fr\/wp-json\/wp\/v2\/pages"}],"about":[{"href":"https:\/\/www.vermeister.com\/fr\/wp-json\/wp\/v2\/types\/page"}],"author":[{"embeddable":true,"href":"https:\/\/www.vermeister.com\/fr\/wp-json\/wp\/v2\/users\/1"}],"replies":[{"embeddable":true,"href":"https:\/\/www.vermeister.com\/fr\/wp-json\/wp\/v2\/comments?post=6872"}],"version-history":[{"count":0,"href":"https:\/\/www.vermeister.com\/fr\/wp-json\/wp\/v2\/pages\/6872\/revisions"}],"wp:attachment":[{"href":"https:\/\/www.vermeister.com\/fr\/wp-json\/wp\/v2\/media?parent=6872"}],"curies":[{"name":"wp","href":"https:\/\/api.w.org\/{rel}","templated":true}]}}