{"id":9169,"date":"2023-05-23T22:21:24","date_gmt":"2023-05-23T20:21:24","guid":{"rendered":"https:\/\/www.vermeister.com\/sito\/?page_id=9169"},"modified":"2026-02-25T22:09:59","modified_gmt":"2026-02-25T21:09:59","slug":"produits-pour-particuliers","status":"publish","type":"page","link":"https:\/\/www.vermeister.com\/fr-ca\/produits-pour-particuliers\/","title":{"rendered":"Produits pour particuliers"},"content":{"rendered":"\t\t<div data-elementor-type=\"wp-page\" data-elementor-id=\"9169\" class=\"elementor elementor-9169 elementor-864\">\n\t\t\t\t\t\t<section class=\"elementor-section elementor-top-section elementor-element elementor-element-d229076 elementor-section-boxed elementor-section-height-default elementor-section-height-default\" data-id=\"d229076\" data-element_type=\"section\" data-settings=\"{&quot;jet_parallax_layout_list&quot;:[]}\">\n\t\t\t\t\t\t<div class=\"elementor-container elementor-column-gap-default\">\n\t\t\t\t\t<div class=\"elementor-column elementor-col-100 elementor-top-column elementor-element elementor-element-96a4a66 raven-column-flex-horizontal\" data-id=\"96a4a66\" data-element_type=\"column\">\n\t\t\t<div class=\"elementor-widget-wrap elementor-element-populated\">\n\t\t\t\t\t\t<div class=\"elementor-element elementor-element-c5d2780 elementor-widget elementor-widget-image\" data-id=\"c5d2780\" data-element_type=\"widget\" data-widget_type=\"image.default\">\n\t\t\t\t<div class=\"elementor-widget-container\">\n\t\t\t<style>\/*! elementor - v3.23.0 - 05-08-2024 *\/\n.elementor-widget-image{text-align:center}.elementor-widget-image a{display:inline-block}.elementor-widget-image a img[src$=\".svg\"]{width:48px}.elementor-widget-image img{vertical-align:middle;display:inline-block}<\/style>\t\t\t\t\t\t\t\t\t\t\t<a href=\"https:\/\/www.vermeister.com\/en-us\/products-for-homeowner\/\">\n\t\t\t\t\t\t\t<img decoding=\"async\" src=\"https:\/\/www.vermeister.com\/sito\/wp-content\/uploads\/elementor\/thumbs\/bandiera_ca_40_en-rjowvx19kxio3kbb108dx897ii2xvg2zrdoxmykb9c.jpg\" title=\"bandiera_ca_40_en\" alt=\"bandiera_ca_40_en\" loading=\"lazy\" \/>\t\t\t\t\t\t\t\t<\/a>\n\t\t\t\t\t\t\t\t\t\t\t\t\t<\/div>\n\t\t\t\t<\/div>\n\t\t\t\t\t<\/div>\n\t\t<\/div>\n\t\t\t\t\t<\/div>\n\t\t<\/section>\n\t\t\t\t<section class=\"elementor-section elementor-top-section elementor-element elementor-element-bfb03c2 elementor-section-boxed elementor-section-height-default elementor-section-height-default\" data-id=\"bfb03c2\" data-element_type=\"section\" data-settings=\"{&quot;jet_parallax_layout_list&quot;:[]}\">\n\t\t\t\t\t\t<div class=\"elementor-container elementor-column-gap-default\">\n\t\t\t\t\t<div class=\"elementor-column elementor-col-100 elementor-top-column elementor-element elementor-element-378c720\" data-id=\"378c720\" data-element_type=\"column\">\n\t\t\t<div class=\"elementor-widget-wrap elementor-element-populated\">\n\t\t\t\t\t\t<div class=\"elementor-element elementor-element-9b63922 elementor-invisible elementor-widget elementor-widget-heading\" data-id=\"9b63922\" data-element_type=\"widget\" data-settings=\"{&quot;_animation&quot;:&quot;fadeIn&quot;}\" data-widget_type=\"heading.default\">\n\t\t\t\t<div class=\"elementor-widget-container\">\n\t\t\t<style>\/*! elementor - v3.23.0 - 05-08-2024 *\/\n.elementor-heading-title{padding:0;margin:0;line-height:1}.elementor-widget-heading .elementor-heading-title[class*=elementor-size-]>a{color:inherit;font-size:inherit;line-height:inherit}.elementor-widget-heading .elementor-heading-title.elementor-size-small{font-size:15px}.elementor-widget-heading .elementor-heading-title.elementor-size-medium{font-size:19px}.elementor-widget-heading .elementor-heading-title.elementor-size-large{font-size:29px}.elementor-widget-heading .elementor-heading-title.elementor-size-xl{font-size:39px}.elementor-widget-heading .elementor-heading-title.elementor-size-xxl{font-size:59px}<\/style><h2 class=\"elementor-heading-title elementor-size-default\">Les produits Vermeister de la gamme Maintenance ne peuvent pas \u00eatre achet\u00e9s online dans votre Pays pour le moment... mais ne vous inqui\u00e9tez pas!<\/h2>\t\t<\/div>\n\t\t\t\t<\/div>\n\t\t\t\t<div class=\"elementor-element elementor-element-0c3d7b4 elementor-invisible elementor-widget elementor-widget-heading\" data-id=\"0c3d7b4\" data-element_type=\"widget\" data-settings=\"{&quot;_animation&quot;:&quot;fadeIn&quot;}\" data-widget_type=\"heading.default\">\n\t\t\t\t<div class=\"elementor-widget-container\">\n\t\t\t<h3 class=\"elementor-heading-title elementor-size-default\">Vous pouvez trouver toute la gamme pour la maintenance de votre parquet chez les revendeurs les plus proches de vous sur cette page.<\/h3>\t\t<\/div>\n\t\t\t\t<\/div>\n\t\t\t\t\t<\/div>\n\t\t<\/div>\n\t\t\t\t\t<\/div>\n\t\t<\/section>\n\t\t\t\t<section class=\"elementor-section elementor-top-section elementor-element elementor-element-6b3aee5 elementor-section-boxed elementor-section-height-default elementor-section-height-default\" data-id=\"6b3aee5\" data-element_type=\"section\" data-settings=\"{&quot;jet_parallax_layout_list&quot;:[]}\">\n\t\t\t\t\t\t<div class=\"elementor-container elementor-column-gap-default\">\n\t\t\t\t\t<div class=\"elementor-column elementor-col-100 elementor-top-column elementor-element elementor-element-6f70008\" data-id=\"6f70008\" data-element_type=\"column\">\n\t\t\t<div class=\"elementor-widget-wrap elementor-element-populated\">\n\t\t\t\t\t\t<div class=\"elementor-element elementor-element-d158f1a elementor-align-center elementor-widget elementor-widget-raven-button\" data-id=\"d158f1a\" data-element_type=\"widget\" data-settings=\"{&quot;turn_to_popup_action_button&quot;:&quot;no&quot;}\" data-widget_type=\"raven-button.default\">\n\t\t\t\t<div class=\"elementor-widget-container\">\n\t\t\t\t\t<div class=\"raven-widget-wrapper\">\n\t\t\t<a class=\"raven-button raven-button-widget-normal-effect-none  raven-button-text-align-center raven-button-link elementor-animation-none\" href=\"https:\/\/www.vermeister.com\/fr-ca\/a-propos-de-nous\/vermeister-network\/\">\t\t\t\t<div class=\"raven-button-overlay\" ><\/div>\n\t\t\t\t<span class=\"raven-button-content\">\n\t\t\t\t\t\n\t\t\t\t\t<div class=\"button-text-container\">\n\t\t\t\t\t\t\t\t\t\t\t\t<div class=\"raven-button-texts-wrapper\">\n\t\t\t\t\t\t\t<div class=\"button-text\">\n\t\t\t\t\t\t\t\t<span class=\"raven-button-text\">\n\t\t\t\t\t\t\t\t\tVERMEISTER NETWORK \t\t\t\t\t\t\t\t<\/span>\n\t\t\t\t\t\t\t<\/div>\n\t\t\t\t\t\t\t\t\t\t\t\t\t<\/div>\n\t\t\t\t\t\t\t\t\t\t\t<\/div>\n\t\t\t\t\t\n\t\t\t\t\t\t\t\t\t<\/span>\n\t\t\t<\/a>\t\t<\/div>\n\t\t\t\t<\/div>\n\t\t\t\t<\/div>\n\t\t\t\t\t<\/div>\n\t\t<\/div>\n\t\t\t\t\t<\/div>\n\t\t<\/section>\n\t\t\t\t<\/div>\n\t\t","protected":false},"excerpt":{"rendered":"<p>Les produits Vermeister de la gamme Maintenance ne peuvent pas \u00eatre achet\u00e9s online dans votre Pays pour le moment&#8230; mais ne vous inqui\u00e9tez pas! Vous pouvez trouver toute la gamme pour la maintenance de votre parquet chez les revendeurs les plus proches de vous sur cette page. VERMEISTER NETWORK<\/p>\n","protected":false},"author":1,"featured_media":0,"parent":0,"menu_order":0,"comment_status":"closed","ping_status":"closed","template":"","meta":{"_acf_changed":false,"footnotes":""},"class_list":["post-9169","page","type-page","status-publish","hentry"],"acf":[],"yoast_head":"<!-- This site is optimized with the Yoast SEO plugin v27.1.1 - https:\/\/yoast.com\/product\/yoast-seo-wordpress\/ -->\n<title>Produits pour particuliers - Vermeister Spa<\/title>\n<meta name=\"robots\" content=\"index, follow, max-snippet:-1, max-image-preview:large, max-video-preview:-1\" \/>\n<link rel=\"canonical\" href=\"https:\/\/www.vermeister.com\/privati\/\" \/>\n<meta property=\"og:locale\" content=\"fr_CA\" \/>\n<meta property=\"og:type\" content=\"article\" \/>\n<meta property=\"og:title\" content=\"Produits pour particuliers - Vermeister Spa\" \/>\n<meta property=\"og:description\" content=\"Les produits Vermeister de la gamme Maintenance ne peuvent pas \u00eatre achet\u00e9s online dans votre Pays pour le moment&#8230; mais ne vous inqui\u00e9tez pas! Vous pouvez trouver toute la gamme pour la maintenance de votre parquet chez les revendeurs les plus proches de vous sur cette page. VERMEISTER NETWORK\" \/>\n<meta property=\"og:url\" content=\"https:\/\/www.vermeister.com\/privati\/\" \/>\n<meta property=\"og:site_name\" content=\"Vermeister Spa\" \/>\n<meta property=\"article:publisher\" content=\"https:\/\/www.facebook.com\/vermeister.spa\/\" \/>\n<meta property=\"article:modified_time\" content=\"2026-02-25T21:09:59+00:00\" \/>\n<meta property=\"og:image\" content=\"https:\/\/www.vermeister.com\/sito\/wp-content\/uploads\/2026\/02\/bandiera_ca_40_en.jpg\" \/>\n<meta name=\"twitter:card\" content=\"summary_large_image\" \/>\n<meta name=\"twitter:label1\" content=\"Estimation du temps de lecture\" \/>\n\t<meta name=\"twitter:data1\" content=\"1 minute\" \/>\n<script type=\"application\/ld+json\" class=\"yoast-schema-graph\">{\"@context\":\"https:\/\/schema.org\",\"@graph\":[{\"@type\":\"WebPage\",\"@id\":\"https:\/\/www.vermeister.com\/privati\/\",\"url\":\"https:\/\/www.vermeister.com\/privati\/\",\"name\":\"Produits pour particuliers - Vermeister Spa\",\"isPartOf\":{\"@id\":\"https:\/\/www.vermeister.com\/#website\"},\"primaryImageOfPage\":{\"@id\":\"https:\/\/www.vermeister.com\/privati\/#primaryimage\"},\"image\":{\"@id\":\"https:\/\/www.vermeister.com\/privati\/#primaryimage\"},\"thumbnailUrl\":\"https:\/\/www.vermeister.com\/sito\/wp-content\/uploads\/2026\/02\/bandiera_ca_40_en.jpg\",\"datePublished\":\"2023-05-23T20:21:24+00:00\",\"dateModified\":\"2026-02-25T21:09:59+00:00\",\"breadcrumb\":{\"@id\":\"https:\/\/www.vermeister.com\/privati\/#breadcrumb\"},\"inLanguage\":\"fr-CA\",\"potentialAction\":[{\"@type\":\"ReadAction\",\"target\":[\"https:\/\/www.vermeister.com\/privati\/\"]}]},{\"@type\":\"ImageObject\",\"inLanguage\":\"fr-CA\",\"@id\":\"https:\/\/www.vermeister.com\/privati\/#primaryimage\",\"url\":\"https:\/\/www.vermeister.com\/sito\/wp-content\/uploads\/2026\/02\/bandiera_ca_40_en.jpg\",\"contentUrl\":\"https:\/\/www.vermeister.com\/sito\/wp-content\/uploads\/2026\/02\/bandiera_ca_40_en.jpg\"},{\"@type\":\"BreadcrumbList\",\"@id\":\"https:\/\/www.vermeister.com\/privati\/#breadcrumb\",\"itemListElement\":[{\"@type\":\"ListItem\",\"position\":1,\"name\":\"Home\",\"item\":\"https:\/\/www.vermeister.com\/\"},{\"@type\":\"ListItem\",\"position\":2,\"name\":\"Produits pour particuliers\"}]},{\"@type\":\"WebSite\",\"@id\":\"https:\/\/www.vermeister.com\/#website\",\"url\":\"https:\/\/www.vermeister.com\/\",\"name\":\"Vermeister Spa\",\"description\":\"Solutions for wood floors\",\"publisher\":{\"@id\":\"https:\/\/www.vermeister.com\/#organization\"},\"potentialAction\":[{\"@type\":\"SearchAction\",\"target\":{\"@type\":\"EntryPoint\",\"urlTemplate\":\"https:\/\/www.vermeister.com\/?s={search_term_string}\"},\"query-input\":{\"@type\":\"PropertyValueSpecification\",\"valueRequired\":true,\"valueName\":\"search_term_string\"}}],\"inLanguage\":\"fr-CA\"},{\"@type\":\"Organization\",\"@id\":\"https:\/\/www.vermeister.com\/#organization\",\"name\":\"Vermeister Spa\",\"url\":\"https:\/\/www.vermeister.com\/\",\"logo\":{\"@type\":\"ImageObject\",\"inLanguage\":\"fr-CA\",\"@id\":\"https:\/\/www.vermeister.com\/#\/schema\/logo\/image\/\",\"url\":\"https:\/\/www.vermeister.com\/sito\/wp-content\/uploads\/2023\/03\/logo.png\",\"contentUrl\":\"https:\/\/www.vermeister.com\/sito\/wp-content\/uploads\/2023\/03\/logo.png\",\"width\":400,\"height\":107,\"caption\":\"Vermeister Spa\"},\"image\":{\"@id\":\"https:\/\/www.vermeister.com\/#\/schema\/logo\/image\/\"},\"sameAs\":[\"https:\/\/www.facebook.com\/vermeister.spa\/\",\"https:\/\/www.instagram.com\/vermeisterspa\/\",\"https:\/\/www.linkedin.com\/company\/vermeister-spa\/\",\"https:\/\/www.youtube.com\/@VERMEISTERSPA\"]}]}<\/script>\n<!-- \/ Yoast SEO plugin. -->","yoast_head_json":{"title":"Produits pour particuliers - Vermeister Spa","robots":{"index":"index","follow":"follow","max-snippet":"max-snippet:-1","max-image-preview":"max-image-preview:large","max-video-preview":"max-video-preview:-1"},"canonical":"https:\/\/www.vermeister.com\/privati\/","og_locale":"fr_CA","og_type":"article","og_title":"Produits pour particuliers - Vermeister Spa","og_description":"Les produits Vermeister de la gamme Maintenance ne peuvent pas \u00eatre achet\u00e9s online dans votre Pays pour le moment&#8230; mais ne vous inqui\u00e9tez pas! Vous pouvez trouver toute la gamme pour la maintenance de votre parquet chez les revendeurs les plus proches de vous sur cette page. VERMEISTER NETWORK","og_url":"https:\/\/www.vermeister.com\/privati\/","og_site_name":"Vermeister Spa","article_publisher":"https:\/\/www.facebook.com\/vermeister.spa\/","article_modified_time":"2026-02-25T21:09:59+00:00","og_image":[{"url":"https:\/\/www.vermeister.com\/sito\/wp-content\/uploads\/2026\/02\/bandiera_ca_40_en.jpg","type":"","width":"","height":""}],"twitter_card":"summary_large_image","twitter_misc":{"Estimation du temps de lecture":"1 minute"},"schema":{"@context":"https:\/\/schema.org","@graph":[{"@type":"WebPage","@id":"https:\/\/www.vermeister.com\/privati\/","url":"https:\/\/www.vermeister.com\/privati\/","name":"Produits pour particuliers - Vermeister Spa","isPartOf":{"@id":"https:\/\/www.vermeister.com\/#website"},"primaryImageOfPage":{"@id":"https:\/\/www.vermeister.com\/privati\/#primaryimage"},"image":{"@id":"https:\/\/www.vermeister.com\/privati\/#primaryimage"},"thumbnailUrl":"https:\/\/www.vermeister.com\/sito\/wp-content\/uploads\/2026\/02\/bandiera_ca_40_en.jpg","datePublished":"2023-05-23T20:21:24+00:00","dateModified":"2026-02-25T21:09:59+00:00","breadcrumb":{"@id":"https:\/\/www.vermeister.com\/privati\/#breadcrumb"},"inLanguage":"fr-CA","potentialAction":[{"@type":"ReadAction","target":["https:\/\/www.vermeister.com\/privati\/"]}]},{"@type":"ImageObject","inLanguage":"fr-CA","@id":"https:\/\/www.vermeister.com\/privati\/#primaryimage","url":"https:\/\/www.vermeister.com\/sito\/wp-content\/uploads\/2026\/02\/bandiera_ca_40_en.jpg","contentUrl":"https:\/\/www.vermeister.com\/sito\/wp-content\/uploads\/2026\/02\/bandiera_ca_40_en.jpg"},{"@type":"BreadcrumbList","@id":"https:\/\/www.vermeister.com\/privati\/#breadcrumb","itemListElement":[{"@type":"ListItem","position":1,"name":"Home","item":"https:\/\/www.vermeister.com\/"},{"@type":"ListItem","position":2,"name":"Produits pour particuliers"}]},{"@type":"WebSite","@id":"https:\/\/www.vermeister.com\/#website","url":"https:\/\/www.vermeister.com\/","name":"Vermeister Spa","description":"Solutions for wood floors","publisher":{"@id":"https:\/\/www.vermeister.com\/#organization"},"potentialAction":[{"@type":"SearchAction","target":{"@type":"EntryPoint","urlTemplate":"https:\/\/www.vermeister.com\/?s={search_term_string}"},"query-input":{"@type":"PropertyValueSpecification","valueRequired":true,"valueName":"search_term_string"}}],"inLanguage":"fr-CA"},{"@type":"Organization","@id":"https:\/\/www.vermeister.com\/#organization","name":"Vermeister Spa","url":"https:\/\/www.vermeister.com\/","logo":{"@type":"ImageObject","inLanguage":"fr-CA","@id":"https:\/\/www.vermeister.com\/#\/schema\/logo\/image\/","url":"https:\/\/www.vermeister.com\/sito\/wp-content\/uploads\/2023\/03\/logo.png","contentUrl":"https:\/\/www.vermeister.com\/sito\/wp-content\/uploads\/2023\/03\/logo.png","width":400,"height":107,"caption":"Vermeister Spa"},"image":{"@id":"https:\/\/www.vermeister.com\/#\/schema\/logo\/image\/"},"sameAs":["https:\/\/www.facebook.com\/vermeister.spa\/","https:\/\/www.instagram.com\/vermeisterspa\/","https:\/\/www.linkedin.com\/company\/vermeister-spa\/","https:\/\/www.youtube.com\/@VERMEISTERSPA"]}]}},"_links":{"self":[{"href":"https:\/\/www.vermeister.com\/fr-ca\/wp-json\/wp\/v2\/pages\/9169","targetHints":{"allow":["GET"]}}],"collection":[{"href":"https:\/\/www.vermeister.com\/fr-ca\/wp-json\/wp\/v2\/pages"}],"about":[{"href":"https:\/\/www.vermeister.com\/fr-ca\/wp-json\/wp\/v2\/types\/page"}],"author":[{"embeddable":true,"href":"https:\/\/www.vermeister.com\/fr-ca\/wp-json\/wp\/v2\/users\/1"}],"replies":[{"embeddable":true,"href":"https:\/\/www.vermeister.com\/fr-ca\/wp-json\/wp\/v2\/comments?post=9169"}],"version-history":[{"count":1,"href":"https:\/\/www.vermeister.com\/fr-ca\/wp-json\/wp\/v2\/pages\/9169\/revisions"}],"predecessor-version":[{"id":23274,"href":"https:\/\/www.vermeister.com\/fr-ca\/wp-json\/wp\/v2\/pages\/9169\/revisions\/23274"}],"wp:attachment":[{"href":"https:\/\/www.vermeister.com\/fr-ca\/wp-json\/wp\/v2\/media?parent=9169"}],"curies":[{"name":"wp","href":"https:\/\/api.w.org\/{rel}","templated":true}]}}