{"id":9152,"date":"2023-05-31T15:27:51","date_gmt":"2023-05-31T13:27:51","guid":{"rendered":"https:\/\/www.vermeister.com\/sito\/products-for-professionals\/underwood\/"},"modified":"2026-02-23T22:11:35","modified_gmt":"2026-02-23T21:11:35","slug":"underwood","status":"publish","type":"page","link":"https:\/\/www.vermeister.com\/fr-ca\/produits-pour-professionels\/underwood\/","title":{"rendered":"Underwood"},"content":{"rendered":"\t\t<div data-elementor-type=\"wp-page\" data-elementor-id=\"9152\" class=\"elementor elementor-9152 elementor-1528\">\n\t\t\t\t\t\t<section class=\"elementor-section elementor-top-section elementor-element elementor-element-97362a2 elementor-section-stretched elementor-section-boxed elementor-section-height-default elementor-section-height-default\" data-id=\"97362a2\" data-element_type=\"section\" data-settings=\"{&quot;stretch_section&quot;:&quot;section-stretched&quot;,&quot;jet_parallax_layout_list&quot;:[],&quot;background_background&quot;:&quot;classic&quot;}\">\n\t\t\t\t\t\t\t<div class=\"elementor-background-overlay\"><\/div>\n\t\t\t\t\t\t\t<div class=\"elementor-container elementor-column-gap-default\">\n\t\t\t\t\t<div class=\"elementor-column elementor-col-50 elementor-top-column elementor-element elementor-element-9223a22\" data-id=\"9223a22\" data-element_type=\"column\">\n\t\t\t<div class=\"elementor-widget-wrap elementor-element-populated\">\n\t\t\t\t\t\t<div class=\"elementor-element elementor-element-9a3ecd9 elementor-widget elementor-widget-heading\" data-id=\"9a3ecd9\" data-element_type=\"widget\" data-widget_type=\"heading.default\">\n\t\t\t\t<div class=\"elementor-widget-container\">\n\t\t\t<style>\/*! elementor - v3.23.0 - 05-08-2024 *\/\n.elementor-heading-title{padding:0;margin:0;line-height:1}.elementor-widget-heading .elementor-heading-title[class*=elementor-size-]>a{color:inherit;font-size:inherit;line-height:inherit}.elementor-widget-heading .elementor-heading-title.elementor-size-small{font-size:15px}.elementor-widget-heading .elementor-heading-title.elementor-size-medium{font-size:19px}.elementor-widget-heading .elementor-heading-title.elementor-size-large{font-size:29px}.elementor-widget-heading .elementor-heading-title.elementor-size-xl{font-size:39px}.elementor-widget-heading .elementor-heading-title.elementor-size-xxl{font-size:59px}<\/style><h1 class=\"elementor-heading-title elementor-size-default\">Underwood<\/h1>\t\t<\/div>\n\t\t\t\t<\/div>\n\t\t\t\t<div class=\"elementor-element elementor-element-6cb3d5c elementor-widget elementor-widget-text-editor\" data-id=\"6cb3d5c\" data-element_type=\"widget\" data-widget_type=\"text-editor.default\">\n\t\t\t\t<div class=\"elementor-widget-container\">\n\t\t\t<style>\/*! elementor - v3.23.0 - 05-08-2024 *\/\n.elementor-widget-text-editor.elementor-drop-cap-view-stacked .elementor-drop-cap{background-color:#69727d;color:#fff}.elementor-widget-text-editor.elementor-drop-cap-view-framed .elementor-drop-cap{color:#69727d;border:3px solid;background-color:transparent}.elementor-widget-text-editor:not(.elementor-drop-cap-view-default) .elementor-drop-cap{margin-top:8px}.elementor-widget-text-editor:not(.elementor-drop-cap-view-default) .elementor-drop-cap-letter{width:1em;height:1em}.elementor-widget-text-editor .elementor-drop-cap{float:left;text-align:center;line-height:1;font-size:50px}.elementor-widget-text-editor .elementor-drop-cap-letter{display:inline-block}<\/style>\t\t\t\t\u00c0 la base de toute \u00ab solide r\u00e9alit\u00e9 \u00bb, ce qui rend un ouvrage durable et de qualit\u00e9 incontestable dans le temps, c\u2019est une construction dans les r\u00e8gles de l\u2019art des fondations. Il en va de m\u00eame pour les planchers. Tout ce qui se trouve sous le bois, les primaires, les promoteurs d\u2019adh\u00e9sion, les pr\u00e9-m\u00e9lange cimentaire autonivelants, les colles r\u00e9actives monocomposantes, les colles bicomposantes et les produits d\u2019\u00e9tanch\u00e9it\u00e9 font de la LIGNE UNDERWOOD la meilleure solution pour garantir la pose correcte d\u2019un sol en bois, quelles que soient les conditions du chantier. \n\n\t\t\t\t\t\t<\/div>\n\t\t\t\t<\/div>\n\t\t\t\t\t<\/div>\n\t\t<\/div>\n\t\t\t\t<div class=\"elementor-column elementor-col-50 elementor-top-column elementor-element elementor-element-d171b7e\" data-id=\"d171b7e\" data-element_type=\"column\">\n\t\t\t<div class=\"elementor-widget-wrap\">\n\t\t\t\t\t\t\t<\/div>\n\t\t<\/div>\n\t\t\t\t\t<\/div>\n\t\t<\/section>\n\t\t\t\t<section class=\"elementor-section elementor-top-section elementor-element elementor-element-0027c62 elementor-section-boxed elementor-section-height-default elementor-section-height-default\" data-id=\"0027c62\" data-element_type=\"section\" data-settings=\"{&quot;jet_parallax_layout_list&quot;:[]}\">\n\t\t\t\t\t\t<div class=\"elementor-container elementor-column-gap-custom\">\n\t\t\t\t\t<div class=\"elementor-column elementor-col-33 elementor-top-column elementor-element elementor-element-93e4c47\" data-id=\"93e4c47\" data-element_type=\"column\">\n\t\t\t<div class=\"elementor-widget-wrap elementor-element-populated\">\n\t\t\t\t\t\t<div class=\"elementor-element elementor-element-3eea3b5 elementor-position-top elementor-widget elementor-widget-image-box\" data-id=\"3eea3b5\" data-element_type=\"widget\" data-widget_type=\"image-box.default\">\n\t\t\t\t<div class=\"elementor-widget-container\">\n\t\t\t<style>\/*! elementor - v3.23.0 - 05-08-2024 *\/\n.elementor-widget-image-box .elementor-image-box-content{width:100%}@media (min-width:768px){.elementor-widget-image-box.elementor-position-left .elementor-image-box-wrapper,.elementor-widget-image-box.elementor-position-right .elementor-image-box-wrapper{display:flex}.elementor-widget-image-box.elementor-position-right .elementor-image-box-wrapper{text-align:end;flex-direction:row-reverse}.elementor-widget-image-box.elementor-position-left .elementor-image-box-wrapper{text-align:start;flex-direction:row}.elementor-widget-image-box.elementor-position-top .elementor-image-box-img{margin:auto}.elementor-widget-image-box.elementor-vertical-align-top .elementor-image-box-wrapper{align-items:flex-start}.elementor-widget-image-box.elementor-vertical-align-middle .elementor-image-box-wrapper{align-items:center}.elementor-widget-image-box.elementor-vertical-align-bottom .elementor-image-box-wrapper{align-items:flex-end}}@media (max-width:767px){.elementor-widget-image-box .elementor-image-box-img{margin-left:auto!important;margin-right:auto!important;margin-bottom:15px}}.elementor-widget-image-box .elementor-image-box-img{display:inline-block}.elementor-widget-image-box .elementor-image-box-title a{color:inherit}.elementor-widget-image-box .elementor-image-box-wrapper{text-align:center}.elementor-widget-image-box .elementor-image-box-description{margin:0}<\/style><div class=\"elementor-image-box-wrapper\"><figure class=\"elementor-image-box-img\"><a href=\"https:\/\/www.vermeister.com\/fr-ca\/products-for-professionals\/underwood\/primer-pu-40\/\" tabindex=\"-1\"><img fetchpriority=\"high\" decoding=\"async\" width=\"1000\" height=\"1000\" src=\"https:\/\/www.vermeister.com\/sito\/wp-content\/uploads\/2023\/11\/vermeister_underwood_primer_pu_40.webp\" class=\"elementor-animation-shrink attachment-full size-full wp-image-8512\" alt=\"\" srcset=\"https:\/\/www.vermeister.com\/sito\/wp-content\/uploads\/2023\/11\/vermeister_underwood_primer_pu_40.webp 1000w, https:\/\/www.vermeister.com\/sito\/wp-content\/uploads\/2023\/11\/vermeister_underwood_primer_pu_40-300x300.webp 300w, https:\/\/www.vermeister.com\/sito\/wp-content\/uploads\/2023\/11\/vermeister_underwood_primer_pu_40-150x150.webp 150w, https:\/\/www.vermeister.com\/sito\/wp-content\/uploads\/2023\/11\/vermeister_underwood_primer_pu_40-768x768.webp 768w, https:\/\/www.vermeister.com\/sito\/wp-content\/uploads\/2023\/11\/vermeister_underwood_primer_pu_40-500x500.webp 500w, https:\/\/www.vermeister.com\/sito\/wp-content\/uploads\/2023\/11\/vermeister_underwood_primer_pu_40-600x600.webp 600w, https:\/\/www.vermeister.com\/sito\/wp-content\/uploads\/2023\/11\/vermeister_underwood_primer_pu_40-100x100.webp 100w\" sizes=\"(max-width: 1000px) 100vw, 1000px\" \/><\/a><\/figure><div class=\"elementor-image-box-content\"><h2 class=\"elementor-image-box-title\"><a href=\"https:\/\/www.vermeister.com\/fr-ca\/products-for-professionals\/underwood\/primer-pu-40\/\">Prime PU 40<\/a><\/h2><p class=\"elementor-image-box-description\">Primaire polyur\u00e9thane monocomposant \u00e0 s\u00e9chage rapide\n<\/p><\/div><\/div>\t\t<\/div>\n\t\t\t\t<\/div>\n\t\t\t\t\t<\/div>\n\t\t<\/div>\n\t\t\t\t<div class=\"elementor-column elementor-col-33 elementor-top-column elementor-element elementor-element-0128655\" data-id=\"0128655\" data-element_type=\"column\">\n\t\t\t<div class=\"elementor-widget-wrap elementor-element-populated\">\n\t\t\t\t\t\t<div class=\"elementor-element elementor-element-e133cb3 elementor-position-top elementor-widget elementor-widget-image-box\" data-id=\"e133cb3\" data-element_type=\"widget\" data-widget_type=\"image-box.default\">\n\t\t\t\t<div class=\"elementor-widget-container\">\n\t\t\t<div class=\"elementor-image-box-wrapper\"><figure class=\"elementor-image-box-img\"><a href=\"https:\/\/www.vermeister.com\/fr-ca\/products-for-professionals\/underwood\/monosil-p\/\" tabindex=\"-1\"><img decoding=\"async\" width=\"1000\" height=\"1000\" src=\"https:\/\/www.vermeister.com\/sito\/wp-content\/uploads\/2023\/10\/vermeister_underwood_MONOSIL-P.webp\" class=\"elementor-animation-shrink attachment-full size-full wp-image-6354\" alt=\"Monosil P\" srcset=\"https:\/\/www.vermeister.com\/sito\/wp-content\/uploads\/2023\/10\/vermeister_underwood_MONOSIL-P.webp 1000w, https:\/\/www.vermeister.com\/sito\/wp-content\/uploads\/2023\/10\/vermeister_underwood_MONOSIL-P-300x300.webp 300w, https:\/\/www.vermeister.com\/sito\/wp-content\/uploads\/2023\/10\/vermeister_underwood_MONOSIL-P-150x150.webp 150w, https:\/\/www.vermeister.com\/sito\/wp-content\/uploads\/2023\/10\/vermeister_underwood_MONOSIL-P-768x768.webp 768w, https:\/\/www.vermeister.com\/sito\/wp-content\/uploads\/2023\/10\/vermeister_underwood_MONOSIL-P-500x500.webp 500w, https:\/\/www.vermeister.com\/sito\/wp-content\/uploads\/2023\/10\/vermeister_underwood_MONOSIL-P-600x600.webp 600w, https:\/\/www.vermeister.com\/sito\/wp-content\/uploads\/2023\/10\/vermeister_underwood_MONOSIL-P-100x100.webp 100w\" sizes=\"(max-width: 1000px) 100vw, 1000px\" \/><\/a><\/figure><div class=\"elementor-image-box-content\"><h2 class=\"elementor-image-box-title\"><a href=\"https:\/\/www.vermeister.com\/fr-ca\/products-for-professionals\/underwood\/monosil-p\/\">Monosil P<\/a><\/h2><p class=\"elementor-image-box-description\">Adh\u00e9sif monocomposant \u00e0 terminaison silane sp\u00e9cifique pour parquets multicouche et pr\u00e9finis en g\u00e9n\u00e9ral<\/p><\/div><\/div>\t\t<\/div>\n\t\t\t\t<\/div>\n\t\t\t\t\t<\/div>\n\t\t<\/div>\n\t\t\t\t<div class=\"elementor-column elementor-col-33 elementor-top-column elementor-element elementor-element-c1b6a45\" data-id=\"c1b6a45\" data-element_type=\"column\">\n\t\t\t<div class=\"elementor-widget-wrap elementor-element-populated\">\n\t\t\t\t\t\t<div class=\"elementor-element elementor-element-764d164 elementor-position-top elementor-widget elementor-widget-image-box\" data-id=\"764d164\" data-element_type=\"widget\" data-widget_type=\"image-box.default\">\n\t\t\t\t<div class=\"elementor-widget-container\">\n\t\t\t<div class=\"elementor-image-box-wrapper\"><figure class=\"elementor-image-box-img\"><a href=\"https:\/\/www.vermeister.com\/fr-ca\/products-for-professionals\/underwood\/black-seal\/\" tabindex=\"-1\"><img decoding=\"async\" width=\"1000\" height=\"1000\" src=\"https:\/\/www.vermeister.com\/sito\/wp-content\/uploads\/2026\/02\/black-seal.jpg\" class=\"elementor-animation-shrink attachment-full size-full wp-image-23113\" alt=\"\" srcset=\"https:\/\/www.vermeister.com\/sito\/wp-content\/uploads\/2026\/02\/black-seal.jpg 1000w, https:\/\/www.vermeister.com\/sito\/wp-content\/uploads\/2026\/02\/black-seal-300x300.jpg 300w, https:\/\/www.vermeister.com\/sito\/wp-content\/uploads\/2026\/02\/black-seal-150x150.jpg 150w, https:\/\/www.vermeister.com\/sito\/wp-content\/uploads\/2026\/02\/black-seal-768x768.jpg 768w, https:\/\/www.vermeister.com\/sito\/wp-content\/uploads\/2026\/02\/black-seal-500x500.jpg 500w, https:\/\/www.vermeister.com\/sito\/wp-content\/uploads\/2026\/02\/black-seal-600x600.jpg 600w, https:\/\/www.vermeister.com\/sito\/wp-content\/uploads\/2026\/02\/black-seal-100x100.jpg 100w\" sizes=\"(max-width: 1000px) 100vw, 1000px\" \/><\/a><\/figure><div class=\"elementor-image-box-content\"><h2 class=\"elementor-image-box-title\"><a href=\"https:\/\/www.vermeister.com\/fr-ca\/products-for-professionals\/underwood\/black-seal\/\">Black Seal<\/a><\/h2><p class=\"elementor-image-box-description\">Mastic d\u2019\u00e9tanch\u00e9it\u00e9 Noir pour joints<\/p><\/div><\/div>\t\t<\/div>\n\t\t\t\t<\/div>\n\t\t\t\t\t<\/div>\n\t\t<\/div>\n\t\t\t\t\t<\/div>\n\t\t<\/section>\n\t\t\t\t<section class=\"elementor-section elementor-top-section elementor-element elementor-element-0ddf721 elementor-section-boxed elementor-section-height-default elementor-section-height-default\" data-id=\"0ddf721\" data-element_type=\"section\" data-settings=\"{&quot;jet_parallax_layout_list&quot;:[]}\">\n\t\t\t\t\t\t<div class=\"elementor-container elementor-column-gap-custom\">\n\t\t\t\t\t<div class=\"elementor-column elementor-col-33 elementor-top-column elementor-element elementor-element-5b82211\" data-id=\"5b82211\" data-element_type=\"column\">\n\t\t\t<div class=\"elementor-widget-wrap\">\n\t\t\t\t\t\t\t<\/div>\n\t\t<\/div>\n\t\t\t\t<div class=\"elementor-column elementor-col-33 elementor-top-column elementor-element elementor-element-709938b\" data-id=\"709938b\" data-element_type=\"column\">\n\t\t\t<div class=\"elementor-widget-wrap\">\n\t\t\t\t\t\t\t<\/div>\n\t\t<\/div>\n\t\t\t\t<div class=\"elementor-column elementor-col-33 elementor-top-column elementor-element elementor-element-002b923\" data-id=\"002b923\" data-element_type=\"column\">\n\t\t\t<div class=\"elementor-widget-wrap\">\n\t\t\t\t\t\t\t<\/div>\n\t\t<\/div>\n\t\t\t\t\t<\/div>\n\t\t<\/section>\n\t\t\t\t<\/div>\n\t\t","protected":false},"excerpt":{"rendered":"<p>\u00c0 la base de toute \u00ab solide r\u00e9alit\u00e9 \u00bb, ce qui rend un ouvrage durable et de qualit\u00e9 incontestable dans le temps, c\u2019est une construction dans les r\u00e8gles de l\u2019art des fondations. Il en va de m\u00eame pour les planchers. Tout ce qui se trouve sous le bois, les primaires, les promoteurs d\u2019adh\u00e9sion, les pr\u00e9-m\u00e9lange [&hellip;]<\/p>\n","protected":false},"author":1,"featured_media":0,"parent":9064,"menu_order":0,"comment_status":"closed","ping_status":"closed","template":"","meta":{"_acf_changed":false,"footnotes":""},"class_list":["post-9152","page","type-page","status-publish","hentry"],"acf":[],"yoast_head":"<!-- This site is optimized with the Yoast SEO plugin v27.1.1 - https:\/\/yoast.com\/product\/yoast-seo-wordpress\/ -->\n<title>Underwood Produits pour la pose du parquet<\/title>\n<meta name=\"description\" content=\"Underwood Produits pour la pose du parquet\" \/>\n<meta name=\"robots\" content=\"index, follow, max-snippet:-1, max-image-preview:large, max-video-preview:-1\" \/>\n<link rel=\"canonical\" href=\"https:\/\/www.vermeister.com\/professionisti\/underwood\/\" \/>\n<meta property=\"og:locale\" content=\"fr_CA\" \/>\n<meta property=\"og:type\" content=\"article\" \/>\n<meta property=\"og:title\" content=\"Underwood Produits pour la pose du parquet\" \/>\n<meta property=\"og:description\" content=\"Underwood Produits pour la pose du parquet\" \/>\n<meta property=\"og:url\" content=\"https:\/\/www.vermeister.com\/professionisti\/underwood\/\" \/>\n<meta property=\"og:site_name\" content=\"Vermeister Spa\" \/>\n<meta property=\"article:publisher\" content=\"https:\/\/www.facebook.com\/vermeister.spa\/\" \/>\n<meta property=\"article:modified_time\" content=\"2026-02-23T21:11:35+00:00\" \/>\n<meta property=\"og:image\" content=\"https:\/\/www.vermeister.com\/sito\/wp-content\/uploads\/2023\/11\/vermeister_underwood_primer_pu_40.webp\" \/>\n\t<meta property=\"og:image:width\" content=\"1000\" \/>\n\t<meta property=\"og:image:height\" content=\"1000\" \/>\n\t<meta property=\"og:image:type\" content=\"image\/webp\" \/>\n<meta name=\"twitter:card\" content=\"summary_large_image\" \/>\n<meta name=\"twitter:label1\" content=\"Estimation du temps de lecture\" \/>\n\t<meta name=\"twitter:data1\" content=\"2 minutes\" \/>\n<script type=\"application\/ld+json\" class=\"yoast-schema-graph\">{\"@context\":\"https:\/\/schema.org\",\"@graph\":[{\"@type\":\"WebPage\",\"@id\":\"https:\/\/www.vermeister.com\/professionisti\/underwood\/\",\"url\":\"https:\/\/www.vermeister.com\/professionisti\/underwood\/\",\"name\":\"Underwood Produits pour la pose du parquet\",\"isPartOf\":{\"@id\":\"https:\/\/www.vermeister.com\/#website\"},\"primaryImageOfPage\":{\"@id\":\"https:\/\/www.vermeister.com\/professionisti\/underwood\/#primaryimage\"},\"image\":{\"@id\":\"https:\/\/www.vermeister.com\/professionisti\/underwood\/#primaryimage\"},\"thumbnailUrl\":\"https:\/\/www.vermeister.com\/sito\/wp-content\/uploads\/2023\/11\/vermeister_underwood_primer_pu_40.webp\",\"datePublished\":\"2023-05-31T13:27:51+00:00\",\"dateModified\":\"2026-02-23T21:11:35+00:00\",\"description\":\"Underwood Produits pour la pose du parquet\",\"breadcrumb\":{\"@id\":\"https:\/\/www.vermeister.com\/professionisti\/underwood\/#breadcrumb\"},\"inLanguage\":\"fr-CA\",\"potentialAction\":[{\"@type\":\"ReadAction\",\"target\":[\"https:\/\/www.vermeister.com\/professionisti\/underwood\/\"]}]},{\"@type\":\"ImageObject\",\"inLanguage\":\"fr-CA\",\"@id\":\"https:\/\/www.vermeister.com\/professionisti\/underwood\/#primaryimage\",\"url\":\"https:\/\/www.vermeister.com\/sito\/wp-content\/uploads\/2023\/11\/vermeister_underwood_primer_pu_40.webp\",\"contentUrl\":\"https:\/\/www.vermeister.com\/sito\/wp-content\/uploads\/2023\/11\/vermeister_underwood_primer_pu_40.webp\"},{\"@type\":\"BreadcrumbList\",\"@id\":\"https:\/\/www.vermeister.com\/professionisti\/underwood\/#breadcrumb\",\"itemListElement\":[{\"@type\":\"ListItem\",\"position\":1,\"name\":\"Home\",\"item\":\"https:\/\/www.vermeister.com\/\"},{\"@type\":\"ListItem\",\"position\":2,\"name\":\"Produits pour professionels\",\"item\":\"https:\/\/www.vermeister.com\/professionisti\/\"},{\"@type\":\"ListItem\",\"position\":3,\"name\":\"Underwood\"}]},{\"@type\":\"WebSite\",\"@id\":\"https:\/\/www.vermeister.com\/#website\",\"url\":\"https:\/\/www.vermeister.com\/\",\"name\":\"Vermeister Spa\",\"description\":\"Solutions for wood floors\",\"publisher\":{\"@id\":\"https:\/\/www.vermeister.com\/#organization\"},\"potentialAction\":[{\"@type\":\"SearchAction\",\"target\":{\"@type\":\"EntryPoint\",\"urlTemplate\":\"https:\/\/www.vermeister.com\/?s={search_term_string}\"},\"query-input\":{\"@type\":\"PropertyValueSpecification\",\"valueRequired\":true,\"valueName\":\"search_term_string\"}}],\"inLanguage\":\"fr-CA\"},{\"@type\":\"Organization\",\"@id\":\"https:\/\/www.vermeister.com\/#organization\",\"name\":\"Vermeister Spa\",\"url\":\"https:\/\/www.vermeister.com\/\",\"logo\":{\"@type\":\"ImageObject\",\"inLanguage\":\"fr-CA\",\"@id\":\"https:\/\/www.vermeister.com\/#\/schema\/logo\/image\/\",\"url\":\"https:\/\/www.vermeister.com\/sito\/wp-content\/uploads\/2023\/03\/logo.png\",\"contentUrl\":\"https:\/\/www.vermeister.com\/sito\/wp-content\/uploads\/2023\/03\/logo.png\",\"width\":400,\"height\":107,\"caption\":\"Vermeister Spa\"},\"image\":{\"@id\":\"https:\/\/www.vermeister.com\/#\/schema\/logo\/image\/\"},\"sameAs\":[\"https:\/\/www.facebook.com\/vermeister.spa\/\",\"https:\/\/www.instagram.com\/vermeisterspa\/\",\"https:\/\/www.linkedin.com\/company\/vermeister-spa\/\",\"https:\/\/www.youtube.com\/@VERMEISTERSPA\"]}]}<\/script>\n<!-- \/ Yoast SEO plugin. -->","yoast_head_json":{"title":"Underwood Produits pour la pose du parquet","description":"Underwood Produits pour la pose du parquet","robots":{"index":"index","follow":"follow","max-snippet":"max-snippet:-1","max-image-preview":"max-image-preview:large","max-video-preview":"max-video-preview:-1"},"canonical":"https:\/\/www.vermeister.com\/professionisti\/underwood\/","og_locale":"fr_CA","og_type":"article","og_title":"Underwood Produits pour la pose du parquet","og_description":"Underwood Produits pour la pose du parquet","og_url":"https:\/\/www.vermeister.com\/professionisti\/underwood\/","og_site_name":"Vermeister Spa","article_publisher":"https:\/\/www.facebook.com\/vermeister.spa\/","article_modified_time":"2026-02-23T21:11:35+00:00","og_image":[{"width":1000,"height":1000,"url":"https:\/\/www.vermeister.com\/sito\/wp-content\/uploads\/2023\/11\/vermeister_underwood_primer_pu_40.webp","type":"image\/webp"}],"twitter_card":"summary_large_image","twitter_misc":{"Estimation du temps de lecture":"2 minutes"},"schema":{"@context":"https:\/\/schema.org","@graph":[{"@type":"WebPage","@id":"https:\/\/www.vermeister.com\/professionisti\/underwood\/","url":"https:\/\/www.vermeister.com\/professionisti\/underwood\/","name":"Underwood Produits pour la pose du parquet","isPartOf":{"@id":"https:\/\/www.vermeister.com\/#website"},"primaryImageOfPage":{"@id":"https:\/\/www.vermeister.com\/professionisti\/underwood\/#primaryimage"},"image":{"@id":"https:\/\/www.vermeister.com\/professionisti\/underwood\/#primaryimage"},"thumbnailUrl":"https:\/\/www.vermeister.com\/sito\/wp-content\/uploads\/2023\/11\/vermeister_underwood_primer_pu_40.webp","datePublished":"2023-05-31T13:27:51+00:00","dateModified":"2026-02-23T21:11:35+00:00","description":"Underwood Produits pour la pose du parquet","breadcrumb":{"@id":"https:\/\/www.vermeister.com\/professionisti\/underwood\/#breadcrumb"},"inLanguage":"fr-CA","potentialAction":[{"@type":"ReadAction","target":["https:\/\/www.vermeister.com\/professionisti\/underwood\/"]}]},{"@type":"ImageObject","inLanguage":"fr-CA","@id":"https:\/\/www.vermeister.com\/professionisti\/underwood\/#primaryimage","url":"https:\/\/www.vermeister.com\/sito\/wp-content\/uploads\/2023\/11\/vermeister_underwood_primer_pu_40.webp","contentUrl":"https:\/\/www.vermeister.com\/sito\/wp-content\/uploads\/2023\/11\/vermeister_underwood_primer_pu_40.webp"},{"@type":"BreadcrumbList","@id":"https:\/\/www.vermeister.com\/professionisti\/underwood\/#breadcrumb","itemListElement":[{"@type":"ListItem","position":1,"name":"Home","item":"https:\/\/www.vermeister.com\/"},{"@type":"ListItem","position":2,"name":"Produits pour professionels","item":"https:\/\/www.vermeister.com\/professionisti\/"},{"@type":"ListItem","position":3,"name":"Underwood"}]},{"@type":"WebSite","@id":"https:\/\/www.vermeister.com\/#website","url":"https:\/\/www.vermeister.com\/","name":"Vermeister Spa","description":"Solutions for wood floors","publisher":{"@id":"https:\/\/www.vermeister.com\/#organization"},"potentialAction":[{"@type":"SearchAction","target":{"@type":"EntryPoint","urlTemplate":"https:\/\/www.vermeister.com\/?s={search_term_string}"},"query-input":{"@type":"PropertyValueSpecification","valueRequired":true,"valueName":"search_term_string"}}],"inLanguage":"fr-CA"},{"@type":"Organization","@id":"https:\/\/www.vermeister.com\/#organization","name":"Vermeister Spa","url":"https:\/\/www.vermeister.com\/","logo":{"@type":"ImageObject","inLanguage":"fr-CA","@id":"https:\/\/www.vermeister.com\/#\/schema\/logo\/image\/","url":"https:\/\/www.vermeister.com\/sito\/wp-content\/uploads\/2023\/03\/logo.png","contentUrl":"https:\/\/www.vermeister.com\/sito\/wp-content\/uploads\/2023\/03\/logo.png","width":400,"height":107,"caption":"Vermeister Spa"},"image":{"@id":"https:\/\/www.vermeister.com\/#\/schema\/logo\/image\/"},"sameAs":["https:\/\/www.facebook.com\/vermeister.spa\/","https:\/\/www.instagram.com\/vermeisterspa\/","https:\/\/www.linkedin.com\/company\/vermeister-spa\/","https:\/\/www.youtube.com\/@VERMEISTERSPA"]}]}},"_links":{"self":[{"href":"https:\/\/www.vermeister.com\/fr-ca\/wp-json\/wp\/v2\/pages\/9152","targetHints":{"allow":["GET"]}}],"collection":[{"href":"https:\/\/www.vermeister.com\/fr-ca\/wp-json\/wp\/v2\/pages"}],"about":[{"href":"https:\/\/www.vermeister.com\/fr-ca\/wp-json\/wp\/v2\/types\/page"}],"author":[{"embeddable":true,"href":"https:\/\/www.vermeister.com\/fr-ca\/wp-json\/wp\/v2\/users\/1"}],"replies":[{"embeddable":true,"href":"https:\/\/www.vermeister.com\/fr-ca\/wp-json\/wp\/v2\/comments?post=9152"}],"version-history":[{"count":1,"href":"https:\/\/www.vermeister.com\/fr-ca\/wp-json\/wp\/v2\/pages\/9152\/revisions"}],"predecessor-version":[{"id":23136,"href":"https:\/\/www.vermeister.com\/fr-ca\/wp-json\/wp\/v2\/pages\/9152\/revisions\/23136"}],"up":[{"embeddable":true,"href":"https:\/\/www.vermeister.com\/fr-ca\/wp-json\/wp\/v2\/pages\/9064"}],"wp:attachment":[{"href":"https:\/\/www.vermeister.com\/fr-ca\/wp-json\/wp\/v2\/media?parent=9152"}],"curies":[{"name":"wp","href":"https:\/\/api.w.org\/{rel}","templated":true}]}}