{"id":9064,"date":"2023-04-11T22:14:26","date_gmt":"2023-04-11T20:14:26","guid":{"rendered":"https:\/\/www.vermeister.com\/sito\/products-for-professionals\/"},"modified":"2026-02-25T22:54:30","modified_gmt":"2026-02-25T21:54:30","slug":"produits-pour-professionels","status":"publish","type":"page","link":"https:\/\/www.vermeister.com\/fr-ca\/produits-pour-professionels\/","title":{"rendered":"Produits pour professionels"},"content":{"rendered":"\t\t<div data-elementor-type=\"wp-page\" data-elementor-id=\"9064\" class=\"elementor elementor-9064 elementor-219\">\n\t\t\t\t\t\t<section class=\"elementor-section elementor-top-section elementor-element elementor-element-ce00397 elementor-section-stretched elementor-section-height-min-height elementor-section-boxed elementor-section-height-default elementor-section-items-middle\" data-id=\"ce00397\" data-element_type=\"section\" data-settings=\"{&quot;stretch_section&quot;:&quot;section-stretched&quot;,&quot;jet_parallax_layout_list&quot;:[],&quot;background_background&quot;:&quot;classic&quot;}\">\n\t\t\t\t\t\t\t<div class=\"elementor-background-overlay\"><\/div>\n\t\t\t\t\t\t\t<div class=\"elementor-container elementor-column-gap-default\">\n\t\t\t\t\t<div class=\"elementor-column elementor-col-100 elementor-top-column elementor-element elementor-element-4962773\" data-id=\"4962773\" data-element_type=\"column\">\n\t\t\t<div class=\"elementor-widget-wrap elementor-element-populated\">\n\t\t\t\t\t\t<div class=\"elementor-element elementor-element-565b97a elementor-widget elementor-widget-heading\" data-id=\"565b97a\" data-element_type=\"widget\" data-widget_type=\"heading.default\">\n\t\t\t\t<div class=\"elementor-widget-container\">\n\t\t\t<style>\/*! elementor - v3.23.0 - 05-08-2024 *\/\n.elementor-heading-title{padding:0;margin:0;line-height:1}.elementor-widget-heading .elementor-heading-title[class*=elementor-size-]>a{color:inherit;font-size:inherit;line-height:inherit}.elementor-widget-heading .elementor-heading-title.elementor-size-small{font-size:15px}.elementor-widget-heading .elementor-heading-title.elementor-size-medium{font-size:19px}.elementor-widget-heading .elementor-heading-title.elementor-size-large{font-size:29px}.elementor-widget-heading .elementor-heading-title.elementor-size-xl{font-size:39px}.elementor-widget-heading .elementor-heading-title.elementor-size-xxl{font-size:59px}<\/style><h1 class=\"elementor-heading-title elementor-size-default\">Produits pour professionels<\/h1>\t\t<\/div>\n\t\t\t\t<\/div>\n\t\t\t\t\t<\/div>\n\t\t<\/div>\n\t\t\t\t\t<\/div>\n\t\t<\/section>\n\t\t\t\t<section class=\"elementor-section elementor-top-section elementor-element elementor-element-da52ea9 elementor-section-boxed elementor-section-height-default elementor-section-height-default\" data-id=\"da52ea9\" data-element_type=\"section\" data-settings=\"{&quot;jet_parallax_layout_list&quot;:[]}\">\n\t\t\t\t\t\t<div class=\"elementor-container elementor-column-gap-default\">\n\t\t\t\t\t<div class=\"elementor-column elementor-col-100 elementor-top-column elementor-element elementor-element-d208e8e raven-column-flex-horizontal\" data-id=\"d208e8e\" data-element_type=\"column\">\n\t\t\t<div class=\"elementor-widget-wrap elementor-element-populated\">\n\t\t\t\t\t\t<div class=\"elementor-element elementor-element-e76abde elementor-widget elementor-widget-image\" data-id=\"e76abde\" data-element_type=\"widget\" data-widget_type=\"image.default\">\n\t\t\t\t<div class=\"elementor-widget-container\">\n\t\t\t<style>\/*! elementor - v3.23.0 - 05-08-2024 *\/\n.elementor-widget-image{text-align:center}.elementor-widget-image a{display:inline-block}.elementor-widget-image a img[src$=\".svg\"]{width:48px}.elementor-widget-image img{vertical-align:middle;display:inline-block}<\/style>\t\t\t\t\t\t\t\t\t\t\t<a href=\"https:\/\/www.vermeister.com\/en-us\/professional\/waterborne-finishes\/soluzione\/\">\n\t\t\t\t\t\t\t<img decoding=\"async\" width=\"76\" height=\"40\" src=\"https:\/\/www.vermeister.com\/sito\/wp-content\/uploads\/2026\/02\/bandiera_ca_40_en.jpg\" class=\"attachment-full size-full wp-image-23256\" alt=\"\" \/>\t\t\t\t\t\t\t\t<\/a>\n\t\t\t\t\t\t\t\t\t\t\t\t\t<\/div>\n\t\t\t\t<\/div>\n\t\t\t\t\t<\/div>\n\t\t<\/div>\n\t\t\t\t\t<\/div>\n\t\t<\/section>\n\t\t\t\t<section class=\"elementor-section elementor-top-section elementor-element elementor-element-b4ec8bc elementor-section-boxed elementor-section-height-default elementor-section-height-default\" data-id=\"b4ec8bc\" data-element_type=\"section\" data-settings=\"{&quot;jet_parallax_layout_list&quot;:[]}\">\n\t\t\t\t\t\t<div class=\"elementor-container elementor-column-gap-default\">\n\t\t\t\t\t<div class=\"elementor-column elementor-col-100 elementor-top-column elementor-element elementor-element-027f8fb\" data-id=\"027f8fb\" data-element_type=\"column\">\n\t\t\t<div class=\"elementor-widget-wrap elementor-element-populated\">\n\t\t\t\t\t\t<div class=\"elementor-element elementor-element-a42d191 elementor-widget elementor-widget-heading\" data-id=\"a42d191\" data-element_type=\"widget\" data-widget_type=\"heading.default\">\n\t\t\t\t<div class=\"elementor-widget-container\">\n\t\t\t<h2 class=\"elementor-heading-title elementor-size-default\">Depuis toujours Vermeister a su se distinguer pour son esprit innovant.<\/h2>\t\t<\/div>\n\t\t\t\t<\/div>\n\t\t\t\t<div class=\"elementor-element elementor-element-994a070 elementor-widget elementor-widget-text-editor\" data-id=\"994a070\" data-element_type=\"widget\" data-widget_type=\"text-editor.default\">\n\t\t\t\t<div class=\"elementor-widget-container\">\n\t\t\t<style>\/*! elementor - v3.23.0 - 05-08-2024 *\/\n.elementor-widget-text-editor.elementor-drop-cap-view-stacked .elementor-drop-cap{background-color:#69727d;color:#fff}.elementor-widget-text-editor.elementor-drop-cap-view-framed .elementor-drop-cap{color:#69727d;border:3px solid;background-color:transparent}.elementor-widget-text-editor:not(.elementor-drop-cap-view-default) .elementor-drop-cap{margin-top:8px}.elementor-widget-text-editor:not(.elementor-drop-cap-view-default) .elementor-drop-cap-letter{width:1em;height:1em}.elementor-widget-text-editor .elementor-drop-cap{float:left;text-align:center;line-height:1;font-size:50px}.elementor-widget-text-editor .elementor-drop-cap-letter{display:inline-block}<\/style>\t\t\t\t<p>Et c\u2019est avec ce m\u00eame esprit que nous avons essay\u00e9 d\u2019\u00eatre innovants \u00e9galement durant notre communication en exprimant nos donn\u00e9es toujours avec beaucoup de clart\u00e9. Le choix d\u2019un produit na\u00eet d\u2019une analyse attentive des exigences de chantier. Pour rendre plus facile cette phase nous avons class\u00e9 notre gamme en plusieurs cat\u00e9gories selon la nature du produit ou de sa destination d\u2019usage. Toutes les sections sont codifi\u00e9es avec un pictogramme qui sera report\u00e9 dans tous les documents, y compris les fiches techniques.   <\/p>\n\t\t\t\t\t\t<\/div>\n\t\t\t\t<\/div>\n\t\t\t\t\t<\/div>\n\t\t<\/div>\n\t\t\t\t\t<\/div>\n\t\t<\/section>\n\t\t\t\t<section class=\"elementor-section elementor-top-section elementor-element elementor-element-221b9a0 elementor-section-boxed elementor-section-height-default elementor-section-height-default\" data-id=\"221b9a0\" data-element_type=\"section\" data-settings=\"{&quot;jet_parallax_layout_list&quot;:[]}\">\n\t\t\t\t\t\t<div class=\"elementor-container elementor-column-gap-custom\">\n\t\t\t\t\t<div class=\"elementor-column elementor-col-25 elementor-top-column elementor-element elementor-element-c6441cd\" data-id=\"c6441cd\" data-element_type=\"column\">\n\t\t\t<div class=\"elementor-widget-wrap elementor-element-populated\">\n\t\t\t\t\t\t<div class=\"elementor-element elementor-element-7542cae elementor-position-top elementor-widget elementor-widget-image-box\" data-id=\"7542cae\" data-element_type=\"widget\" data-widget_type=\"image-box.default\">\n\t\t\t\t<div class=\"elementor-widget-container\">\n\t\t\t<style>\/*! elementor - v3.23.0 - 05-08-2024 *\/\n.elementor-widget-image-box .elementor-image-box-content{width:100%}@media (min-width:768px){.elementor-widget-image-box.elementor-position-left .elementor-image-box-wrapper,.elementor-widget-image-box.elementor-position-right .elementor-image-box-wrapper{display:flex}.elementor-widget-image-box.elementor-position-right .elementor-image-box-wrapper{text-align:end;flex-direction:row-reverse}.elementor-widget-image-box.elementor-position-left .elementor-image-box-wrapper{text-align:start;flex-direction:row}.elementor-widget-image-box.elementor-position-top .elementor-image-box-img{margin:auto}.elementor-widget-image-box.elementor-vertical-align-top .elementor-image-box-wrapper{align-items:flex-start}.elementor-widget-image-box.elementor-vertical-align-middle .elementor-image-box-wrapper{align-items:center}.elementor-widget-image-box.elementor-vertical-align-bottom .elementor-image-box-wrapper{align-items:flex-end}}@media (max-width:767px){.elementor-widget-image-box .elementor-image-box-img{margin-left:auto!important;margin-right:auto!important;margin-bottom:15px}}.elementor-widget-image-box .elementor-image-box-img{display:inline-block}.elementor-widget-image-box .elementor-image-box-title a{color:inherit}.elementor-widget-image-box .elementor-image-box-wrapper{text-align:center}.elementor-widget-image-box .elementor-image-box-description{margin:0}<\/style><div class=\"elementor-image-box-wrapper\"><figure class=\"elementor-image-box-img\"><a href=\"https:\/\/www.vermeister.com\/fr-ca\/produits-pour-professionels\/colles-et-primaires-anti-humidite\/\" tabindex=\"-1\"><img fetchpriority=\"high\" decoding=\"async\" width=\"400\" height=\"400\" src=\"https:\/\/www.vermeister.com\/sito\/wp-content\/uploads\/2024\/03\/colles_et_primaires_anti_humidite.png\" class=\"elementor-animation-shrink attachment-full size-full wp-image-15689\" alt=\"\" srcset=\"https:\/\/www.vermeister.com\/sito\/wp-content\/uploads\/2024\/03\/colles_et_primaires_anti_humidite.png 400w, https:\/\/www.vermeister.com\/sito\/wp-content\/uploads\/2024\/03\/colles_et_primaires_anti_humidite-300x300.png 300w, https:\/\/www.vermeister.com\/sito\/wp-content\/uploads\/2024\/03\/colles_et_primaires_anti_humidite-150x150.png 150w, https:\/\/www.vermeister.com\/sito\/wp-content\/uploads\/2024\/03\/colles_et_primaires_anti_humidite-100x100.png 100w, https:\/\/www.vermeister.com\/sito\/wp-content\/uploads\/2024\/03\/elementor\/thumbs\/colles_et_primaires_anti_humidite-ql4cq9tqjifulut4k6b9x5ffn8aw7dm5cd1tnrpit0.png 50w\" sizes=\"(max-width: 400px) 100vw, 400px\" \/><\/a><\/figure><div class=\"elementor-image-box-content\"><h3 class=\"elementor-image-box-title\"><a href=\"https:\/\/www.vermeister.com\/fr-ca\/produits-pour-professionels\/colles-et-primaires-anti-humidite\/\">Colles et primaires anti-humidit\u00e9<\/a><\/h3><\/div><\/div>\t\t<\/div>\n\t\t\t\t<\/div>\n\t\t\t\t\t<\/div>\n\t\t<\/div>\n\t\t\t\t<div class=\"elementor-column elementor-col-25 elementor-top-column elementor-element elementor-element-dac1e3c\" data-id=\"dac1e3c\" data-element_type=\"column\">\n\t\t\t<div class=\"elementor-widget-wrap elementor-element-populated\">\n\t\t\t\t\t\t<div class=\"elementor-element elementor-element-47f67bc elementor-position-top elementor-widget elementor-widget-image-box\" data-id=\"47f67bc\" data-element_type=\"widget\" data-widget_type=\"image-box.default\">\n\t\t\t\t<div class=\"elementor-widget-container\">\n\t\t\t<div class=\"elementor-image-box-wrapper\"><figure class=\"elementor-image-box-img\"><a href=\"https:\/\/www.vermeister.com\/fr-ca\/produits-pour-professionels\/fonds-et-mastics-a-leau\/\" tabindex=\"-1\"><img decoding=\"async\" width=\"400\" height=\"400\" src=\"https:\/\/www.vermeister.com\/sito\/wp-content\/uploads\/2024\/03\/fonds_er_mastic_a_eau.png\" class=\"elementor-animation-shrink attachment-full size-full wp-image-15697\" alt=\"\" srcset=\"https:\/\/www.vermeister.com\/sito\/wp-content\/uploads\/2024\/03\/fonds_er_mastic_a_eau.png 400w, https:\/\/www.vermeister.com\/sito\/wp-content\/uploads\/2024\/03\/fonds_er_mastic_a_eau-300x300.png 300w, https:\/\/www.vermeister.com\/sito\/wp-content\/uploads\/2024\/03\/fonds_er_mastic_a_eau-150x150.png 150w, https:\/\/www.vermeister.com\/sito\/wp-content\/uploads\/2024\/03\/fonds_er_mastic_a_eau-100x100.png 100w, https:\/\/www.vermeister.com\/sito\/wp-content\/uploads\/2024\/03\/elementor\/thumbs\/fonds_er_mastic_a_eau-ql4cqbpex6if92qe974j24ycu01mmrtm0mcsmbmqgk.png 50w\" sizes=\"(max-width: 400px) 100vw, 400px\" \/><\/a><\/figure><div class=\"elementor-image-box-content\"><h2 class=\"elementor-image-box-title\"><a href=\"https:\/\/www.vermeister.com\/fr-ca\/produits-pour-professionels\/fonds-et-mastics-a-leau\/\">Fonds et mastics \u00e0 l\u2019eau<\/a><\/h2><\/div><\/div>\t\t<\/div>\n\t\t\t\t<\/div>\n\t\t\t\t\t<\/div>\n\t\t<\/div>\n\t\t\t\t<div class=\"elementor-column elementor-col-25 elementor-top-column elementor-element elementor-element-9e229cb\" data-id=\"9e229cb\" data-element_type=\"column\">\n\t\t\t<div class=\"elementor-widget-wrap elementor-element-populated\">\n\t\t\t\t\t\t<div class=\"elementor-element elementor-element-ebec2d0 elementor-position-top elementor-widget elementor-widget-image-box\" data-id=\"ebec2d0\" data-element_type=\"widget\" data-widget_type=\"image-box.default\">\n\t\t\t\t<div class=\"elementor-widget-container\">\n\t\t\t<div class=\"elementor-image-box-wrapper\"><figure class=\"elementor-image-box-img\"><a href=\"https:\/\/www.vermeister.com\/fr-ca\/produits-pour-professionels\/vernis-a-leau-et-systemes-de-couleur\/\" tabindex=\"-1\"><img loading=\"lazy\" decoding=\"async\" width=\"400\" height=\"400\" src=\"https:\/\/www.vermeister.com\/sito\/wp-content\/uploads\/2024\/03\/vernis.png\" class=\"elementor-animation-shrink attachment-full size-full wp-image-15680\" alt=\"\" srcset=\"https:\/\/www.vermeister.com\/sito\/wp-content\/uploads\/2024\/03\/vernis.png 400w, https:\/\/www.vermeister.com\/sito\/wp-content\/uploads\/2024\/03\/vernis-300x300.png 300w, https:\/\/www.vermeister.com\/sito\/wp-content\/uploads\/2024\/03\/vernis-150x150.png 150w, https:\/\/www.vermeister.com\/sito\/wp-content\/uploads\/2024\/03\/vernis-100x100.png 100w, https:\/\/www.vermeister.com\/sito\/wp-content\/uploads\/2024\/03\/elementor\/thumbs\/vernis-ql4cmze2mdxpyzl5rr4a6zbcsoin9ijyw2un6wl4l0.png 50w\" sizes=\"(max-width: 400px) 100vw, 400px\" \/><\/a><\/figure><div class=\"elementor-image-box-content\"><h3 class=\"elementor-image-box-title\"><a href=\"https:\/\/www.vermeister.com\/fr-ca\/produits-pour-professionels\/vernis-a-leau-et-systemes-de-couleur\/\">Vernis \u00e0 l\u2019eau et syst\u00e8mes de couleur<\/a><\/h3><\/div><\/div>\t\t<\/div>\n\t\t\t\t<\/div>\n\t\t\t\t\t<\/div>\n\t\t<\/div>\n\t\t\t\t<div class=\"elementor-column elementor-col-25 elementor-top-column elementor-element elementor-element-65bd996\" data-id=\"65bd996\" data-element_type=\"column\">\n\t\t\t<div class=\"elementor-widget-wrap\">\n\t\t\t\t\t\t\t<\/div>\n\t\t<\/div>\n\t\t\t\t\t<\/div>\n\t\t<\/section>\n\t\t\t\t<\/div>\n\t\t","protected":false},"excerpt":{"rendered":"<p>Depuis toujours Vermeister a su se distinguer pour son esprit innovant. Et c\u2019est avec ce m\u00eame esprit que nous avons essay\u00e9 d\u2019\u00eatre innovants \u00e9galement durant notre communication en exprimant nos donn\u00e9es toujours avec beaucoup de clart\u00e9. Le choix d\u2019un produit na\u00eet d\u2019une analyse attentive des exigences de chantier. Pour rendre plus facile cette phase nous [&hellip;]<\/p>\n","protected":false},"author":1,"featured_media":0,"parent":0,"menu_order":0,"comment_status":"closed","ping_status":"closed","template":"","meta":{"_acf_changed":false,"footnotes":""},"class_list":["post-9064","page","type-page","status-publish","hentry"],"acf":[],"yoast_head":"<!-- This site is optimized with the Yoast SEO plugin v27.1.1 - https:\/\/yoast.com\/product\/yoast-seo-wordpress\/ -->\n<title>Produit pour professionnel<\/title>\n<meta name=\"description\" content=\"Produit pour professionnel\" \/>\n<meta name=\"robots\" content=\"index, follow, max-snippet:-1, max-image-preview:large, max-video-preview:-1\" \/>\n<link rel=\"canonical\" href=\"https:\/\/www.vermeister.com\/professionisti\/\" \/>\n<meta property=\"og:locale\" content=\"fr_CA\" \/>\n<meta property=\"og:type\" content=\"article\" \/>\n<meta property=\"og:title\" content=\"Produit pour professionnel\" \/>\n<meta property=\"og:description\" content=\"Produit pour professionnel\" \/>\n<meta property=\"og:url\" content=\"https:\/\/www.vermeister.com\/professionisti\/\" \/>\n<meta property=\"og:site_name\" content=\"Vermeister Spa\" \/>\n<meta property=\"article:publisher\" content=\"https:\/\/www.facebook.com\/vermeister.spa\/\" \/>\n<meta property=\"article:modified_time\" content=\"2026-02-25T21:54:30+00:00\" \/>\n<meta property=\"og:image\" content=\"https:\/\/www.vermeister.com\/sito\/wp-content\/uploads\/2026\/02\/bandiera_ca_40_en.jpg\" \/>\n\t<meta property=\"og:image:width\" content=\"76\" \/>\n\t<meta property=\"og:image:height\" content=\"40\" \/>\n\t<meta property=\"og:image:type\" content=\"image\/jpeg\" \/>\n<meta name=\"twitter:card\" content=\"summary_large_image\" \/>\n<meta name=\"twitter:label1\" content=\"Estimation du temps de lecture\" \/>\n\t<meta name=\"twitter:data1\" content=\"2 minutes\" \/>\n<script type=\"application\/ld+json\" class=\"yoast-schema-graph\">{\"@context\":\"https:\/\/schema.org\",\"@graph\":[{\"@type\":\"WebPage\",\"@id\":\"https:\/\/www.vermeister.com\/professionisti\/\",\"url\":\"https:\/\/www.vermeister.com\/professionisti\/\",\"name\":\"Produit pour professionnel\",\"isPartOf\":{\"@id\":\"https:\/\/www.vermeister.com\/#website\"},\"primaryImageOfPage\":{\"@id\":\"https:\/\/www.vermeister.com\/professionisti\/#primaryimage\"},\"image\":{\"@id\":\"https:\/\/www.vermeister.com\/professionisti\/#primaryimage\"},\"thumbnailUrl\":\"https:\/\/www.vermeister.com\/sito\/wp-content\/uploads\/2026\/02\/bandiera_ca_40_en.jpg\",\"datePublished\":\"2023-04-11T20:14:26+00:00\",\"dateModified\":\"2026-02-25T21:54:30+00:00\",\"description\":\"Produit pour professionnel\",\"breadcrumb\":{\"@id\":\"https:\/\/www.vermeister.com\/professionisti\/#breadcrumb\"},\"inLanguage\":\"fr-CA\",\"potentialAction\":[{\"@type\":\"ReadAction\",\"target\":[\"https:\/\/www.vermeister.com\/professionisti\/\"]}]},{\"@type\":\"ImageObject\",\"inLanguage\":\"fr-CA\",\"@id\":\"https:\/\/www.vermeister.com\/professionisti\/#primaryimage\",\"url\":\"https:\/\/www.vermeister.com\/sito\/wp-content\/uploads\/2026\/02\/bandiera_ca_40_en.jpg\",\"contentUrl\":\"https:\/\/www.vermeister.com\/sito\/wp-content\/uploads\/2026\/02\/bandiera_ca_40_en.jpg\"},{\"@type\":\"BreadcrumbList\",\"@id\":\"https:\/\/www.vermeister.com\/professionisti\/#breadcrumb\",\"itemListElement\":[{\"@type\":\"ListItem\",\"position\":1,\"name\":\"Home\",\"item\":\"https:\/\/www.vermeister.com\/\"},{\"@type\":\"ListItem\",\"position\":2,\"name\":\"Produits pour professionels\"}]},{\"@type\":\"WebSite\",\"@id\":\"https:\/\/www.vermeister.com\/#website\",\"url\":\"https:\/\/www.vermeister.com\/\",\"name\":\"Vermeister Spa\",\"description\":\"Solutions for wood floors\",\"publisher\":{\"@id\":\"https:\/\/www.vermeister.com\/#organization\"},\"potentialAction\":[{\"@type\":\"SearchAction\",\"target\":{\"@type\":\"EntryPoint\",\"urlTemplate\":\"https:\/\/www.vermeister.com\/?s={search_term_string}\"},\"query-input\":{\"@type\":\"PropertyValueSpecification\",\"valueRequired\":true,\"valueName\":\"search_term_string\"}}],\"inLanguage\":\"fr-CA\"},{\"@type\":\"Organization\",\"@id\":\"https:\/\/www.vermeister.com\/#organization\",\"name\":\"Vermeister Spa\",\"url\":\"https:\/\/www.vermeister.com\/\",\"logo\":{\"@type\":\"ImageObject\",\"inLanguage\":\"fr-CA\",\"@id\":\"https:\/\/www.vermeister.com\/#\/schema\/logo\/image\/\",\"url\":\"https:\/\/www.vermeister.com\/sito\/wp-content\/uploads\/2023\/03\/logo.png\",\"contentUrl\":\"https:\/\/www.vermeister.com\/sito\/wp-content\/uploads\/2023\/03\/logo.png\",\"width\":400,\"height\":107,\"caption\":\"Vermeister Spa\"},\"image\":{\"@id\":\"https:\/\/www.vermeister.com\/#\/schema\/logo\/image\/\"},\"sameAs\":[\"https:\/\/www.facebook.com\/vermeister.spa\/\",\"https:\/\/www.instagram.com\/vermeisterspa\/\",\"https:\/\/www.linkedin.com\/company\/vermeister-spa\/\",\"https:\/\/www.youtube.com\/@VERMEISTERSPA\"]}]}<\/script>\n<!-- \/ Yoast SEO plugin. -->","yoast_head_json":{"title":"Produit pour professionnel","description":"Produit pour professionnel","robots":{"index":"index","follow":"follow","max-snippet":"max-snippet:-1","max-image-preview":"max-image-preview:large","max-video-preview":"max-video-preview:-1"},"canonical":"https:\/\/www.vermeister.com\/professionisti\/","og_locale":"fr_CA","og_type":"article","og_title":"Produit pour professionnel","og_description":"Produit pour professionnel","og_url":"https:\/\/www.vermeister.com\/professionisti\/","og_site_name":"Vermeister Spa","article_publisher":"https:\/\/www.facebook.com\/vermeister.spa\/","article_modified_time":"2026-02-25T21:54:30+00:00","og_image":[{"width":76,"height":40,"url":"https:\/\/www.vermeister.com\/sito\/wp-content\/uploads\/2026\/02\/bandiera_ca_40_en.jpg","type":"image\/jpeg"}],"twitter_card":"summary_large_image","twitter_misc":{"Estimation du temps de lecture":"2 minutes"},"schema":{"@context":"https:\/\/schema.org","@graph":[{"@type":"WebPage","@id":"https:\/\/www.vermeister.com\/professionisti\/","url":"https:\/\/www.vermeister.com\/professionisti\/","name":"Produit pour professionnel","isPartOf":{"@id":"https:\/\/www.vermeister.com\/#website"},"primaryImageOfPage":{"@id":"https:\/\/www.vermeister.com\/professionisti\/#primaryimage"},"image":{"@id":"https:\/\/www.vermeister.com\/professionisti\/#primaryimage"},"thumbnailUrl":"https:\/\/www.vermeister.com\/sito\/wp-content\/uploads\/2026\/02\/bandiera_ca_40_en.jpg","datePublished":"2023-04-11T20:14:26+00:00","dateModified":"2026-02-25T21:54:30+00:00","description":"Produit pour professionnel","breadcrumb":{"@id":"https:\/\/www.vermeister.com\/professionisti\/#breadcrumb"},"inLanguage":"fr-CA","potentialAction":[{"@type":"ReadAction","target":["https:\/\/www.vermeister.com\/professionisti\/"]}]},{"@type":"ImageObject","inLanguage":"fr-CA","@id":"https:\/\/www.vermeister.com\/professionisti\/#primaryimage","url":"https:\/\/www.vermeister.com\/sito\/wp-content\/uploads\/2026\/02\/bandiera_ca_40_en.jpg","contentUrl":"https:\/\/www.vermeister.com\/sito\/wp-content\/uploads\/2026\/02\/bandiera_ca_40_en.jpg"},{"@type":"BreadcrumbList","@id":"https:\/\/www.vermeister.com\/professionisti\/#breadcrumb","itemListElement":[{"@type":"ListItem","position":1,"name":"Home","item":"https:\/\/www.vermeister.com\/"},{"@type":"ListItem","position":2,"name":"Produits pour professionels"}]},{"@type":"WebSite","@id":"https:\/\/www.vermeister.com\/#website","url":"https:\/\/www.vermeister.com\/","name":"Vermeister Spa","description":"Solutions for wood floors","publisher":{"@id":"https:\/\/www.vermeister.com\/#organization"},"potentialAction":[{"@type":"SearchAction","target":{"@type":"EntryPoint","urlTemplate":"https:\/\/www.vermeister.com\/?s={search_term_string}"},"query-input":{"@type":"PropertyValueSpecification","valueRequired":true,"valueName":"search_term_string"}}],"inLanguage":"fr-CA"},{"@type":"Organization","@id":"https:\/\/www.vermeister.com\/#organization","name":"Vermeister Spa","url":"https:\/\/www.vermeister.com\/","logo":{"@type":"ImageObject","inLanguage":"fr-CA","@id":"https:\/\/www.vermeister.com\/#\/schema\/logo\/image\/","url":"https:\/\/www.vermeister.com\/sito\/wp-content\/uploads\/2023\/03\/logo.png","contentUrl":"https:\/\/www.vermeister.com\/sito\/wp-content\/uploads\/2023\/03\/logo.png","width":400,"height":107,"caption":"Vermeister Spa"},"image":{"@id":"https:\/\/www.vermeister.com\/#\/schema\/logo\/image\/"},"sameAs":["https:\/\/www.facebook.com\/vermeister.spa\/","https:\/\/www.instagram.com\/vermeisterspa\/","https:\/\/www.linkedin.com\/company\/vermeister-spa\/","https:\/\/www.youtube.com\/@VERMEISTERSPA"]}]}},"_links":{"self":[{"href":"https:\/\/www.vermeister.com\/fr-ca\/wp-json\/wp\/v2\/pages\/9064","targetHints":{"allow":["GET"]}}],"collection":[{"href":"https:\/\/www.vermeister.com\/fr-ca\/wp-json\/wp\/v2\/pages"}],"about":[{"href":"https:\/\/www.vermeister.com\/fr-ca\/wp-json\/wp\/v2\/types\/page"}],"author":[{"embeddable":true,"href":"https:\/\/www.vermeister.com\/fr-ca\/wp-json\/wp\/v2\/users\/1"}],"replies":[{"embeddable":true,"href":"https:\/\/www.vermeister.com\/fr-ca\/wp-json\/wp\/v2\/comments?post=9064"}],"version-history":[{"count":1,"href":"https:\/\/www.vermeister.com\/fr-ca\/wp-json\/wp\/v2\/pages\/9064\/revisions"}],"predecessor-version":[{"id":23313,"href":"https:\/\/www.vermeister.com\/fr-ca\/wp-json\/wp\/v2\/pages\/9064\/revisions\/23313"}],"wp:attachment":[{"href":"https:\/\/www.vermeister.com\/fr-ca\/wp-json\/wp\/v2\/media?parent=9064"}],"curies":[{"name":"wp","href":"https:\/\/api.w.org\/{rel}","templated":true}]}}