{"id":15345,"date":"2024-03-09T13:48:15","date_gmt":"2024-03-09T12:48:15","guid":{"rendered":"https:\/\/www.vermeister.com\/?page_id=15345"},"modified":"2026-02-25T22:15:20","modified_gmt":"2026-02-25T21:15:20","slug":"fonds-et-mastics-a-leau","status":"publish","type":"page","link":"https:\/\/www.vermeister.com\/fr-ca\/produits-pour-professionels\/fonds-et-mastics-a-leau\/","title":{"rendered":"Fonds et mastics \u00e0 l\u2019eau"},"content":{"rendered":"\t\t<div data-elementor-type=\"wp-page\" data-elementor-id=\"15345\" class=\"elementor elementor-15345\">\n\t\t\t\t\t\t<section class=\"elementor-section elementor-top-section elementor-element elementor-element-0d3a14b elementor-section-stretched elementor-section-boxed elementor-section-height-default elementor-section-height-default\" data-id=\"0d3a14b\" data-element_type=\"section\" data-settings=\"{&quot;stretch_section&quot;:&quot;section-stretched&quot;,&quot;jet_parallax_layout_list&quot;:[],&quot;background_background&quot;:&quot;classic&quot;}\">\n\t\t\t\t\t\t\t<div class=\"elementor-background-overlay\"><\/div>\n\t\t\t\t\t\t\t<div class=\"elementor-container elementor-column-gap-default\">\n\t\t\t\t\t<div class=\"elementor-column elementor-col-50 elementor-top-column elementor-element elementor-element-cf01e51\" data-id=\"cf01e51\" data-element_type=\"column\">\n\t\t\t<div class=\"elementor-widget-wrap elementor-element-populated\">\n\t\t\t\t\t\t<div class=\"elementor-element elementor-element-aa9050d elementor-widget elementor-widget-heading\" data-id=\"aa9050d\" data-element_type=\"widget\" data-widget_type=\"heading.default\">\n\t\t\t\t<div class=\"elementor-widget-container\">\n\t\t\t<style>\/*! elementor - v3.23.0 - 05-08-2024 *\/\n.elementor-heading-title{padding:0;margin:0;line-height:1}.elementor-widget-heading .elementor-heading-title[class*=elementor-size-]>a{color:inherit;font-size:inherit;line-height:inherit}.elementor-widget-heading .elementor-heading-title.elementor-size-small{font-size:15px}.elementor-widget-heading .elementor-heading-title.elementor-size-medium{font-size:19px}.elementor-widget-heading .elementor-heading-title.elementor-size-large{font-size:29px}.elementor-widget-heading .elementor-heading-title.elementor-size-xl{font-size:39px}.elementor-widget-heading .elementor-heading-title.elementor-size-xxl{font-size:59px}<\/style><h1 class=\"elementor-heading-title elementor-size-default\">Fonds et mastics \u00e0 l\u2019eau<\/h1>\t\t<\/div>\n\t\t\t\t<\/div>\n\t\t\t\t\t<\/div>\n\t\t<\/div>\n\t\t\t\t<div class=\"elementor-column elementor-col-50 elementor-top-column elementor-element elementor-element-2b264db\" data-id=\"2b264db\" data-element_type=\"column\">\n\t\t\t<div class=\"elementor-widget-wrap\">\n\t\t\t\t\t\t\t<\/div>\n\t\t<\/div>\n\t\t\t\t\t<\/div>\n\t\t<\/section>\n\t\t\t\t<section class=\"elementor-section elementor-top-section elementor-element elementor-element-e9db980 elementor-section-boxed elementor-section-height-default elementor-section-height-default\" data-id=\"e9db980\" data-element_type=\"section\" data-settings=\"{&quot;jet_parallax_layout_list&quot;:[]}\">\n\t\t\t\t\t\t<div class=\"elementor-container elementor-column-gap-default\">\n\t\t\t\t\t<div class=\"elementor-column elementor-col-100 elementor-top-column elementor-element elementor-element-e80299a raven-column-flex-horizontal\" data-id=\"e80299a\" data-element_type=\"column\">\n\t\t\t<div class=\"elementor-widget-wrap elementor-element-populated\">\n\t\t\t\t\t\t<div class=\"elementor-element elementor-element-cda473a elementor-widget elementor-widget-image\" data-id=\"cda473a\" data-element_type=\"widget\" data-widget_type=\"image.default\">\n\t\t\t\t<div class=\"elementor-widget-container\">\n\t\t\t<style>\/*! elementor - v3.23.0 - 05-08-2024 *\/\n.elementor-widget-image{text-align:center}.elementor-widget-image a{display:inline-block}.elementor-widget-image a img[src$=\".svg\"]{width:48px}.elementor-widget-image img{vertical-align:middle;display:inline-block}<\/style>\t\t\t\t\t\t\t\t\t\t\t<a href=\"https:\/\/www.vermeister.com\/en-us\/professional\/waterborne-sealers\/\">\n\t\t\t\t\t\t\t<img decoding=\"async\" width=\"76\" height=\"40\" src=\"https:\/\/www.vermeister.com\/sito\/wp-content\/uploads\/2026\/02\/bandiera_ca_40_en.jpg\" class=\"attachment-full size-full wp-image-23256\" alt=\"\" \/>\t\t\t\t\t\t\t\t<\/a>\n\t\t\t\t\t\t\t\t\t\t\t\t\t<\/div>\n\t\t\t\t<\/div>\n\t\t\t\t\t<\/div>\n\t\t<\/div>\n\t\t\t\t\t<\/div>\n\t\t<\/section>\n\t\t\t\t<section class=\"elementor-section elementor-top-section elementor-element elementor-element-0cd32a3 elementor-section-boxed elementor-section-height-default elementor-section-height-default\" data-id=\"0cd32a3\" data-element_type=\"section\" data-settings=\"{&quot;jet_parallax_layout_list&quot;:[]}\">\n\t\t\t\t\t\t<div class=\"elementor-container elementor-column-gap-custom\">\n\t\t\t\t\t<div class=\"elementor-column elementor-col-33 elementor-top-column elementor-element elementor-element-a2fe388\" data-id=\"a2fe388\" data-element_type=\"column\">\n\t\t\t<div class=\"elementor-widget-wrap elementor-element-populated\">\n\t\t\t\t\t\t<div class=\"elementor-element elementor-element-8691425 elementor-position-top elementor-widget elementor-widget-image-box\" data-id=\"8691425\" data-element_type=\"widget\" data-widget_type=\"image-box.default\">\n\t\t\t\t<div class=\"elementor-widget-container\">\n\t\t\t<style>\/*! elementor - v3.23.0 - 05-08-2024 *\/\n.elementor-widget-image-box .elementor-image-box-content{width:100%}@media (min-width:768px){.elementor-widget-image-box.elementor-position-left .elementor-image-box-wrapper,.elementor-widget-image-box.elementor-position-right .elementor-image-box-wrapper{display:flex}.elementor-widget-image-box.elementor-position-right .elementor-image-box-wrapper{text-align:end;flex-direction:row-reverse}.elementor-widget-image-box.elementor-position-left .elementor-image-box-wrapper{text-align:start;flex-direction:row}.elementor-widget-image-box.elementor-position-top .elementor-image-box-img{margin:auto}.elementor-widget-image-box.elementor-vertical-align-top .elementor-image-box-wrapper{align-items:flex-start}.elementor-widget-image-box.elementor-vertical-align-middle .elementor-image-box-wrapper{align-items:center}.elementor-widget-image-box.elementor-vertical-align-bottom .elementor-image-box-wrapper{align-items:flex-end}}@media (max-width:767px){.elementor-widget-image-box .elementor-image-box-img{margin-left:auto!important;margin-right:auto!important;margin-bottom:15px}}.elementor-widget-image-box .elementor-image-box-img{display:inline-block}.elementor-widget-image-box .elementor-image-box-title a{color:inherit}.elementor-widget-image-box .elementor-image-box-wrapper{text-align:center}.elementor-widget-image-box .elementor-image-box-description{margin:0}<\/style><div class=\"elementor-image-box-wrapper\"><figure class=\"elementor-image-box-img\"><a href=\"https:\/\/www.vermeister.com\/fr-ca\/produits-pour-professionels\/fonds-et-mastics-a-leau\/zero-filler\/\" tabindex=\"-1\"><img fetchpriority=\"high\" decoding=\"async\" width=\"1000\" height=\"1000\" src=\"https:\/\/www.vermeister.com\/sito\/wp-content\/uploads\/2024\/03\/zero_filler_usa.jpg\" class=\"elementor-animation-shrink attachment-full size-full wp-image-15910\" alt=\"\" srcset=\"https:\/\/www.vermeister.com\/sito\/wp-content\/uploads\/2024\/03\/zero_filler_usa.jpg 1000w, https:\/\/www.vermeister.com\/sito\/wp-content\/uploads\/2024\/03\/zero_filler_usa-300x300.jpg 300w, https:\/\/www.vermeister.com\/sito\/wp-content\/uploads\/2024\/03\/zero_filler_usa-150x150.jpg 150w, https:\/\/www.vermeister.com\/sito\/wp-content\/uploads\/2024\/03\/zero_filler_usa-768x768.jpg 768w, https:\/\/www.vermeister.com\/sito\/wp-content\/uploads\/2024\/03\/zero_filler_usa-500x500.jpg 500w, https:\/\/www.vermeister.com\/sito\/wp-content\/uploads\/2024\/03\/zero_filler_usa-600x600.jpg 600w, https:\/\/www.vermeister.com\/sito\/wp-content\/uploads\/2024\/03\/zero_filler_usa-100x100.jpg 100w\" sizes=\"(max-width: 1000px) 100vw, 1000px\" \/><\/a><\/figure><div class=\"elementor-image-box-content\"><h2 class=\"elementor-image-box-title\"><a href=\"https:\/\/www.vermeister.com\/fr-ca\/produits-pour-professionels\/fonds-et-mastics-a-leau\/zero-filler\/\">Zero Filler<\/a><\/h2><p class=\"elementor-image-box-description\">Liant en phase aqueuse pour mastics<\/p><\/div><\/div>\t\t<\/div>\n\t\t\t\t<\/div>\n\t\t\t\t\t<\/div>\n\t\t<\/div>\n\t\t\t\t<div class=\"elementor-column elementor-col-33 elementor-top-column elementor-element elementor-element-793c30b\" data-id=\"793c30b\" data-element_type=\"column\">\n\t\t\t<div class=\"elementor-widget-wrap elementor-element-populated\">\n\t\t\t\t\t\t<div class=\"elementor-element elementor-element-96b6d36 elementor-position-top elementor-widget elementor-widget-image-box\" data-id=\"96b6d36\" data-element_type=\"widget\" data-widget_type=\"image-box.default\">\n\t\t\t\t<div class=\"elementor-widget-container\">\n\t\t\t<div class=\"elementor-image-box-wrapper\"><figure class=\"elementor-image-box-img\"><a href=\"https:\/\/www.vermeister.com\/fr-ca\/produits-pour-professionels\/fonds-et-mastics-a-leau\/one\/\" tabindex=\"-1\"><img decoding=\"async\" width=\"1000\" height=\"1000\" src=\"https:\/\/www.vermeister.com\/sito\/wp-content\/uploads\/2024\/03\/one_usa.jpg\" class=\"elementor-animation-shrink attachment-full size-full wp-image-15918\" alt=\"\" srcset=\"https:\/\/www.vermeister.com\/sito\/wp-content\/uploads\/2024\/03\/one_usa.jpg 1000w, https:\/\/www.vermeister.com\/sito\/wp-content\/uploads\/2024\/03\/one_usa-300x300.jpg 300w, https:\/\/www.vermeister.com\/sito\/wp-content\/uploads\/2024\/03\/one_usa-150x150.jpg 150w, https:\/\/www.vermeister.com\/sito\/wp-content\/uploads\/2024\/03\/one_usa-768x768.jpg 768w, https:\/\/www.vermeister.com\/sito\/wp-content\/uploads\/2024\/03\/one_usa-500x500.jpg 500w, https:\/\/www.vermeister.com\/sito\/wp-content\/uploads\/2024\/03\/one_usa-600x600.jpg 600w, https:\/\/www.vermeister.com\/sito\/wp-content\/uploads\/2024\/03\/one_usa-100x100.jpg 100w\" sizes=\"(max-width: 1000px) 100vw, 1000px\" \/><\/a><\/figure><div class=\"elementor-image-box-content\"><h2 class=\"elementor-image-box-title\"><a href=\"https:\/\/www.vermeister.com\/fr-ca\/produits-pour-professionels\/fonds-et-mastics-a-leau\/one\/\">One<\/a><\/h2><p class=\"elementor-image-box-description\">Fond monocomposant \u00e0 l\u2019eau, pon\u00e7able, \u00e0 s\u00e9chage rapide<\/p><\/div><\/div>\t\t<\/div>\n\t\t\t\t<\/div>\n\t\t\t\t\t<\/div>\n\t\t<\/div>\n\t\t\t\t<div class=\"elementor-column elementor-col-33 elementor-top-column elementor-element elementor-element-d74008f\" data-id=\"d74008f\" data-element_type=\"column\">\n\t\t\t<div class=\"elementor-widget-wrap elementor-element-populated\">\n\t\t\t\t\t\t<div class=\"elementor-element elementor-element-3c3090a elementor-position-top elementor-widget elementor-widget-image-box\" data-id=\"3c3090a\" data-element_type=\"widget\" data-widget_type=\"image-box.default\">\n\t\t\t\t<div class=\"elementor-widget-container\">\n\t\t\t<div class=\"elementor-image-box-wrapper\"><figure class=\"elementor-image-box-img\"><a href=\"https:\/\/www.vermeister.com\/fr-ca\/produits-pour-professionels\/fonds-et-mastics-a-leau\/aqua-tenax\/\" tabindex=\"-1\"><img loading=\"lazy\" decoding=\"async\" width=\"1000\" height=\"1000\" src=\"https:\/\/www.vermeister.com\/sito\/wp-content\/uploads\/2024\/03\/aqua_tenax_usa.jpg\" class=\"elementor-animation-shrink attachment-full size-full wp-image-15926\" alt=\"\" srcset=\"https:\/\/www.vermeister.com\/sito\/wp-content\/uploads\/2024\/03\/aqua_tenax_usa.jpg 1000w, https:\/\/www.vermeister.com\/sito\/wp-content\/uploads\/2024\/03\/aqua_tenax_usa-300x300.jpg 300w, https:\/\/www.vermeister.com\/sito\/wp-content\/uploads\/2024\/03\/aqua_tenax_usa-150x150.jpg 150w, https:\/\/www.vermeister.com\/sito\/wp-content\/uploads\/2024\/03\/aqua_tenax_usa-768x768.jpg 768w, https:\/\/www.vermeister.com\/sito\/wp-content\/uploads\/2024\/03\/aqua_tenax_usa-500x500.jpg 500w, https:\/\/www.vermeister.com\/sito\/wp-content\/uploads\/2024\/03\/aqua_tenax_usa-600x600.jpg 600w, https:\/\/www.vermeister.com\/sito\/wp-content\/uploads\/2024\/03\/aqua_tenax_usa-100x100.jpg 100w\" sizes=\"(max-width: 1000px) 100vw, 1000px\" \/><\/a><\/figure><div class=\"elementor-image-box-content\"><h2 class=\"elementor-image-box-title\"><a href=\"https:\/\/www.vermeister.com\/fr-ca\/produits-pour-professionels\/fonds-et-mastics-a-leau\/aqua-tenax\/\">Aqua Tenax<\/a><\/h2><p class=\"elementor-image-box-description\">Fond bicomposant en phase aqueuse<\/p><\/div><\/div>\t\t<\/div>\n\t\t\t\t<\/div>\n\t\t\t\t\t<\/div>\n\t\t<\/div>\n\t\t\t\t\t<\/div>\n\t\t<\/section>\n\t\t\t\t<\/div>\n\t\t","protected":false},"excerpt":{"rendered":"<p>Zero Filler Liant en phase aqueuse pour mastics One Fond monocomposant \u00e0 l\u2019eau, pon\u00e7able, \u00e0 s\u00e9chage rapide Aqua Tenax Fond bicomposant en phase aqueuse<\/p>\n","protected":false},"author":1,"featured_media":0,"parent":9064,"menu_order":0,"comment_status":"closed","ping_status":"closed","template":"","meta":{"_acf_changed":false,"footnotes":""},"class_list":["post-15345","page","type-page","status-publish","hentry"],"acf":[],"yoast_head":"<!-- This site is optimized with the Yoast SEO plugin v27.1.1 - https:\/\/yoast.com\/product\/yoast-seo-wordpress\/ -->\n<title>Fonds et mastics \u00e0 l\u2019eau - Vermeister Spa<\/title>\n<meta name=\"robots\" content=\"index, follow, max-snippet:-1, max-image-preview:large, max-video-preview:-1\" \/>\n<link rel=\"canonical\" href=\"https:\/\/www.vermeister.com\/fr-ca\/produits-pour-professionels\/fonds-et-mastics-a-leau\/\" \/>\n<meta property=\"og:locale\" content=\"fr_CA\" \/>\n<meta property=\"og:type\" content=\"article\" \/>\n<meta property=\"og:title\" content=\"Fonds et mastics \u00e0 l\u2019eau - Vermeister Spa\" \/>\n<meta property=\"og:description\" content=\"Zero Filler Liant en phase aqueuse pour mastics One Fond monocomposant \u00e0 l\u2019eau, pon\u00e7able, \u00e0 s\u00e9chage rapide Aqua Tenax Fond bicomposant en phase aqueuse\" \/>\n<meta property=\"og:url\" content=\"https:\/\/www.vermeister.com\/fr-ca\/produits-pour-professionels\/fonds-et-mastics-a-leau\/\" \/>\n<meta property=\"og:site_name\" content=\"Vermeister Spa\" \/>\n<meta property=\"article:publisher\" content=\"https:\/\/www.facebook.com\/vermeister.spa\/\" \/>\n<meta property=\"article:modified_time\" content=\"2026-02-25T21:15:20+00:00\" \/>\n<meta property=\"og:image\" content=\"https:\/\/www.vermeister.com\/sito\/wp-content\/uploads\/2026\/02\/bandiera_ca_40_en.jpg\" \/>\n\t<meta property=\"og:image:width\" content=\"76\" \/>\n\t<meta property=\"og:image:height\" content=\"40\" \/>\n\t<meta property=\"og:image:type\" content=\"image\/jpeg\" \/>\n<meta name=\"twitter:card\" content=\"summary_large_image\" \/>\n<meta name=\"twitter:label1\" content=\"Estimation du temps de lecture\" \/>\n\t<meta name=\"twitter:data1\" content=\"1 minute\" \/>\n<script type=\"application\/ld+json\" class=\"yoast-schema-graph\">{\"@context\":\"https:\/\/schema.org\",\"@graph\":[{\"@type\":\"WebPage\",\"@id\":\"https:\/\/www.vermeister.com\/fr-ca\/produits-pour-professionels\/fonds-et-mastics-a-leau\/\",\"url\":\"https:\/\/www.vermeister.com\/fr-ca\/produits-pour-professionels\/fonds-et-mastics-a-leau\/\",\"name\":\"Fonds et mastics \u00e0 l\u2019eau - Vermeister Spa\",\"isPartOf\":{\"@id\":\"https:\/\/www.vermeister.com\/#website\"},\"primaryImageOfPage\":{\"@id\":\"https:\/\/www.vermeister.com\/fr-ca\/produits-pour-professionels\/fonds-et-mastics-a-leau\/#primaryimage\"},\"image\":{\"@id\":\"https:\/\/www.vermeister.com\/fr-ca\/produits-pour-professionels\/fonds-et-mastics-a-leau\/#primaryimage\"},\"thumbnailUrl\":\"https:\/\/www.vermeister.com\/sito\/wp-content\/uploads\/2026\/02\/bandiera_ca_40_en.jpg\",\"datePublished\":\"2024-03-09T12:48:15+00:00\",\"dateModified\":\"2026-02-25T21:15:20+00:00\",\"breadcrumb\":{\"@id\":\"https:\/\/www.vermeister.com\/fr-ca\/produits-pour-professionels\/fonds-et-mastics-a-leau\/#breadcrumb\"},\"inLanguage\":\"fr-CA\",\"potentialAction\":[{\"@type\":\"ReadAction\",\"target\":[\"https:\/\/www.vermeister.com\/fr-ca\/produits-pour-professionels\/fonds-et-mastics-a-leau\/\"]}]},{\"@type\":\"ImageObject\",\"inLanguage\":\"fr-CA\",\"@id\":\"https:\/\/www.vermeister.com\/fr-ca\/produits-pour-professionels\/fonds-et-mastics-a-leau\/#primaryimage\",\"url\":\"https:\/\/www.vermeister.com\/sito\/wp-content\/uploads\/2026\/02\/bandiera_ca_40_en.jpg\",\"contentUrl\":\"https:\/\/www.vermeister.com\/sito\/wp-content\/uploads\/2026\/02\/bandiera_ca_40_en.jpg\"},{\"@type\":\"BreadcrumbList\",\"@id\":\"https:\/\/www.vermeister.com\/fr-ca\/produits-pour-professionels\/fonds-et-mastics-a-leau\/#breadcrumb\",\"itemListElement\":[{\"@type\":\"ListItem\",\"position\":1,\"name\":\"Home\",\"item\":\"https:\/\/www.vermeister.com\/\"},{\"@type\":\"ListItem\",\"position\":2,\"name\":\"Produits pour professionels\",\"item\":\"https:\/\/www.vermeister.com\/professionisti\/\"},{\"@type\":\"ListItem\",\"position\":3,\"name\":\"Fonds et mastics \u00e0 l\u2019eau\"}]},{\"@type\":\"WebSite\",\"@id\":\"https:\/\/www.vermeister.com\/#website\",\"url\":\"https:\/\/www.vermeister.com\/\",\"name\":\"Vermeister Spa\",\"description\":\"Solutions for wood floors\",\"publisher\":{\"@id\":\"https:\/\/www.vermeister.com\/#organization\"},\"potentialAction\":[{\"@type\":\"SearchAction\",\"target\":{\"@type\":\"EntryPoint\",\"urlTemplate\":\"https:\/\/www.vermeister.com\/?s={search_term_string}\"},\"query-input\":{\"@type\":\"PropertyValueSpecification\",\"valueRequired\":true,\"valueName\":\"search_term_string\"}}],\"inLanguage\":\"fr-CA\"},{\"@type\":\"Organization\",\"@id\":\"https:\/\/www.vermeister.com\/#organization\",\"name\":\"Vermeister Spa\",\"url\":\"https:\/\/www.vermeister.com\/\",\"logo\":{\"@type\":\"ImageObject\",\"inLanguage\":\"fr-CA\",\"@id\":\"https:\/\/www.vermeister.com\/#\/schema\/logo\/image\/\",\"url\":\"https:\/\/www.vermeister.com\/sito\/wp-content\/uploads\/2023\/03\/logo.png\",\"contentUrl\":\"https:\/\/www.vermeister.com\/sito\/wp-content\/uploads\/2023\/03\/logo.png\",\"width\":400,\"height\":107,\"caption\":\"Vermeister Spa\"},\"image\":{\"@id\":\"https:\/\/www.vermeister.com\/#\/schema\/logo\/image\/\"},\"sameAs\":[\"https:\/\/www.facebook.com\/vermeister.spa\/\",\"https:\/\/www.instagram.com\/vermeisterspa\/\",\"https:\/\/www.linkedin.com\/company\/vermeister-spa\/\",\"https:\/\/www.youtube.com\/@VERMEISTERSPA\"]}]}<\/script>\n<!-- \/ Yoast SEO plugin. -->","yoast_head_json":{"title":"Fonds et mastics \u00e0 l\u2019eau - Vermeister Spa","robots":{"index":"index","follow":"follow","max-snippet":"max-snippet:-1","max-image-preview":"max-image-preview:large","max-video-preview":"max-video-preview:-1"},"canonical":"https:\/\/www.vermeister.com\/fr-ca\/produits-pour-professionels\/fonds-et-mastics-a-leau\/","og_locale":"fr_CA","og_type":"article","og_title":"Fonds et mastics \u00e0 l\u2019eau - Vermeister Spa","og_description":"Zero Filler Liant en phase aqueuse pour mastics One Fond monocomposant \u00e0 l\u2019eau, pon\u00e7able, \u00e0 s\u00e9chage rapide Aqua Tenax Fond bicomposant en phase aqueuse","og_url":"https:\/\/www.vermeister.com\/fr-ca\/produits-pour-professionels\/fonds-et-mastics-a-leau\/","og_site_name":"Vermeister Spa","article_publisher":"https:\/\/www.facebook.com\/vermeister.spa\/","article_modified_time":"2026-02-25T21:15:20+00:00","og_image":[{"width":76,"height":40,"url":"https:\/\/www.vermeister.com\/sito\/wp-content\/uploads\/2026\/02\/bandiera_ca_40_en.jpg","type":"image\/jpeg"}],"twitter_card":"summary_large_image","twitter_misc":{"Estimation du temps de lecture":"1 minute"},"schema":{"@context":"https:\/\/schema.org","@graph":[{"@type":"WebPage","@id":"https:\/\/www.vermeister.com\/fr-ca\/produits-pour-professionels\/fonds-et-mastics-a-leau\/","url":"https:\/\/www.vermeister.com\/fr-ca\/produits-pour-professionels\/fonds-et-mastics-a-leau\/","name":"Fonds et mastics \u00e0 l\u2019eau - Vermeister Spa","isPartOf":{"@id":"https:\/\/www.vermeister.com\/#website"},"primaryImageOfPage":{"@id":"https:\/\/www.vermeister.com\/fr-ca\/produits-pour-professionels\/fonds-et-mastics-a-leau\/#primaryimage"},"image":{"@id":"https:\/\/www.vermeister.com\/fr-ca\/produits-pour-professionels\/fonds-et-mastics-a-leau\/#primaryimage"},"thumbnailUrl":"https:\/\/www.vermeister.com\/sito\/wp-content\/uploads\/2026\/02\/bandiera_ca_40_en.jpg","datePublished":"2024-03-09T12:48:15+00:00","dateModified":"2026-02-25T21:15:20+00:00","breadcrumb":{"@id":"https:\/\/www.vermeister.com\/fr-ca\/produits-pour-professionels\/fonds-et-mastics-a-leau\/#breadcrumb"},"inLanguage":"fr-CA","potentialAction":[{"@type":"ReadAction","target":["https:\/\/www.vermeister.com\/fr-ca\/produits-pour-professionels\/fonds-et-mastics-a-leau\/"]}]},{"@type":"ImageObject","inLanguage":"fr-CA","@id":"https:\/\/www.vermeister.com\/fr-ca\/produits-pour-professionels\/fonds-et-mastics-a-leau\/#primaryimage","url":"https:\/\/www.vermeister.com\/sito\/wp-content\/uploads\/2026\/02\/bandiera_ca_40_en.jpg","contentUrl":"https:\/\/www.vermeister.com\/sito\/wp-content\/uploads\/2026\/02\/bandiera_ca_40_en.jpg"},{"@type":"BreadcrumbList","@id":"https:\/\/www.vermeister.com\/fr-ca\/produits-pour-professionels\/fonds-et-mastics-a-leau\/#breadcrumb","itemListElement":[{"@type":"ListItem","position":1,"name":"Home","item":"https:\/\/www.vermeister.com\/"},{"@type":"ListItem","position":2,"name":"Produits pour professionels","item":"https:\/\/www.vermeister.com\/professionisti\/"},{"@type":"ListItem","position":3,"name":"Fonds et mastics \u00e0 l\u2019eau"}]},{"@type":"WebSite","@id":"https:\/\/www.vermeister.com\/#website","url":"https:\/\/www.vermeister.com\/","name":"Vermeister Spa","description":"Solutions for wood floors","publisher":{"@id":"https:\/\/www.vermeister.com\/#organization"},"potentialAction":[{"@type":"SearchAction","target":{"@type":"EntryPoint","urlTemplate":"https:\/\/www.vermeister.com\/?s={search_term_string}"},"query-input":{"@type":"PropertyValueSpecification","valueRequired":true,"valueName":"search_term_string"}}],"inLanguage":"fr-CA"},{"@type":"Organization","@id":"https:\/\/www.vermeister.com\/#organization","name":"Vermeister Spa","url":"https:\/\/www.vermeister.com\/","logo":{"@type":"ImageObject","inLanguage":"fr-CA","@id":"https:\/\/www.vermeister.com\/#\/schema\/logo\/image\/","url":"https:\/\/www.vermeister.com\/sito\/wp-content\/uploads\/2023\/03\/logo.png","contentUrl":"https:\/\/www.vermeister.com\/sito\/wp-content\/uploads\/2023\/03\/logo.png","width":400,"height":107,"caption":"Vermeister Spa"},"image":{"@id":"https:\/\/www.vermeister.com\/#\/schema\/logo\/image\/"},"sameAs":["https:\/\/www.facebook.com\/vermeister.spa\/","https:\/\/www.instagram.com\/vermeisterspa\/","https:\/\/www.linkedin.com\/company\/vermeister-spa\/","https:\/\/www.youtube.com\/@VERMEISTERSPA"]}]}},"_links":{"self":[{"href":"https:\/\/www.vermeister.com\/fr-ca\/wp-json\/wp\/v2\/pages\/15345","targetHints":{"allow":["GET"]}}],"collection":[{"href":"https:\/\/www.vermeister.com\/fr-ca\/wp-json\/wp\/v2\/pages"}],"about":[{"href":"https:\/\/www.vermeister.com\/fr-ca\/wp-json\/wp\/v2\/types\/page"}],"author":[{"embeddable":true,"href":"https:\/\/www.vermeister.com\/fr-ca\/wp-json\/wp\/v2\/users\/1"}],"replies":[{"embeddable":true,"href":"https:\/\/www.vermeister.com\/fr-ca\/wp-json\/wp\/v2\/comments?post=15345"}],"version-history":[{"count":1,"href":"https:\/\/www.vermeister.com\/fr-ca\/wp-json\/wp\/v2\/pages\/15345\/revisions"}],"predecessor-version":[{"id":23280,"href":"https:\/\/www.vermeister.com\/fr-ca\/wp-json\/wp\/v2\/pages\/15345\/revisions\/23280"}],"up":[{"embeddable":true,"href":"https:\/\/www.vermeister.com\/fr-ca\/wp-json\/wp\/v2\/pages\/9064"}],"wp:attachment":[{"href":"https:\/\/www.vermeister.com\/fr-ca\/wp-json\/wp\/v2\/media?parent=15345"}],"curies":[{"name":"wp","href":"https:\/\/api.w.org\/{rel}","templated":true}]}}