{"id":6874,"date":"2023-05-15T23:06:55","date_gmt":"2023-05-15T21:06:55","guid":{"rendered":"https:\/\/www.vermeister.com\/sito\/zeroil\/"},"modified":"2023-05-15T23:06:55","modified_gmt":"2023-05-15T21:06:55","slug":"zeroil","status":"publish","type":"page","link":"https:\/\/www.vermeister.com\/es\/zeroil\/","title":{"rendered":"Zeroil"},"content":{"rendered":"<h2>Zeroil &#8211; Aceite protector natural para suelos de madera<\/h2>\n<p>Compuesto por una \u201cmezcla\u201d de aceites vegetales especiales ZEROIL nace para a portar suavidad y calidez al suelo de madera. La composici\u00f3n especial de ZEROIL resalta el aspecto natural de la madera poniendo en evidencia las vetas y protegi\u00e9ndolo desde su interior. El alto contenido de compuestos naturales y la ausencia de sustancias org\u00e1nicas vol\u00e1tiles (VOC) unidos al bajo impacto medio ambiental hacen de ZEROIL el producto ideal para la Bioedificaci\u00f3n. Zeroil otorga en una sola mano un alto grado de hidrorepelencia y resistencia a las superficies tratadas.   <\/p>\n<table>\n<thead>\n<tr>\n<th colspan=\"2\" scope=\"col\">NOTAS T\u00c9CNICAS<\/th>\n<\/tr>\n<\/thead>\n<tbody>\n<tr>\n<td>M\u00e9todo de aplicaci\u00f3n<\/td>\n<td>Rodillo, Pincel,<br \/>\nTamp\u00f3n<\/td>\n<\/tr>\n<tr>\n<td>Consumo promedio por mano (g\/m2)<\/td>\n<td>30\/50<\/td>\n<\/tr>\n<tr>\n<td>Espera m\u00e1x. para el lustrado (min.)<\/td>\n<td>10\/15<\/td>\n<\/tr>\n<\/tbody>\n<\/table>\n<p><img decoding=\"async\" src=\"\/images\/certificazioni\/ico_cert_solvent-free.webp\"><br \/>\n<img decoding=\"async\" src=\"\/images\/certificazioni\/ico_cert__RENEWABLE.webp\"><br \/>\n<img decoding=\"async\" src=\"\/images\/certificazioni\/ico_cert_cobalt-and-ketoximes-free.webp\"><br \/>\n<img decoding=\"async\" src=\"\/images\/certificazioni\/ico_cert_indoor_air_emission.webp\"><\/p>\n<h3>DOWNLOAD<\/h3>\n<ul>\n<li>\n\t\t\t\t\t\t\t\t\t\t\t<a href=\"\/doc\/schede_tecniche\/zero_concept\/zeroil_it.pdf\" target=\"_blank\" rel=\"noopener\"><br \/>\n Ficha T\u00e9cnica<br \/>\n\t\t\t\t\t\t\t\t\t\t\t<\/a>\n\t\t\t\t\t\t\t\t\t<\/li>\n<li>\n\t\t\t\t\t\t\t\t\t\t\t<a href=\"\/doc\/flyer\/zero_concept\/zeroil_it.pdf\" target=\"_blank\" rel=\"noopener\"><br \/>\n Flyer<br \/>\n\t\t\t\t\t\t\t\t\t\t\t<\/a>\n\t\t\t\t\t\t\t\t\t<\/li>\n<li>\n\t\t\t\t\t\t\t\t\t\t\t<a href=\"mailto:msds@vermeister.com?subject=Scheda%20sicurezza%20Zeroil\" target=\"_blank\" rel=\"noopener\"><br \/>\n Ficha de Datos de Seguridad<br \/>\n\t\t\t\t\t\t\t\t\t\t\t<\/a>\n\t\t\t\t\t\t\t\t\t<\/li>\n<\/ul>\n","protected":false},"excerpt":{"rendered":"<p>Zeroil &#8211; Aceite protector natural para suelos de madera Compuesto por una \u201cmezcla\u201d de aceites vegetales especiales ZEROIL nace para a portar suavidad y calidez al suelo de madera. La composici\u00f3n especial de ZEROIL resalta el aspecto natural de la madera poniendo en evidencia las vetas y protegi\u00e9ndolo desde su interior. El alto contenido de [&hellip;]<\/p>\n","protected":false},"author":1,"featured_media":0,"parent":0,"menu_order":0,"comment_status":"closed","ping_status":"closed","template":"","meta":{"_acf_changed":false,"footnotes":""},"class_list":["post-6874","page","type-page","status-publish","hentry"],"acf":[],"yoast_head":"<!-- This site is optimized with the Yoast SEO plugin v27.1.1 - https:\/\/yoast.com\/product\/yoast-seo-wordpress\/ -->\n<title>Zeroil - Aceite protector natural para suelos de madera<\/title>\n<meta name=\"description\" content=\"Zeroil, Compuesto por una \u201cmezcla\u201d de aceites vegetales especiales ZEROIL nace para a portar suavidad y calidez al suelo de madera.\" \/>\n<meta name=\"robots\" content=\"index, follow, max-snippet:-1, max-image-preview:large, max-video-preview:-1\" \/>\n<link rel=\"canonical\" href=\"https:\/\/www.vermeister.com\/zeroil\/\" \/>\n<meta property=\"og:locale\" content=\"es_ES\" \/>\n<meta property=\"og:type\" content=\"article\" \/>\n<meta property=\"og:title\" content=\"Zeroil - Aceite protector natural para suelos de madera\" \/>\n<meta property=\"og:description\" content=\"Zeroil, Compuesto por una \u201cmezcla\u201d de aceites vegetales especiales ZEROIL nace para a portar suavidad y calidez al suelo de madera.\" \/>\n<meta property=\"og:url\" content=\"https:\/\/www.vermeister.com\/zeroil\/\" \/>\n<meta property=\"og:site_name\" content=\"Vermeister Spa\" \/>\n<meta property=\"article:publisher\" content=\"https:\/\/www.facebook.com\/vermeister.spa\/\" \/>\n<meta property=\"og:image\" content=\"https:\/\/www.vermeister.com\/sito\/wp-content\/uploads\/2023\/03\/logo.png\" \/>\n\t<meta property=\"og:image:width\" content=\"400\" \/>\n\t<meta property=\"og:image:height\" content=\"107\" \/>\n\t<meta property=\"og:image:type\" content=\"image\/png\" \/>\n<meta name=\"twitter:card\" content=\"summary_large_image\" \/>\n<meta name=\"twitter:label1\" content=\"Tiempo de lectura\" \/>\n\t<meta name=\"twitter:data1\" content=\"1 minuto\" \/>\n<script type=\"application\/ld+json\" class=\"yoast-schema-graph\">{\"@context\":\"https:\/\/schema.org\",\"@graph\":[{\"@type\":\"WebPage\",\"@id\":\"https:\/\/www.vermeister.com\/zeroil\/\",\"url\":\"https:\/\/www.vermeister.com\/zeroil\/\",\"name\":\"Zeroil - Aceite protector natural para suelos de madera\",\"isPartOf\":{\"@id\":\"https:\/\/www.vermeister.com\/#website\"},\"datePublished\":\"2023-05-15T21:06:55+00:00\",\"description\":\"Zeroil, Compuesto por una \u201cmezcla\u201d de aceites vegetales especiales ZEROIL nace para a portar suavidad y calidez al suelo de madera.\",\"breadcrumb\":{\"@id\":\"https:\/\/www.vermeister.com\/zeroil\/#breadcrumb\"},\"inLanguage\":\"es\",\"potentialAction\":[{\"@type\":\"ReadAction\",\"target\":[\"https:\/\/www.vermeister.com\/zeroil\/\"]}]},{\"@type\":\"BreadcrumbList\",\"@id\":\"https:\/\/www.vermeister.com\/zeroil\/#breadcrumb\",\"itemListElement\":[{\"@type\":\"ListItem\",\"position\":1,\"name\":\"Home\",\"item\":\"https:\/\/www.vermeister.com\/\"},{\"@type\":\"ListItem\",\"position\":2,\"name\":\"Zeroil\"}]},{\"@type\":\"WebSite\",\"@id\":\"https:\/\/www.vermeister.com\/#website\",\"url\":\"https:\/\/www.vermeister.com\/\",\"name\":\"Vermeister Spa\",\"description\":\"Solutions for wood floors\",\"publisher\":{\"@id\":\"https:\/\/www.vermeister.com\/#organization\"},\"potentialAction\":[{\"@type\":\"SearchAction\",\"target\":{\"@type\":\"EntryPoint\",\"urlTemplate\":\"https:\/\/www.vermeister.com\/?s={search_term_string}\"},\"query-input\":{\"@type\":\"PropertyValueSpecification\",\"valueRequired\":true,\"valueName\":\"search_term_string\"}}],\"inLanguage\":\"es\"},{\"@type\":\"Organization\",\"@id\":\"https:\/\/www.vermeister.com\/#organization\",\"name\":\"Vermeister Spa\",\"url\":\"https:\/\/www.vermeister.com\/\",\"logo\":{\"@type\":\"ImageObject\",\"inLanguage\":\"es\",\"@id\":\"https:\/\/www.vermeister.com\/#\/schema\/logo\/image\/\",\"url\":\"https:\/\/www.vermeister.com\/sito\/wp-content\/uploads\/2023\/03\/logo.png\",\"contentUrl\":\"https:\/\/www.vermeister.com\/sito\/wp-content\/uploads\/2023\/03\/logo.png\",\"width\":400,\"height\":107,\"caption\":\"Vermeister Spa\"},\"image\":{\"@id\":\"https:\/\/www.vermeister.com\/#\/schema\/logo\/image\/\"},\"sameAs\":[\"https:\/\/www.facebook.com\/vermeister.spa\/\",\"https:\/\/www.instagram.com\/vermeisterspa\/\",\"https:\/\/www.linkedin.com\/company\/vermeister-spa\/\",\"https:\/\/www.youtube.com\/@VERMEISTERSPA\"]}]}<\/script>\n<!-- \/ Yoast SEO plugin. -->","yoast_head_json":{"title":"Zeroil - Aceite protector natural para suelos de madera","description":"Zeroil, Compuesto por una \u201cmezcla\u201d de aceites vegetales especiales ZEROIL nace para a portar suavidad y calidez al suelo de madera.","robots":{"index":"index","follow":"follow","max-snippet":"max-snippet:-1","max-image-preview":"max-image-preview:large","max-video-preview":"max-video-preview:-1"},"canonical":"https:\/\/www.vermeister.com\/zeroil\/","og_locale":"es_ES","og_type":"article","og_title":"Zeroil - Aceite protector natural para suelos de madera","og_description":"Zeroil, Compuesto por una \u201cmezcla\u201d de aceites vegetales especiales ZEROIL nace para a portar suavidad y calidez al suelo de madera.","og_url":"https:\/\/www.vermeister.com\/zeroil\/","og_site_name":"Vermeister Spa","article_publisher":"https:\/\/www.facebook.com\/vermeister.spa\/","og_image":[{"width":400,"height":107,"url":"https:\/\/www.vermeister.com\/sito\/wp-content\/uploads\/2023\/03\/logo.png","type":"image\/png"}],"twitter_card":"summary_large_image","twitter_misc":{"Tiempo de lectura":"1 minuto"},"schema":{"@context":"https:\/\/schema.org","@graph":[{"@type":"WebPage","@id":"https:\/\/www.vermeister.com\/zeroil\/","url":"https:\/\/www.vermeister.com\/zeroil\/","name":"Zeroil - Aceite protector natural para suelos de madera","isPartOf":{"@id":"https:\/\/www.vermeister.com\/#website"},"datePublished":"2023-05-15T21:06:55+00:00","description":"Zeroil, Compuesto por una \u201cmezcla\u201d de aceites vegetales especiales ZEROIL nace para a portar suavidad y calidez al suelo de madera.","breadcrumb":{"@id":"https:\/\/www.vermeister.com\/zeroil\/#breadcrumb"},"inLanguage":"es","potentialAction":[{"@type":"ReadAction","target":["https:\/\/www.vermeister.com\/zeroil\/"]}]},{"@type":"BreadcrumbList","@id":"https:\/\/www.vermeister.com\/zeroil\/#breadcrumb","itemListElement":[{"@type":"ListItem","position":1,"name":"Home","item":"https:\/\/www.vermeister.com\/"},{"@type":"ListItem","position":2,"name":"Zeroil"}]},{"@type":"WebSite","@id":"https:\/\/www.vermeister.com\/#website","url":"https:\/\/www.vermeister.com\/","name":"Vermeister Spa","description":"Solutions for wood floors","publisher":{"@id":"https:\/\/www.vermeister.com\/#organization"},"potentialAction":[{"@type":"SearchAction","target":{"@type":"EntryPoint","urlTemplate":"https:\/\/www.vermeister.com\/?s={search_term_string}"},"query-input":{"@type":"PropertyValueSpecification","valueRequired":true,"valueName":"search_term_string"}}],"inLanguage":"es"},{"@type":"Organization","@id":"https:\/\/www.vermeister.com\/#organization","name":"Vermeister Spa","url":"https:\/\/www.vermeister.com\/","logo":{"@type":"ImageObject","inLanguage":"es","@id":"https:\/\/www.vermeister.com\/#\/schema\/logo\/image\/","url":"https:\/\/www.vermeister.com\/sito\/wp-content\/uploads\/2023\/03\/logo.png","contentUrl":"https:\/\/www.vermeister.com\/sito\/wp-content\/uploads\/2023\/03\/logo.png","width":400,"height":107,"caption":"Vermeister Spa"},"image":{"@id":"https:\/\/www.vermeister.com\/#\/schema\/logo\/image\/"},"sameAs":["https:\/\/www.facebook.com\/vermeister.spa\/","https:\/\/www.instagram.com\/vermeisterspa\/","https:\/\/www.linkedin.com\/company\/vermeister-spa\/","https:\/\/www.youtube.com\/@VERMEISTERSPA"]}]}},"_links":{"self":[{"href":"https:\/\/www.vermeister.com\/es\/wp-json\/wp\/v2\/pages\/6874","targetHints":{"allow":["GET"]}}],"collection":[{"href":"https:\/\/www.vermeister.com\/es\/wp-json\/wp\/v2\/pages"}],"about":[{"href":"https:\/\/www.vermeister.com\/es\/wp-json\/wp\/v2\/types\/page"}],"author":[{"embeddable":true,"href":"https:\/\/www.vermeister.com\/es\/wp-json\/wp\/v2\/users\/1"}],"replies":[{"embeddable":true,"href":"https:\/\/www.vermeister.com\/es\/wp-json\/wp\/v2\/comments?post=6874"}],"version-history":[{"count":0,"href":"https:\/\/www.vermeister.com\/es\/wp-json\/wp\/v2\/pages\/6874\/revisions"}],"wp:attachment":[{"href":"https:\/\/www.vermeister.com\/es\/wp-json\/wp\/v2\/media?parent=6874"}],"curies":[{"name":"wp","href":"https:\/\/api.w.org\/{rel}","templated":true}]}}