{"id":19043,"date":"2023-05-31T21:43:30","date_gmt":"2023-05-31T19:43:30","guid":{"rendered":"https:\/\/www.vermeister.com\/quienes-somos\/mision-y-vision\/"},"modified":"2024-05-13T22:39:47","modified_gmt":"2024-05-13T20:39:47","slug":"mision-y-vision","status":"publish","type":"page","link":"https:\/\/www.vermeister.com\/es-ar\/quienes-somos\/mision-y-vision\/","title":{"rendered":"Misi\u00f3n y visi\u00f3n"},"content":{"rendered":"\t\t<div data-elementor-type=\"wp-page\" data-elementor-id=\"19043\" class=\"elementor elementor-19043 elementor-8240\">\n\t\t\t\t\t\t<section class=\"elementor-section elementor-top-section elementor-element elementor-element-56e7f84 elementor-section-stretched elementor-section-boxed elementor-section-height-default elementor-section-height-default\" data-id=\"56e7f84\" data-element_type=\"section\" data-settings=\"{&quot;jet_parallax_layout_list&quot;:[],&quot;stretch_section&quot;:&quot;section-stretched&quot;,&quot;background_background&quot;:&quot;classic&quot;}\">\n\t\t\t\t\t\t<div class=\"elementor-container elementor-column-gap-default\">\n\t\t\t\t\t<div class=\"elementor-column elementor-col-100 elementor-top-column elementor-element elementor-element-5868d4f\" data-id=\"5868d4f\" data-element_type=\"column\">\n\t\t\t<div class=\"elementor-widget-wrap elementor-element-populated\">\n\t\t\t\t\t\t<div class=\"elementor-element elementor-element-b452707 elementor-widget elementor-widget-heading\" data-id=\"b452707\" data-element_type=\"widget\" data-widget_type=\"heading.default\">\n\t\t\t\t<div class=\"elementor-widget-container\">\n\t\t\t<style>\/*! elementor - v3.23.0 - 05-08-2024 *\/\n.elementor-heading-title{padding:0;margin:0;line-height:1}.elementor-widget-heading .elementor-heading-title[class*=elementor-size-]>a{color:inherit;font-size:inherit;line-height:inherit}.elementor-widget-heading .elementor-heading-title.elementor-size-small{font-size:15px}.elementor-widget-heading .elementor-heading-title.elementor-size-medium{font-size:19px}.elementor-widget-heading .elementor-heading-title.elementor-size-large{font-size:29px}.elementor-widget-heading .elementor-heading-title.elementor-size-xl{font-size:39px}.elementor-widget-heading .elementor-heading-title.elementor-size-xxl{font-size:59px}<\/style><h2 class=\"elementor-heading-title elementor-size-default\">Misi\u00f3n y visi\u00f3n<\/h2>\t\t<\/div>\n\t\t\t\t<\/div>\n\t\t\t\t\t<\/div>\n\t\t<\/div>\n\t\t\t\t\t<\/div>\n\t\t<\/section>\n\t\t\t\t<section class=\"elementor-section elementor-top-section elementor-element elementor-element-f1b7f30 elementor-section-stretched elementor-section-boxed elementor-section-height-default elementor-section-height-default\" data-id=\"f1b7f30\" data-element_type=\"section\" data-settings=\"{&quot;jet_parallax_layout_list&quot;:[],&quot;stretch_section&quot;:&quot;section-stretched&quot;,&quot;background_background&quot;:&quot;slideshow&quot;,&quot;background_slideshow_gallery&quot;:[{&quot;id&quot;:7470,&quot;url&quot;:&quot;https:\\\/\\\/www.vermeister.com\\\/sito\\\/wp-content\\\/uploads\\\/2023\\\/11\\\/bgMissionVision.jpg&quot;}],&quot;background_slideshow_loop&quot;:&quot;yes&quot;,&quot;background_slideshow_slide_duration&quot;:5000,&quot;background_slideshow_slide_transition&quot;:&quot;fade&quot;,&quot;background_slideshow_transition_duration&quot;:500}\">\n\t\t\t\t\t\t<div class=\"elementor-container elementor-column-gap-default\">\n\t\t\t\t\t<div class=\"elementor-column elementor-col-100 elementor-top-column elementor-element elementor-element-2125534\" data-id=\"2125534\" data-element_type=\"column\">\n\t\t\t<div class=\"elementor-widget-wrap elementor-element-populated\">\n\t\t\t\t\t\t<section class=\"elementor-section elementor-inner-section elementor-element elementor-element-9a0725b elementor-section-boxed elementor-section-height-default elementor-section-height-default\" data-id=\"9a0725b\" data-element_type=\"section\" data-settings=\"{&quot;jet_parallax_layout_list&quot;:[],&quot;background_background&quot;:&quot;classic&quot;}\">\n\t\t\t\t\t\t<div class=\"elementor-container elementor-column-gap-wider\">\n\t\t\t\t\t<div class=\"elementor-column elementor-col-100 elementor-inner-column elementor-element elementor-element-c2e32e3\" data-id=\"c2e32e3\" data-element_type=\"column\" data-settings=\"{&quot;background_background&quot;:&quot;classic&quot;}\">\n\t\t\t<div class=\"elementor-widget-wrap elementor-element-populated\">\n\t\t\t\t\t\t<div class=\"elementor-element elementor-element-800e31a elementor-position-top elementor-widget elementor-widget-image-box\" data-id=\"800e31a\" data-element_type=\"widget\" data-widget_type=\"image-box.default\">\n\t\t\t\t<div class=\"elementor-widget-container\">\n\t\t\t<style>\/*! elementor - v3.23.0 - 05-08-2024 *\/\n.elementor-widget-image-box .elementor-image-box-content{width:100%}@media (min-width:768px){.elementor-widget-image-box.elementor-position-left .elementor-image-box-wrapper,.elementor-widget-image-box.elementor-position-right .elementor-image-box-wrapper{display:flex}.elementor-widget-image-box.elementor-position-right .elementor-image-box-wrapper{text-align:end;flex-direction:row-reverse}.elementor-widget-image-box.elementor-position-left .elementor-image-box-wrapper{text-align:start;flex-direction:row}.elementor-widget-image-box.elementor-position-top .elementor-image-box-img{margin:auto}.elementor-widget-image-box.elementor-vertical-align-top .elementor-image-box-wrapper{align-items:flex-start}.elementor-widget-image-box.elementor-vertical-align-middle .elementor-image-box-wrapper{align-items:center}.elementor-widget-image-box.elementor-vertical-align-bottom .elementor-image-box-wrapper{align-items:flex-end}}@media (max-width:767px){.elementor-widget-image-box .elementor-image-box-img{margin-left:auto!important;margin-right:auto!important;margin-bottom:15px}}.elementor-widget-image-box .elementor-image-box-img{display:inline-block}.elementor-widget-image-box .elementor-image-box-title a{color:inherit}.elementor-widget-image-box .elementor-image-box-wrapper{text-align:center}.elementor-widget-image-box .elementor-image-box-description{margin:0}<\/style><div class=\"elementor-image-box-wrapper\"><figure class=\"elementor-image-box-img\"><img decoding=\"async\" width=\"200\" height=\"200\" src=\"https:\/\/www.vermeister.com\/sito\/wp-content\/uploads\/2023\/11\/ico_vision.webp\" class=\"attachment-full size-full wp-image-7517\" alt=\"\" srcset=\"https:\/\/www.vermeister.com\/sito\/wp-content\/uploads\/2023\/11\/ico_vision.webp 200w, https:\/\/www.vermeister.com\/sito\/wp-content\/uploads\/2023\/11\/ico_vision-150x150.webp 150w, https:\/\/www.vermeister.com\/sito\/wp-content\/uploads\/2023\/11\/ico_vision-100x100.webp 100w\" sizes=\"(max-width: 200px) 100vw, 200px\" \/><\/figure><div class=\"elementor-image-box-content\"><h3 class=\"elementor-image-box-title\">Vision<\/h3><p class=\"elementor-image-box-description\">Ser reconocidos mundialmente como una Empresa extremadamente innovadora y productores de excelencia absoluta en el \u00e1mbito de la colocaci\u00f3n, tratamiento y mantenimiento de los suelos de madera.\n\n \n <\/p><\/div><\/div>\t\t<\/div>\n\t\t\t\t<\/div>\n\t\t\t\t<div class=\"elementor-element elementor-element-5ab4bde elementor-position-top elementor-widget elementor-widget-image-box\" data-id=\"5ab4bde\" data-element_type=\"widget\" data-widget_type=\"image-box.default\">\n\t\t\t\t<div class=\"elementor-widget-container\">\n\t\t\t<div class=\"elementor-image-box-wrapper\"><figure class=\"elementor-image-box-img\"><img decoding=\"async\" width=\"200\" height=\"200\" src=\"https:\/\/www.vermeister.com\/sito\/wp-content\/uploads\/2023\/11\/ico_mission.webp\" class=\"attachment-full size-full wp-image-7523\" alt=\"\" srcset=\"https:\/\/www.vermeister.com\/sito\/wp-content\/uploads\/2023\/11\/ico_mission.webp 200w, https:\/\/www.vermeister.com\/sito\/wp-content\/uploads\/2023\/11\/ico_mission-150x150.webp 150w, https:\/\/www.vermeister.com\/sito\/wp-content\/uploads\/2023\/11\/ico_mission-100x100.webp 100w\" sizes=\"(max-width: 200px) 100vw, 200px\" \/><\/figure><div class=\"elementor-image-box-content\"><h3 class=\"elementor-image-box-title\">Mission<\/h3><p class=\"elementor-image-box-description\">Nuestra empresa se esfuerza constantemente en la definici\u00f3n de los m\u00e1s altos est\u00e1ndares de rendimiento de los productos, sin olvidar nunca la sostenibilidad dirigida al respeto al hombre y al medio ambiente. El respeto es uno de los valores fundamentales que caracteriza las relaciones de Vermeister con cada uno de los componentes de la Empresa, de los clientes y del usuario final. Deseamos seguir custodiando celosamente nuestra identidad corporativa, definida a lo largo de los a\u00f1os gracias a la persecuci\u00f3n de la excelencia absoluta. \n\n<\/p><\/div><\/div>\t\t<\/div>\n\t\t\t\t<\/div>\n\t\t\t\t\t<\/div>\n\t\t<\/div>\n\t\t\t\t\t<\/div>\n\t\t<\/section>\n\t\t\t\t\t<\/div>\n\t\t<\/div>\n\t\t\t\t\t<\/div>\n\t\t<\/section>\n\t\t\t\t<\/div>\n\t\t","protected":false},"excerpt":{"rendered":"<p>Vision Ser reconocidos mundialmente como una Empresa extremadamente innovadora y productores de excelencia absoluta en el \u00e1mbito de la colocaci\u00f3n, tratamiento y mantenimiento de los suelos de madera. Mission Nuestra empresa se esfuerza constantemente en la definici\u00f3n de los m\u00e1s altos est\u00e1ndares de rendimiento de los productos, sin olvidar nunca la sostenibilidad dirigida al respeto [&hellip;]<\/p>\n","protected":false},"author":1,"featured_media":0,"parent":19035,"menu_order":0,"comment_status":"closed","ping_status":"closed","template":"","meta":{"_acf_changed":false,"footnotes":""},"class_list":["post-19043","page","type-page","status-publish","hentry"],"acf":[],"yoast_head":"<!-- This site is optimized with the Yoast SEO plugin v27.1.1 - https:\/\/yoast.com\/product\/yoast-seo-wordpress\/ -->\n<title>Misi\u00f3n y visi\u00f3n - Vermeister Spa<\/title>\n<meta name=\"robots\" content=\"index, follow, max-snippet:-1, max-image-preview:large, max-video-preview:-1\" \/>\n<link rel=\"canonical\" href=\"https:\/\/www.vermeister.com\/es-ar\/quienes-somos\/mision-y-vision\/\" \/>\n<meta property=\"og:locale\" content=\"es_ES\" \/>\n<meta property=\"og:type\" content=\"article\" \/>\n<meta property=\"og:title\" content=\"Misi\u00f3n y visi\u00f3n - Vermeister Spa\" \/>\n<meta property=\"og:description\" content=\"Vision Ser reconocidos mundialmente como una Empresa extremadamente innovadora y productores de excelencia absoluta en el \u00e1mbito de la colocaci\u00f3n, tratamiento y mantenimiento de los suelos de madera. Mission Nuestra empresa se esfuerza constantemente en la definici\u00f3n de los m\u00e1s altos est\u00e1ndares de rendimiento de los productos, sin olvidar nunca la sostenibilidad dirigida al respeto [&hellip;]\" \/>\n<meta property=\"og:url\" content=\"https:\/\/www.vermeister.com\/es-ar\/quienes-somos\/mision-y-vision\/\" \/>\n<meta property=\"og:site_name\" content=\"Vermeister Spa\" \/>\n<meta property=\"article:publisher\" content=\"https:\/\/www.facebook.com\/vermeister.spa\/\" \/>\n<meta property=\"article:modified_time\" content=\"2024-05-13T20:39:47+00:00\" \/>\n<meta property=\"og:image\" content=\"https:\/\/www.vermeister.com\/sito\/wp-content\/uploads\/2023\/11\/ico_vision.webp\" \/>\n<meta name=\"twitter:card\" content=\"summary_large_image\" \/>\n<meta name=\"twitter:label1\" content=\"Est. reading time\" \/>\n\t<meta name=\"twitter:data1\" content=\"2 minutes\" \/>\n<script type=\"application\/ld+json\" class=\"yoast-schema-graph\">{\"@context\":\"https:\/\/schema.org\",\"@graph\":[{\"@type\":\"WebPage\",\"@id\":\"https:\/\/www.vermeister.com\/es-ar\/quienes-somos\/mision-y-vision\/\",\"url\":\"https:\/\/www.vermeister.com\/es-ar\/quienes-somos\/mision-y-vision\/\",\"name\":\"Misi\u00f3n y visi\u00f3n - Vermeister Spa\",\"isPartOf\":{\"@id\":\"https:\/\/www.vermeister.com\/#website\"},\"primaryImageOfPage\":{\"@id\":\"https:\/\/www.vermeister.com\/es-ar\/quienes-somos\/mision-y-vision\/#primaryimage\"},\"image\":{\"@id\":\"https:\/\/www.vermeister.com\/es-ar\/quienes-somos\/mision-y-vision\/#primaryimage\"},\"thumbnailUrl\":\"https:\/\/www.vermeister.com\/sito\/wp-content\/uploads\/2023\/11\/ico_vision.webp\",\"datePublished\":\"2023-05-31T19:43:30+00:00\",\"dateModified\":\"2024-05-13T20:39:47+00:00\",\"breadcrumb\":{\"@id\":\"https:\/\/www.vermeister.com\/es-ar\/quienes-somos\/mision-y-vision\/#breadcrumb\"},\"inLanguage\":\"es-AR\",\"potentialAction\":[{\"@type\":\"ReadAction\",\"target\":[\"https:\/\/www.vermeister.com\/es-ar\/quienes-somos\/mision-y-vision\/\"]}]},{\"@type\":\"ImageObject\",\"inLanguage\":\"es-AR\",\"@id\":\"https:\/\/www.vermeister.com\/es-ar\/quienes-somos\/mision-y-vision\/#primaryimage\",\"url\":\"https:\/\/www.vermeister.com\/sito\/wp-content\/uploads\/2023\/11\/ico_vision.webp\",\"contentUrl\":\"https:\/\/www.vermeister.com\/sito\/wp-content\/uploads\/2023\/11\/ico_vision.webp\"},{\"@type\":\"BreadcrumbList\",\"@id\":\"https:\/\/www.vermeister.com\/es-ar\/quienes-somos\/mision-y-vision\/#breadcrumb\",\"itemListElement\":[{\"@type\":\"ListItem\",\"position\":1,\"name\":\"Home\",\"item\":\"https:\/\/www.vermeister.com\/\"},{\"@type\":\"ListItem\",\"position\":2,\"name\":\"Qui\u00e9nes somos\",\"item\":\"https:\/\/www.vermeister.com\/es-ar\/quienes-somos\/\"},{\"@type\":\"ListItem\",\"position\":3,\"name\":\"Misi\u00f3n y visi\u00f3n\"}]},{\"@type\":\"WebSite\",\"@id\":\"https:\/\/www.vermeister.com\/#website\",\"url\":\"https:\/\/www.vermeister.com\/\",\"name\":\"Vermeister Spa\",\"description\":\"Solutions for wood floors\",\"publisher\":{\"@id\":\"https:\/\/www.vermeister.com\/#organization\"},\"potentialAction\":[{\"@type\":\"SearchAction\",\"target\":{\"@type\":\"EntryPoint\",\"urlTemplate\":\"https:\/\/www.vermeister.com\/?s={search_term_string}\"},\"query-input\":{\"@type\":\"PropertyValueSpecification\",\"valueRequired\":true,\"valueName\":\"search_term_string\"}}],\"inLanguage\":\"es-AR\"},{\"@type\":\"Organization\",\"@id\":\"https:\/\/www.vermeister.com\/#organization\",\"name\":\"Vermeister Spa\",\"url\":\"https:\/\/www.vermeister.com\/\",\"logo\":{\"@type\":\"ImageObject\",\"inLanguage\":\"es-AR\",\"@id\":\"https:\/\/www.vermeister.com\/#\/schema\/logo\/image\/\",\"url\":\"https:\/\/www.vermeister.com\/sito\/wp-content\/uploads\/2023\/03\/logo.png\",\"contentUrl\":\"https:\/\/www.vermeister.com\/sito\/wp-content\/uploads\/2023\/03\/logo.png\",\"width\":400,\"height\":107,\"caption\":\"Vermeister Spa\"},\"image\":{\"@id\":\"https:\/\/www.vermeister.com\/#\/schema\/logo\/image\/\"},\"sameAs\":[\"https:\/\/www.facebook.com\/vermeister.spa\/\",\"https:\/\/www.instagram.com\/vermeisterspa\/\",\"https:\/\/www.linkedin.com\/company\/vermeister-spa\/\",\"https:\/\/www.youtube.com\/@VERMEISTERSPA\"]}]}<\/script>\n<!-- \/ Yoast SEO plugin. -->","yoast_head_json":{"title":"Misi\u00f3n y visi\u00f3n - Vermeister Spa","robots":{"index":"index","follow":"follow","max-snippet":"max-snippet:-1","max-image-preview":"max-image-preview:large","max-video-preview":"max-video-preview:-1"},"canonical":"https:\/\/www.vermeister.com\/es-ar\/quienes-somos\/mision-y-vision\/","og_locale":"es_ES","og_type":"article","og_title":"Misi\u00f3n y visi\u00f3n - Vermeister Spa","og_description":"Vision Ser reconocidos mundialmente como una Empresa extremadamente innovadora y productores de excelencia absoluta en el \u00e1mbito de la colocaci\u00f3n, tratamiento y mantenimiento de los suelos de madera. Mission Nuestra empresa se esfuerza constantemente en la definici\u00f3n de los m\u00e1s altos est\u00e1ndares de rendimiento de los productos, sin olvidar nunca la sostenibilidad dirigida al respeto [&hellip;]","og_url":"https:\/\/www.vermeister.com\/es-ar\/quienes-somos\/mision-y-vision\/","og_site_name":"Vermeister Spa","article_publisher":"https:\/\/www.facebook.com\/vermeister.spa\/","article_modified_time":"2024-05-13T20:39:47+00:00","og_image":[{"url":"https:\/\/www.vermeister.com\/sito\/wp-content\/uploads\/2023\/11\/ico_vision.webp","type":"","width":"","height":""}],"twitter_card":"summary_large_image","twitter_misc":{"Est. reading time":"2 minutes"},"schema":{"@context":"https:\/\/schema.org","@graph":[{"@type":"WebPage","@id":"https:\/\/www.vermeister.com\/es-ar\/quienes-somos\/mision-y-vision\/","url":"https:\/\/www.vermeister.com\/es-ar\/quienes-somos\/mision-y-vision\/","name":"Misi\u00f3n y visi\u00f3n - Vermeister Spa","isPartOf":{"@id":"https:\/\/www.vermeister.com\/#website"},"primaryImageOfPage":{"@id":"https:\/\/www.vermeister.com\/es-ar\/quienes-somos\/mision-y-vision\/#primaryimage"},"image":{"@id":"https:\/\/www.vermeister.com\/es-ar\/quienes-somos\/mision-y-vision\/#primaryimage"},"thumbnailUrl":"https:\/\/www.vermeister.com\/sito\/wp-content\/uploads\/2023\/11\/ico_vision.webp","datePublished":"2023-05-31T19:43:30+00:00","dateModified":"2024-05-13T20:39:47+00:00","breadcrumb":{"@id":"https:\/\/www.vermeister.com\/es-ar\/quienes-somos\/mision-y-vision\/#breadcrumb"},"inLanguage":"es-AR","potentialAction":[{"@type":"ReadAction","target":["https:\/\/www.vermeister.com\/es-ar\/quienes-somos\/mision-y-vision\/"]}]},{"@type":"ImageObject","inLanguage":"es-AR","@id":"https:\/\/www.vermeister.com\/es-ar\/quienes-somos\/mision-y-vision\/#primaryimage","url":"https:\/\/www.vermeister.com\/sito\/wp-content\/uploads\/2023\/11\/ico_vision.webp","contentUrl":"https:\/\/www.vermeister.com\/sito\/wp-content\/uploads\/2023\/11\/ico_vision.webp"},{"@type":"BreadcrumbList","@id":"https:\/\/www.vermeister.com\/es-ar\/quienes-somos\/mision-y-vision\/#breadcrumb","itemListElement":[{"@type":"ListItem","position":1,"name":"Home","item":"https:\/\/www.vermeister.com\/"},{"@type":"ListItem","position":2,"name":"Qui\u00e9nes somos","item":"https:\/\/www.vermeister.com\/es-ar\/quienes-somos\/"},{"@type":"ListItem","position":3,"name":"Misi\u00f3n y visi\u00f3n"}]},{"@type":"WebSite","@id":"https:\/\/www.vermeister.com\/#website","url":"https:\/\/www.vermeister.com\/","name":"Vermeister Spa","description":"Solutions for wood floors","publisher":{"@id":"https:\/\/www.vermeister.com\/#organization"},"potentialAction":[{"@type":"SearchAction","target":{"@type":"EntryPoint","urlTemplate":"https:\/\/www.vermeister.com\/?s={search_term_string}"},"query-input":{"@type":"PropertyValueSpecification","valueRequired":true,"valueName":"search_term_string"}}],"inLanguage":"es-AR"},{"@type":"Organization","@id":"https:\/\/www.vermeister.com\/#organization","name":"Vermeister Spa","url":"https:\/\/www.vermeister.com\/","logo":{"@type":"ImageObject","inLanguage":"es-AR","@id":"https:\/\/www.vermeister.com\/#\/schema\/logo\/image\/","url":"https:\/\/www.vermeister.com\/sito\/wp-content\/uploads\/2023\/03\/logo.png","contentUrl":"https:\/\/www.vermeister.com\/sito\/wp-content\/uploads\/2023\/03\/logo.png","width":400,"height":107,"caption":"Vermeister Spa"},"image":{"@id":"https:\/\/www.vermeister.com\/#\/schema\/logo\/image\/"},"sameAs":["https:\/\/www.facebook.com\/vermeister.spa\/","https:\/\/www.instagram.com\/vermeisterspa\/","https:\/\/www.linkedin.com\/company\/vermeister-spa\/","https:\/\/www.youtube.com\/@VERMEISTERSPA"]}]}},"_links":{"self":[{"href":"https:\/\/www.vermeister.com\/es-ar\/wp-json\/wp\/v2\/pages\/19043","targetHints":{"allow":["GET"]}}],"collection":[{"href":"https:\/\/www.vermeister.com\/es-ar\/wp-json\/wp\/v2\/pages"}],"about":[{"href":"https:\/\/www.vermeister.com\/es-ar\/wp-json\/wp\/v2\/types\/page"}],"author":[{"embeddable":true,"href":"https:\/\/www.vermeister.com\/es-ar\/wp-json\/wp\/v2\/users\/1"}],"replies":[{"embeddable":true,"href":"https:\/\/www.vermeister.com\/es-ar\/wp-json\/wp\/v2\/comments?post=19043"}],"version-history":[{"count":0,"href":"https:\/\/www.vermeister.com\/es-ar\/wp-json\/wp\/v2\/pages\/19043\/revisions"}],"up":[{"embeddable":true,"href":"https:\/\/www.vermeister.com\/es-ar\/wp-json\/wp\/v2\/pages\/19035"}],"wp:attachment":[{"href":"https:\/\/www.vermeister.com\/es-ar\/wp-json\/wp\/v2\/media?parent=19043"}],"curies":[{"name":"wp","href":"https:\/\/api.w.org\/{rel}","templated":true}]}}