{"id":7124,"date":"2023-06-14T00:00:54","date_gmt":"2023-06-13T22:00:54","guid":{"rendered":"https:\/\/www.vermeister.com\/sito\/produkte-fuer-handwerker\/experience\/w-cleaner\/"},"modified":"2023-11-12T15:27:27","modified_gmt":"2023-11-12T14:27:27","slug":"w-cleaner","status":"publish","type":"page","link":"https:\/\/www.vermeister.com\/de\/produkte-fuer-handwerker\/experience\/w-cleaner\/","title":{"rendered":"W-Cleaner"},"content":{"rendered":"\t\t<div data-elementor-type=\"wp-page\" data-elementor-id=\"7124\" class=\"elementor elementor-7124 elementor-2267\">\n\t\t\t\t\t\t<section class=\"elementor-section elementor-top-section elementor-element elementor-element-ed4753d elementor-section-boxed elementor-section-height-default elementor-section-height-default\" data-id=\"ed4753d\" data-element_type=\"section\" data-settings=\"{&quot;jet_parallax_layout_list&quot;:[]}\">\n\t\t\t\t\t\t<div class=\"elementor-container elementor-column-gap-default\">\n\t\t\t\t\t<div class=\"elementor-column elementor-col-50 elementor-top-column elementor-element elementor-element-06afd22\" data-id=\"06afd22\" data-element_type=\"column\">\n\t\t\t<div class=\"elementor-widget-wrap elementor-element-populated\">\n\t\t\t\t\t\t<div class=\"elementor-element elementor-element-77e6286 elementor-widget elementor-widget-heading\" data-id=\"77e6286\" data-element_type=\"widget\" data-widget_type=\"heading.default\">\n\t\t\t\t<div class=\"elementor-widget-container\">\n\t\t\t<style>\/*! elementor - v3.23.0 - 05-08-2024 *\/\n.elementor-heading-title{padding:0;margin:0;line-height:1}.elementor-widget-heading .elementor-heading-title[class*=elementor-size-]>a{color:inherit;font-size:inherit;line-height:inherit}.elementor-widget-heading .elementor-heading-title.elementor-size-small{font-size:15px}.elementor-widget-heading .elementor-heading-title.elementor-size-medium{font-size:19px}.elementor-widget-heading .elementor-heading-title.elementor-size-large{font-size:29px}.elementor-widget-heading .elementor-heading-title.elementor-size-xl{font-size:39px}.elementor-widget-heading .elementor-heading-title.elementor-size-xxl{font-size:59px}<\/style><h1 class=\"elementor-heading-title elementor-size-default\">W-Cleaner<\/h1>\t\t<\/div>\n\t\t\t\t<\/div>\n\t\t\t\t<div class=\"elementor-element elementor-element-ed67bbc elementor-widget elementor-widget-heading\" data-id=\"ed67bbc\" data-element_type=\"widget\" data-widget_type=\"heading.default\">\n\t\t\t\t<div class=\"elementor-widget-container\">\n\t\t\t<h2 class=\"elementor-heading-title elementor-size-default\">Werkzeugsreiniger<\/h2>\t\t<\/div>\n\t\t\t\t<\/div>\n\t\t\t\t<div class=\"elementor-element elementor-element-a9706c9 elementor-widget-divider--view-line elementor-widget elementor-widget-divider\" data-id=\"a9706c9\" data-element_type=\"widget\" data-widget_type=\"divider.default\">\n\t\t\t\t<div class=\"elementor-widget-container\">\n\t\t\t<style>\/*! elementor - v3.23.0 - 05-08-2024 *\/\n.elementor-widget-divider{--divider-border-style:none;--divider-border-width:1px;--divider-color:#0c0d0e;--divider-icon-size:20px;--divider-element-spacing:10px;--divider-pattern-height:24px;--divider-pattern-size:20px;--divider-pattern-url:none;--divider-pattern-repeat:repeat-x}.elementor-widget-divider .elementor-divider{display:flex}.elementor-widget-divider .elementor-divider__text{font-size:15px;line-height:1;max-width:95%}.elementor-widget-divider .elementor-divider__element{margin:0 var(--divider-element-spacing);flex-shrink:0}.elementor-widget-divider .elementor-icon{font-size:var(--divider-icon-size)}.elementor-widget-divider .elementor-divider-separator{display:flex;margin:0;direction:ltr}.elementor-widget-divider--view-line_icon .elementor-divider-separator,.elementor-widget-divider--view-line_text .elementor-divider-separator{align-items:center}.elementor-widget-divider--view-line_icon .elementor-divider-separator:after,.elementor-widget-divider--view-line_icon .elementor-divider-separator:before,.elementor-widget-divider--view-line_text .elementor-divider-separator:after,.elementor-widget-divider--view-line_text .elementor-divider-separator:before{display:block;content:\"\";border-block-end:0;flex-grow:1;border-block-start:var(--divider-border-width) var(--divider-border-style) var(--divider-color)}.elementor-widget-divider--element-align-left .elementor-divider .elementor-divider-separator>.elementor-divider__svg:first-of-type{flex-grow:0;flex-shrink:100}.elementor-widget-divider--element-align-left .elementor-divider-separator:before{content:none}.elementor-widget-divider--element-align-left .elementor-divider__element{margin-left:0}.elementor-widget-divider--element-align-right .elementor-divider .elementor-divider-separator>.elementor-divider__svg:last-of-type{flex-grow:0;flex-shrink:100}.elementor-widget-divider--element-align-right .elementor-divider-separator:after{content:none}.elementor-widget-divider--element-align-right .elementor-divider__element{margin-right:0}.elementor-widget-divider--element-align-start .elementor-divider .elementor-divider-separator>.elementor-divider__svg:first-of-type{flex-grow:0;flex-shrink:100}.elementor-widget-divider--element-align-start .elementor-divider-separator:before{content:none}.elementor-widget-divider--element-align-start .elementor-divider__element{margin-inline-start:0}.elementor-widget-divider--element-align-end .elementor-divider .elementor-divider-separator>.elementor-divider__svg:last-of-type{flex-grow:0;flex-shrink:100}.elementor-widget-divider--element-align-end .elementor-divider-separator:after{content:none}.elementor-widget-divider--element-align-end .elementor-divider__element{margin-inline-end:0}.elementor-widget-divider:not(.elementor-widget-divider--view-line_text):not(.elementor-widget-divider--view-line_icon) .elementor-divider-separator{border-block-start:var(--divider-border-width) var(--divider-border-style) var(--divider-color)}.elementor-widget-divider--separator-type-pattern{--divider-border-style:none}.elementor-widget-divider--separator-type-pattern.elementor-widget-divider--view-line .elementor-divider-separator,.elementor-widget-divider--separator-type-pattern:not(.elementor-widget-divider--view-line) .elementor-divider-separator:after,.elementor-widget-divider--separator-type-pattern:not(.elementor-widget-divider--view-line) .elementor-divider-separator:before,.elementor-widget-divider--separator-type-pattern:not([class*=elementor-widget-divider--view]) .elementor-divider-separator{width:100%;min-height:var(--divider-pattern-height);-webkit-mask-size:var(--divider-pattern-size) 100%;mask-size:var(--divider-pattern-size) 100%;-webkit-mask-repeat:var(--divider-pattern-repeat);mask-repeat:var(--divider-pattern-repeat);background-color:var(--divider-color);-webkit-mask-image:var(--divider-pattern-url);mask-image:var(--divider-pattern-url)}.elementor-widget-divider--no-spacing{--divider-pattern-size:auto}.elementor-widget-divider--bg-round{--divider-pattern-repeat:round}.rtl .elementor-widget-divider .elementor-divider__text{direction:rtl}.e-con-inner>.elementor-widget-divider,.e-con>.elementor-widget-divider{width:var(--container-widget-width,100%);--flex-grow:var(--container-widget-flex-grow)}<\/style>\t\t<div class=\"elementor-divider\">\n\t\t\t<span class=\"elementor-divider-separator\">\n\t\t\t\t\t\t<\/span>\n\t\t<\/div>\n\t\t\t\t<\/div>\n\t\t\t\t<\/div>\n\t\t\t\t\t<\/div>\n\t\t<\/div>\n\t\t\t\t<div class=\"elementor-column elementor-col-50 elementor-top-column elementor-element elementor-element-fc892a9\" data-id=\"fc892a9\" data-element_type=\"column\">\n\t\t\t<div class=\"elementor-widget-wrap elementor-element-populated\">\n\t\t\t\t\t\t<div class=\"elementor-element elementor-element-ee59728 icoCertificati elementor-widget elementor-widget-html\" data-id=\"ee59728\" data-element_type=\"widget\" data-widget_type=\"html.default\">\n\t\t\t\t<div class=\"elementor-widget-container\">\n\t\t\t<img decoding=\"async\" src=\"\/images\/pesi\/experience\/10l.webp\">\n\t\t<\/div>\n\t\t\t\t<\/div>\n\t\t\t\t\t<\/div>\n\t\t<\/div>\n\t\t\t\t\t<\/div>\n\t\t<\/section>\n\t\t\t\t<section class=\"elementor-section elementor-top-section elementor-element elementor-element-0f74cbf elementor-section-stretched elementor-section-content-top elementor-section-boxed elementor-section-height-default elementor-section-height-default\" data-id=\"0f74cbf\" data-element_type=\"section\" data-settings=\"{&quot;stretch_section&quot;:&quot;section-stretched&quot;,&quot;background_background&quot;:&quot;classic&quot;,&quot;jet_parallax_layout_list&quot;:[]}\">\n\t\t\t\t\t\t<div class=\"elementor-container elementor-column-gap-custom\">\n\t\t\t\t\t<div class=\"elementor-column elementor-col-50 elementor-top-column elementor-element elementor-element-ab2a232\" data-id=\"ab2a232\" data-element_type=\"column\">\n\t\t\t<div class=\"elementor-widget-wrap elementor-element-populated\">\n\t\t\t\t\t\t<div class=\"elementor-element elementor-element-d02528e elementor-widget elementor-widget-jet-table\" data-id=\"d02528e\" data-element_type=\"widget\" data-widget_type=\"jet-table.default\">\n\t\t\t\t<div class=\"elementor-widget-container\">\n\t\t\t<div class=\"elementor-jet-table jet-elements\">\n\t\t<div class=\"jet-table-wrapper\">\n\t\t\t<table class=\"jet-table jet-table--fa5-compat\">\n\t\t\t\t<thead class=\"jet-table__head\"><tr class=\"jet-table__head-row\"><th class=\"jet-table__cell elementor-repeater-item-da78fec jet-table__head-cell\" scope=\"col\"><div class=\"jet-table__cell-inner\"><div class=\"jet-table__cell-content\"><div class=\"jet-table__cell-text\">QUICK FACTS<\/div><\/div><\/div><\/th><\/tr><\/thead>\n\t\t\t\t\t\t\t\t<tbody class=\"jet-table__body\"><tr class=\"jet-table__body-row elementor-repeater-item-f43088c\"><td class=\"jet-table__cell elementor-repeater-item-36f4ee4 jet-table__body-cell\"><div class=\"jet-table__cell-inner\"><div class=\"jet-table__cell-content\"><div class=\"jet-table__cell-text\">Geeignet f\u00fcr die Reinigung und Aufbewahrung von Werkzeugen, die mit Produkten auf Wasserbasis verwendet werden\n<\/div><\/div><\/div><\/td><\/tr><tr class=\"jet-table__body-row elementor-repeater-item-9bb9f70\"><td class=\"jet-table__cell elementor-repeater-item-d0b2514 jet-table__body-cell\"><div class=\"jet-table__cell-inner\"><div class=\"jet-table__cell-content\"><div class=\"jet-table__cell-text\">Greift nicht die Weichheit der Pinselborsten und den Flor der Roller an, die mit Produkten auf Wasserbasis verwendet werden\n<\/div><\/div><\/div><\/td><\/tr><tr class=\"jet-table__body-row elementor-repeater-item-f184b3f\"><\/tr><\/tbody>\n\t\t\t<\/table>\n\t\t<\/div>\n\n\t\t<\/div>\t\t<\/div>\n\t\t\t\t<\/div>\n\t\t\t\t\t<\/div>\n\t\t<\/div>\n\t\t\t\t<div class=\"elementor-column elementor-col-50 elementor-top-column elementor-element elementor-element-af7b8bd\" data-id=\"af7b8bd\" data-element_type=\"column\">\n\t\t\t<div class=\"elementor-widget-wrap elementor-element-populated\">\n\t\t\t\t\t\t<div class=\"elementor-element elementor-element-7818094 elementor-widget elementor-widget-heading\" data-id=\"7818094\" data-element_type=\"widget\" data-widget_type=\"heading.default\">\n\t\t\t\t<div class=\"elementor-widget-container\">\n\t\t\t<h3 class=\"elementor-heading-title elementor-size-default\">DOWNLOAD<\/h3>\t\t<\/div>\n\t\t\t\t<\/div>\n\t\t\t\t<div class=\"jupiter-tooltip-widget elementor-element elementor-element-8e1ef6b elementor-align-left elementor-icon-list--layout-traditional elementor-list-item-link-full_width elementor-widget elementor-widget-icon-list\" data-jupiter-tooltip-settings=\"{&quot;tooltip&quot;:&quot;&quot;,&quot;tooltipDescription&quot;:&quot;&quot;,&quot;tooltipPlacement&quot;:&quot;top&quot;,&quot;tooltipArrow&quot;:true,&quot;xOffset&quot;:0,&quot;yOffset&quot;:0,&quot;tooltipAnimation&quot;:&quot;fade&quot;,&quot;tooltipTrigger&quot;:&quot;mouseenter&quot;,&quot;zIndex&quot;:999,&quot;customSelector&quot;:&quot;&quot;,&quot;delay&quot;:0}\" data-id=\"8e1ef6b\" data-element_type=\"widget\" data-widget_type=\"icon-list.default\">\n\t\t\t\t<div class=\"elementor-widget-container\">\n\t\t\t<link rel=\"stylesheet\" href=\"https:\/\/www.vermeister.com\/sito\/wp-content\/plugins\/elementor\/assets\/css\/widget-icon-list.min.css\">\t\t<ul class=\"elementor-icon-list-items\">\n\t\t\t\t\t\t\t<li class=\"elementor-icon-list-item\">\n\t\t\t\t\t\t\t\t\t\t\t<a href=\"\/doc\/schede_tecniche\/experience\/w_cleaner_de.pdf\" target=\"_blank\">\n\n\t\t\t\t\t\t\t\t\t\t\t\t<span class=\"elementor-icon-list-icon\">\n\t\t\t\t\t\t\t<i aria-hidden=\"true\" class=\"far fa-file-pdf\"><\/i>\t\t\t\t\t\t<\/span>\n\t\t\t\t\t\t\t\t\t\t<span class=\"elementor-icon-list-text\">Datenblatt<\/span>\n\t\t\t\t\t\t\t\t\t\t\t<\/a>\n\t\t\t\t\t\t\t\t\t<\/li>\n\t\t\t\t\t\t\t\t<li class=\"elementor-icon-list-item\">\n\t\t\t\t\t\t\t\t\t\t\t<a href=\"mailto:msds@vermeister.com?subject=Scheda%20sicurezza%20W-Cleaner\" target=\"_blank\">\n\n\t\t\t\t\t\t\t\t\t\t\t\t<span class=\"elementor-icon-list-icon\">\n\t\t\t\t\t\t\t<i aria-hidden=\"true\" class=\"far fa-envelope\"><\/i>\t\t\t\t\t\t<\/span>\n\t\t\t\t\t\t\t\t\t\t<span class=\"elementor-icon-list-text\">Sicherheitsdatenblatt<\/span>\n\t\t\t\t\t\t\t\t\t\t\t<\/a>\n\t\t\t\t\t\t\t\t\t<\/li>\n\t\t\t\t\t\t<\/ul>\n\t\t\t\t<\/div>\n\t\t\t\t<\/div>\n\t\t\t\t\t<\/div>\n\t\t<\/div>\n\t\t\t\t\t<\/div>\n\t\t<\/section>\n\t\t\t\t<\/div>\n\t\t","protected":false},"excerpt":{"rendered":"<p>Werkzeugsreiniger QUICK FACTS Geeignet f\u00fcr die Reinigung und Aufbewahrung von Werkzeugen, die mit Produkten auf Wasserbasis verwendet werden Greift nicht die Weichheit der Pinselborsten und den Flor der Roller an, die mit Produkten auf Wasserbasis verwendet werden DOWNLOAD &nbsp; Datenblatt Sicherheitsdatenblatt<\/p>\n","protected":false},"author":1,"featured_media":0,"parent":7070,"menu_order":0,"comment_status":"closed","ping_status":"closed","template":"","meta":{"_acf_changed":false,"footnotes":""},"class_list":["post-7124","page","type-page","status-publish","hentry"],"acf":[],"yoast_head":"<!-- This site is optimized with the Yoast SEO plugin v27.1.1 - https:\/\/yoast.com\/product\/yoast-seo-wordpress\/ -->\n<title>W-Cleaner Reinigungsl\u00f6sung f\u00fcr Werkzeuge<\/title>\n<meta name=\"description\" content=\"W-Cleaner Reinigungsl\u00f6sung f\u00fcr Werkzeuge Visualisieren!\" \/>\n<meta name=\"robots\" content=\"index, follow, max-snippet:-1, max-image-preview:large, max-video-preview:-1\" \/>\n<link rel=\"canonical\" href=\"https:\/\/www.vermeister.com\/professionisti\/experience\/w-cleaner\/\" \/>\n<meta property=\"og:locale\" content=\"de_DE\" \/>\n<meta property=\"og:type\" content=\"article\" \/>\n<meta property=\"og:title\" content=\"W-Cleaner Reinigungsl\u00f6sung f\u00fcr Werkzeuge\" \/>\n<meta property=\"og:description\" content=\"W-Cleaner Reinigungsl\u00f6sung f\u00fcr Werkzeuge Visualisieren!\" \/>\n<meta property=\"og:url\" content=\"https:\/\/www.vermeister.com\/professionisti\/experience\/w-cleaner\/\" \/>\n<meta property=\"og:site_name\" content=\"Vermeister Spa\" \/>\n<meta property=\"article:publisher\" content=\"https:\/\/www.facebook.com\/vermeister.spa\/\" \/>\n<meta property=\"article:modified_time\" content=\"2023-11-12T14:27:27+00:00\" \/>\n<meta property=\"og:image\" content=\"https:\/\/www.vermeister.com\/sito\/wp-content\/uploads\/2023\/03\/logo.png\" \/>\n\t<meta property=\"og:image:width\" content=\"400\" \/>\n\t<meta property=\"og:image:height\" content=\"107\" \/>\n\t<meta property=\"og:image:type\" content=\"image\/png\" \/>\n<meta name=\"twitter:card\" content=\"summary_large_image\" \/>\n<meta name=\"twitter:label1\" content=\"Gesch\u00e4tzte Lesezeit\" \/>\n\t<meta name=\"twitter:data1\" content=\"1\u00a0Minute\" \/>\n<script type=\"application\/ld+json\" class=\"yoast-schema-graph\">{\"@context\":\"https:\/\/schema.org\",\"@graph\":[{\"@type\":\"WebPage\",\"@id\":\"https:\/\/www.vermeister.com\/professionisti\/experience\/w-cleaner\/\",\"url\":\"https:\/\/www.vermeister.com\/professionisti\/experience\/w-cleaner\/\",\"name\":\"W-Cleaner Reinigungsl\u00f6sung f\u00fcr Werkzeuge\",\"isPartOf\":{\"@id\":\"https:\/\/www.vermeister.com\/#website\"},\"datePublished\":\"2023-06-13T22:00:54+00:00\",\"dateModified\":\"2023-11-12T14:27:27+00:00\",\"description\":\"W-Cleaner Reinigungsl\u00f6sung f\u00fcr Werkzeuge Visualisieren!\",\"breadcrumb\":{\"@id\":\"https:\/\/www.vermeister.com\/professionisti\/experience\/w-cleaner\/#breadcrumb\"},\"inLanguage\":\"de\",\"potentialAction\":[{\"@type\":\"ReadAction\",\"target\":[\"https:\/\/www.vermeister.com\/professionisti\/experience\/w-cleaner\/\"]}]},{\"@type\":\"BreadcrumbList\",\"@id\":\"https:\/\/www.vermeister.com\/professionisti\/experience\/w-cleaner\/#breadcrumb\",\"itemListElement\":[{\"@type\":\"ListItem\",\"position\":1,\"name\":\"Home\",\"item\":\"https:\/\/www.vermeister.com\/\"},{\"@type\":\"ListItem\",\"position\":2,\"name\":\"PRODUKTE F\u00dcR HANDWERKER\",\"item\":\"https:\/\/www.vermeister.com\/de\/produkte-fuer-handwerker\/\"},{\"@type\":\"ListItem\",\"position\":3,\"name\":\"Experience\",\"item\":\"https:\/\/www.vermeister.com\/professionisti\/experience\/\"},{\"@type\":\"ListItem\",\"position\":4,\"name\":\"W-Cleaner\"}]},{\"@type\":\"WebSite\",\"@id\":\"https:\/\/www.vermeister.com\/#website\",\"url\":\"https:\/\/www.vermeister.com\/\",\"name\":\"Vermeister Spa\",\"description\":\"Solutions for wood floors\",\"publisher\":{\"@id\":\"https:\/\/www.vermeister.com\/#organization\"},\"potentialAction\":[{\"@type\":\"SearchAction\",\"target\":{\"@type\":\"EntryPoint\",\"urlTemplate\":\"https:\/\/www.vermeister.com\/?s={search_term_string}\"},\"query-input\":{\"@type\":\"PropertyValueSpecification\",\"valueRequired\":true,\"valueName\":\"search_term_string\"}}],\"inLanguage\":\"de\"},{\"@type\":\"Organization\",\"@id\":\"https:\/\/www.vermeister.com\/#organization\",\"name\":\"Vermeister Spa\",\"url\":\"https:\/\/www.vermeister.com\/\",\"logo\":{\"@type\":\"ImageObject\",\"inLanguage\":\"de\",\"@id\":\"https:\/\/www.vermeister.com\/#\/schema\/logo\/image\/\",\"url\":\"https:\/\/www.vermeister.com\/sito\/wp-content\/uploads\/2023\/03\/logo.png\",\"contentUrl\":\"https:\/\/www.vermeister.com\/sito\/wp-content\/uploads\/2023\/03\/logo.png\",\"width\":400,\"height\":107,\"caption\":\"Vermeister Spa\"},\"image\":{\"@id\":\"https:\/\/www.vermeister.com\/#\/schema\/logo\/image\/\"},\"sameAs\":[\"https:\/\/www.facebook.com\/vermeister.spa\/\",\"https:\/\/www.instagram.com\/vermeisterspa\/\",\"https:\/\/www.linkedin.com\/company\/vermeister-spa\/\",\"https:\/\/www.youtube.com\/@VERMEISTERSPA\"]}]}<\/script>\n<!-- \/ Yoast SEO plugin. -->","yoast_head_json":{"title":"W-Cleaner Reinigungsl\u00f6sung f\u00fcr Werkzeuge","description":"W-Cleaner Reinigungsl\u00f6sung f\u00fcr Werkzeuge Visualisieren!","robots":{"index":"index","follow":"follow","max-snippet":"max-snippet:-1","max-image-preview":"max-image-preview:large","max-video-preview":"max-video-preview:-1"},"canonical":"https:\/\/www.vermeister.com\/professionisti\/experience\/w-cleaner\/","og_locale":"de_DE","og_type":"article","og_title":"W-Cleaner Reinigungsl\u00f6sung f\u00fcr Werkzeuge","og_description":"W-Cleaner Reinigungsl\u00f6sung f\u00fcr Werkzeuge Visualisieren!","og_url":"https:\/\/www.vermeister.com\/professionisti\/experience\/w-cleaner\/","og_site_name":"Vermeister Spa","article_publisher":"https:\/\/www.facebook.com\/vermeister.spa\/","article_modified_time":"2023-11-12T14:27:27+00:00","og_image":[{"width":400,"height":107,"url":"https:\/\/www.vermeister.com\/sito\/wp-content\/uploads\/2023\/03\/logo.png","type":"image\/png"}],"twitter_card":"summary_large_image","twitter_misc":{"Gesch\u00e4tzte Lesezeit":"1\u00a0Minute"},"schema":{"@context":"https:\/\/schema.org","@graph":[{"@type":"WebPage","@id":"https:\/\/www.vermeister.com\/professionisti\/experience\/w-cleaner\/","url":"https:\/\/www.vermeister.com\/professionisti\/experience\/w-cleaner\/","name":"W-Cleaner Reinigungsl\u00f6sung f\u00fcr Werkzeuge","isPartOf":{"@id":"https:\/\/www.vermeister.com\/#website"},"datePublished":"2023-06-13T22:00:54+00:00","dateModified":"2023-11-12T14:27:27+00:00","description":"W-Cleaner Reinigungsl\u00f6sung f\u00fcr Werkzeuge Visualisieren!","breadcrumb":{"@id":"https:\/\/www.vermeister.com\/professionisti\/experience\/w-cleaner\/#breadcrumb"},"inLanguage":"de","potentialAction":[{"@type":"ReadAction","target":["https:\/\/www.vermeister.com\/professionisti\/experience\/w-cleaner\/"]}]},{"@type":"BreadcrumbList","@id":"https:\/\/www.vermeister.com\/professionisti\/experience\/w-cleaner\/#breadcrumb","itemListElement":[{"@type":"ListItem","position":1,"name":"Home","item":"https:\/\/www.vermeister.com\/"},{"@type":"ListItem","position":2,"name":"PRODUKTE F\u00dcR HANDWERKER","item":"https:\/\/www.vermeister.com\/de\/produkte-fuer-handwerker\/"},{"@type":"ListItem","position":3,"name":"Experience","item":"https:\/\/www.vermeister.com\/professionisti\/experience\/"},{"@type":"ListItem","position":4,"name":"W-Cleaner"}]},{"@type":"WebSite","@id":"https:\/\/www.vermeister.com\/#website","url":"https:\/\/www.vermeister.com\/","name":"Vermeister Spa","description":"Solutions for wood floors","publisher":{"@id":"https:\/\/www.vermeister.com\/#organization"},"potentialAction":[{"@type":"SearchAction","target":{"@type":"EntryPoint","urlTemplate":"https:\/\/www.vermeister.com\/?s={search_term_string}"},"query-input":{"@type":"PropertyValueSpecification","valueRequired":true,"valueName":"search_term_string"}}],"inLanguage":"de"},{"@type":"Organization","@id":"https:\/\/www.vermeister.com\/#organization","name":"Vermeister Spa","url":"https:\/\/www.vermeister.com\/","logo":{"@type":"ImageObject","inLanguage":"de","@id":"https:\/\/www.vermeister.com\/#\/schema\/logo\/image\/","url":"https:\/\/www.vermeister.com\/sito\/wp-content\/uploads\/2023\/03\/logo.png","contentUrl":"https:\/\/www.vermeister.com\/sito\/wp-content\/uploads\/2023\/03\/logo.png","width":400,"height":107,"caption":"Vermeister Spa"},"image":{"@id":"https:\/\/www.vermeister.com\/#\/schema\/logo\/image\/"},"sameAs":["https:\/\/www.facebook.com\/vermeister.spa\/","https:\/\/www.instagram.com\/vermeisterspa\/","https:\/\/www.linkedin.com\/company\/vermeister-spa\/","https:\/\/www.youtube.com\/@VERMEISTERSPA"]}]}},"_links":{"self":[{"href":"https:\/\/www.vermeister.com\/de\/wp-json\/wp\/v2\/pages\/7124","targetHints":{"allow":["GET"]}}],"collection":[{"href":"https:\/\/www.vermeister.com\/de\/wp-json\/wp\/v2\/pages"}],"about":[{"href":"https:\/\/www.vermeister.com\/de\/wp-json\/wp\/v2\/types\/page"}],"author":[{"embeddable":true,"href":"https:\/\/www.vermeister.com\/de\/wp-json\/wp\/v2\/users\/1"}],"replies":[{"embeddable":true,"href":"https:\/\/www.vermeister.com\/de\/wp-json\/wp\/v2\/comments?post=7124"}],"version-history":[{"count":0,"href":"https:\/\/www.vermeister.com\/de\/wp-json\/wp\/v2\/pages\/7124\/revisions"}],"up":[{"embeddable":true,"href":"https:\/\/www.vermeister.com\/de\/wp-json\/wp\/v2\/pages\/7070"}],"wp:attachment":[{"href":"https:\/\/www.vermeister.com\/de\/wp-json\/wp\/v2\/media?parent=7124"}],"curies":[{"name":"wp","href":"https:\/\/api.w.org\/{rel}","templated":true}]}}