{"id":6873,"date":"2023-05-15T23:06:55","date_gmt":"2023-05-15T21:06:55","guid":{"rendered":"https:\/\/www.vermeister.com\/sito\/zeroil\/"},"modified":"2023-05-15T23:06:55","modified_gmt":"2023-05-15T21:06:55","slug":"zeroil","status":"publish","type":"page","link":"https:\/\/www.vermeister.com\/de\/zeroil\/","title":{"rendered":"Zeroil"},"content":{"rendered":"<h2>Zeroil &#8211; Nat\u00fcrliches \u00d6l f\u00fcr Schutz von Holzfu\u00dfb\u00f6den<\/h2>\n<p>Nat\u00fcrliches \u00d6l zur Behandlung von Holzfu\u00dfb\u00f6den bestehend aus einer Mischung von speziellen Pflanzen\u00f6len. ZEROIL wurde geschaffen, um dem Holzfu\u00dfboden W\u00e4rme und einen seidigen Charakter zu verleihen. Die spezielle Zusammensetzung von ZEROIL verst\u00e4rkt die Nat\u00fcrlichkeit des Holzes, hebt die Maserung hervor und sch\u00fctzt es vor \u00e4u\u00dferlichen Einfl\u00fcssen. Der hohe Gehalt an nat\u00fcrlichen Verbindungen (&gt;98%) und den Verzicht auf fl\u00fcchtige, organische Verbindungen (VOC), macht ZEROIL zum idealen Partner f\u00fcr Green Building.   <\/p>\n<table>\n<thead>\n<tr>\n<th colspan=\"2\" scope=\"col\">TECHNISCHE ANMERKUNGEN<\/th>\n<\/tr>\n<\/thead>\n<tbody>\n<tr>\n<td>Auftragsger\u00e4te Roller<\/td>\n<p>, <\/p>\n<td>Pinsel,<br \/>\nTextiltupfer<\/td>\n<\/tr>\n<tr>\n<td>Durchschnittlicher Verbrauch pro Anstrich (g\/m2)<\/td>\n<td>30\/50<\/td>\n<\/tr>\n<tr>\n<td>Max. Wartezeit zum Polieren (Min.)<\/td>\n<td>10\/15<\/td>\n<\/tr>\n<\/tbody>\n<\/table>\n<p><img decoding=\"async\" src=\"\/images\/certificazioni\/ico_cert_solvent-free.webp\"><br \/>\n<img decoding=\"async\" src=\"\/images\/certificazioni\/ico_cert__RENEWABLE.webp\"><br \/>\n<img decoding=\"async\" src=\"\/images\/certificazioni\/ico_cert_cobalt-and-ketoximes-free.webp\"><br \/>\n<img decoding=\"async\" src=\"\/images\/certificazioni\/ico_cert_indoor_air_emission.webp\"><\/p>\n<h3>DOWNLOAD<\/h3>\n<ul>\n<li>\n\t\t\t\t\t\t\t\t\t\t\t<a href=\"\/doc\/schede_tecniche\/zero_concept\/zeroil_it.pdf\" target=\"_blank\" rel=\"noopener\"><br \/>\n Technisches Datenblatt<br \/>\n\t\t\t\t\t\t\t\t\t\t\t<\/a>\n\t\t\t\t\t\t\t\t\t<\/li>\n<li>\n\t\t\t\t\t\t\t\t\t\t\t<a href=\"\/doc\/flyer\/zero_concept\/zeroil_it.pdf\" target=\"_blank\" rel=\"noopener\"><br \/>\n Flyer<br \/>\n\t\t\t\t\t\t\t\t\t\t\t<\/a>\n\t\t\t\t\t\t\t\t\t<\/li>\n<li>\n\t\t\t\t\t\t\t\t\t\t\t<a href=\"mailto:msds@vermeister.com?subject=Scheda%20sicurezza%20Zeroil\" target=\"_blank\" rel=\"noopener\"><br \/>\n Sicherheitsdatenblatt<br \/>\n\t\t\t\t\t\t\t\t\t\t\t<\/a>\n\t\t\t\t\t\t\t\t\t<\/li>\n<\/ul>\n","protected":false},"excerpt":{"rendered":"<p>Zeroil &#8211; Nat\u00fcrliches \u00d6l f\u00fcr Schutz von Holzfu\u00dfb\u00f6den Nat\u00fcrliches \u00d6l zur Behandlung von Holzfu\u00dfb\u00f6den bestehend aus einer Mischung von speziellen Pflanzen\u00f6len. ZEROIL wurde geschaffen, um dem Holzfu\u00dfboden W\u00e4rme und einen seidigen Charakter zu verleihen. Die spezielle Zusammensetzung von ZEROIL verst\u00e4rkt die Nat\u00fcrlichkeit des Holzes, hebt die Maserung hervor und sch\u00fctzt es vor \u00e4u\u00dferlichen Einfl\u00fcssen. Der [&hellip;]<\/p>\n","protected":false},"author":1,"featured_media":0,"parent":0,"menu_order":0,"comment_status":"closed","ping_status":"closed","template":"","meta":{"_acf_changed":false,"footnotes":""},"class_list":["post-6873","page","type-page","status-publish","hentry"],"acf":[],"yoast_head":"<!-- This site is optimized with the Yoast SEO plugin v27.1.1 - https:\/\/yoast.com\/product\/yoast-seo-wordpress\/ -->\n<title>Zeroil - Nat\u00fcrliches \u00d6l f\u00fcr Schutz von Holzfu\u00dfb\u00f6den<\/title>\n<meta name=\"description\" content=\"Zeroil, Nat\u00fcrliches \u00d6l zur Behandlung von Holzfu\u00dfb\u00f6den bestehend aus einer Mischung von speziellen Pflanzen\u00f6len.\" \/>\n<meta name=\"robots\" content=\"index, follow, max-snippet:-1, max-image-preview:large, max-video-preview:-1\" \/>\n<link rel=\"canonical\" href=\"https:\/\/www.vermeister.com\/zeroil\/\" \/>\n<meta property=\"og:locale\" content=\"de_DE\" \/>\n<meta property=\"og:type\" content=\"article\" \/>\n<meta property=\"og:title\" content=\"Zeroil - Nat\u00fcrliches \u00d6l f\u00fcr Schutz von Holzfu\u00dfb\u00f6den\" \/>\n<meta property=\"og:description\" content=\"Zeroil, Nat\u00fcrliches \u00d6l zur Behandlung von Holzfu\u00dfb\u00f6den bestehend aus einer Mischung von speziellen Pflanzen\u00f6len.\" \/>\n<meta property=\"og:url\" content=\"https:\/\/www.vermeister.com\/zeroil\/\" \/>\n<meta property=\"og:site_name\" content=\"Vermeister Spa\" \/>\n<meta property=\"article:publisher\" content=\"https:\/\/www.facebook.com\/vermeister.spa\/\" \/>\n<meta property=\"og:image\" content=\"https:\/\/www.vermeister.com\/sito\/wp-content\/uploads\/2023\/03\/logo.png\" \/>\n\t<meta property=\"og:image:width\" content=\"400\" \/>\n\t<meta property=\"og:image:height\" content=\"107\" \/>\n\t<meta property=\"og:image:type\" content=\"image\/png\" \/>\n<meta name=\"twitter:card\" content=\"summary_large_image\" \/>\n<meta name=\"twitter:label1\" content=\"Gesch\u00e4tzte Lesezeit\" \/>\n\t<meta name=\"twitter:data1\" content=\"1\u00a0Minute\" \/>\n<script type=\"application\/ld+json\" class=\"yoast-schema-graph\">{\"@context\":\"https:\/\/schema.org\",\"@graph\":[{\"@type\":\"WebPage\",\"@id\":\"https:\/\/www.vermeister.com\/zeroil\/\",\"url\":\"https:\/\/www.vermeister.com\/zeroil\/\",\"name\":\"Zeroil - Nat\u00fcrliches \u00d6l f\u00fcr Schutz von Holzfu\u00dfb\u00f6den\",\"isPartOf\":{\"@id\":\"https:\/\/www.vermeister.com\/#website\"},\"datePublished\":\"2023-05-15T21:06:55+00:00\",\"description\":\"Zeroil, Nat\u00fcrliches \u00d6l zur Behandlung von Holzfu\u00dfb\u00f6den bestehend aus einer Mischung von speziellen Pflanzen\u00f6len.\",\"breadcrumb\":{\"@id\":\"https:\/\/www.vermeister.com\/zeroil\/#breadcrumb\"},\"inLanguage\":\"de\",\"potentialAction\":[{\"@type\":\"ReadAction\",\"target\":[\"https:\/\/www.vermeister.com\/zeroil\/\"]}]},{\"@type\":\"BreadcrumbList\",\"@id\":\"https:\/\/www.vermeister.com\/zeroil\/#breadcrumb\",\"itemListElement\":[{\"@type\":\"ListItem\",\"position\":1,\"name\":\"Home\",\"item\":\"https:\/\/www.vermeister.com\/\"},{\"@type\":\"ListItem\",\"position\":2,\"name\":\"Zeroil\"}]},{\"@type\":\"WebSite\",\"@id\":\"https:\/\/www.vermeister.com\/#website\",\"url\":\"https:\/\/www.vermeister.com\/\",\"name\":\"Vermeister Spa\",\"description\":\"Solutions for wood floors\",\"publisher\":{\"@id\":\"https:\/\/www.vermeister.com\/#organization\"},\"potentialAction\":[{\"@type\":\"SearchAction\",\"target\":{\"@type\":\"EntryPoint\",\"urlTemplate\":\"https:\/\/www.vermeister.com\/?s={search_term_string}\"},\"query-input\":{\"@type\":\"PropertyValueSpecification\",\"valueRequired\":true,\"valueName\":\"search_term_string\"}}],\"inLanguage\":\"de\"},{\"@type\":\"Organization\",\"@id\":\"https:\/\/www.vermeister.com\/#organization\",\"name\":\"Vermeister Spa\",\"url\":\"https:\/\/www.vermeister.com\/\",\"logo\":{\"@type\":\"ImageObject\",\"inLanguage\":\"de\",\"@id\":\"https:\/\/www.vermeister.com\/#\/schema\/logo\/image\/\",\"url\":\"https:\/\/www.vermeister.com\/sito\/wp-content\/uploads\/2023\/03\/logo.png\",\"contentUrl\":\"https:\/\/www.vermeister.com\/sito\/wp-content\/uploads\/2023\/03\/logo.png\",\"width\":400,\"height\":107,\"caption\":\"Vermeister Spa\"},\"image\":{\"@id\":\"https:\/\/www.vermeister.com\/#\/schema\/logo\/image\/\"},\"sameAs\":[\"https:\/\/www.facebook.com\/vermeister.spa\/\",\"https:\/\/www.instagram.com\/vermeisterspa\/\",\"https:\/\/www.linkedin.com\/company\/vermeister-spa\/\",\"https:\/\/www.youtube.com\/@VERMEISTERSPA\"]}]}<\/script>\n<!-- \/ Yoast SEO plugin. -->","yoast_head_json":{"title":"Zeroil - Nat\u00fcrliches \u00d6l f\u00fcr Schutz von Holzfu\u00dfb\u00f6den","description":"Zeroil, Nat\u00fcrliches \u00d6l zur Behandlung von Holzfu\u00dfb\u00f6den bestehend aus einer Mischung von speziellen Pflanzen\u00f6len.","robots":{"index":"index","follow":"follow","max-snippet":"max-snippet:-1","max-image-preview":"max-image-preview:large","max-video-preview":"max-video-preview:-1"},"canonical":"https:\/\/www.vermeister.com\/zeroil\/","og_locale":"de_DE","og_type":"article","og_title":"Zeroil - Nat\u00fcrliches \u00d6l f\u00fcr Schutz von Holzfu\u00dfb\u00f6den","og_description":"Zeroil, Nat\u00fcrliches \u00d6l zur Behandlung von Holzfu\u00dfb\u00f6den bestehend aus einer Mischung von speziellen Pflanzen\u00f6len.","og_url":"https:\/\/www.vermeister.com\/zeroil\/","og_site_name":"Vermeister Spa","article_publisher":"https:\/\/www.facebook.com\/vermeister.spa\/","og_image":[{"width":400,"height":107,"url":"https:\/\/www.vermeister.com\/sito\/wp-content\/uploads\/2023\/03\/logo.png","type":"image\/png"}],"twitter_card":"summary_large_image","twitter_misc":{"Gesch\u00e4tzte Lesezeit":"1\u00a0Minute"},"schema":{"@context":"https:\/\/schema.org","@graph":[{"@type":"WebPage","@id":"https:\/\/www.vermeister.com\/zeroil\/","url":"https:\/\/www.vermeister.com\/zeroil\/","name":"Zeroil - Nat\u00fcrliches \u00d6l f\u00fcr Schutz von Holzfu\u00dfb\u00f6den","isPartOf":{"@id":"https:\/\/www.vermeister.com\/#website"},"datePublished":"2023-05-15T21:06:55+00:00","description":"Zeroil, Nat\u00fcrliches \u00d6l zur Behandlung von Holzfu\u00dfb\u00f6den bestehend aus einer Mischung von speziellen Pflanzen\u00f6len.","breadcrumb":{"@id":"https:\/\/www.vermeister.com\/zeroil\/#breadcrumb"},"inLanguage":"de","potentialAction":[{"@type":"ReadAction","target":["https:\/\/www.vermeister.com\/zeroil\/"]}]},{"@type":"BreadcrumbList","@id":"https:\/\/www.vermeister.com\/zeroil\/#breadcrumb","itemListElement":[{"@type":"ListItem","position":1,"name":"Home","item":"https:\/\/www.vermeister.com\/"},{"@type":"ListItem","position":2,"name":"Zeroil"}]},{"@type":"WebSite","@id":"https:\/\/www.vermeister.com\/#website","url":"https:\/\/www.vermeister.com\/","name":"Vermeister Spa","description":"Solutions for wood floors","publisher":{"@id":"https:\/\/www.vermeister.com\/#organization"},"potentialAction":[{"@type":"SearchAction","target":{"@type":"EntryPoint","urlTemplate":"https:\/\/www.vermeister.com\/?s={search_term_string}"},"query-input":{"@type":"PropertyValueSpecification","valueRequired":true,"valueName":"search_term_string"}}],"inLanguage":"de"},{"@type":"Organization","@id":"https:\/\/www.vermeister.com\/#organization","name":"Vermeister Spa","url":"https:\/\/www.vermeister.com\/","logo":{"@type":"ImageObject","inLanguage":"de","@id":"https:\/\/www.vermeister.com\/#\/schema\/logo\/image\/","url":"https:\/\/www.vermeister.com\/sito\/wp-content\/uploads\/2023\/03\/logo.png","contentUrl":"https:\/\/www.vermeister.com\/sito\/wp-content\/uploads\/2023\/03\/logo.png","width":400,"height":107,"caption":"Vermeister Spa"},"image":{"@id":"https:\/\/www.vermeister.com\/#\/schema\/logo\/image\/"},"sameAs":["https:\/\/www.facebook.com\/vermeister.spa\/","https:\/\/www.instagram.com\/vermeisterspa\/","https:\/\/www.linkedin.com\/company\/vermeister-spa\/","https:\/\/www.youtube.com\/@VERMEISTERSPA"]}]}},"_links":{"self":[{"href":"https:\/\/www.vermeister.com\/de\/wp-json\/wp\/v2\/pages\/6873","targetHints":{"allow":["GET"]}}],"collection":[{"href":"https:\/\/www.vermeister.com\/de\/wp-json\/wp\/v2\/pages"}],"about":[{"href":"https:\/\/www.vermeister.com\/de\/wp-json\/wp\/v2\/types\/page"}],"author":[{"embeddable":true,"href":"https:\/\/www.vermeister.com\/de\/wp-json\/wp\/v2\/users\/1"}],"replies":[{"embeddable":true,"href":"https:\/\/www.vermeister.com\/de\/wp-json\/wp\/v2\/comments?post=6873"}],"version-history":[{"count":0,"href":"https:\/\/www.vermeister.com\/de\/wp-json\/wp\/v2\/pages\/6873\/revisions"}],"wp:attachment":[{"href":"https:\/\/www.vermeister.com\/de\/wp-json\/wp\/v2\/media?parent=6873"}],"curies":[{"name":"wp","href":"https:\/\/api.w.org\/{rel}","templated":true}]}}